{"id":15,"date":"2024-05-17T03:40:08","date_gmt":"2024-05-17T03:40:08","guid":{"rendered":"http:\/\/14.241.231.23\/?page_id=15"},"modified":"2024-06-28T05:17:05","modified_gmt":"2024-06-28T05:17:05","slug":"lien-he","status":"publish","type":"page","link":"https:\/\/www.omniconnect.com.vn\/?page_id=15","title":{"rendered":"LI\u00caN H\u1ec6"},"content":{"rendered":"\t\t<div data-elementor-type=\"wp-page\" data-elementor-id=\"15\" class=\"elementor elementor-15\">\n\t\t\t\t<div class=\"elementor-element elementor-element-2ceede1 e-con-full e-flex wpr-particle-no wpr-jarallax-no wpr-parallax-no wpr-sticky-section-no e-con e-parent\" data-id=\"2ceede1\" data-element_type=\"container\">\n\t\t\t\t<div class=\"elementor-element elementor-element-22bcde3 elementor-widget elementor-widget-image\" data-id=\"22bcde3\" data-element_type=\"widget\" data-widget_type=\"image.default\">\n\t\t\t\t<div class=\"elementor-widget-container\">\n\t\t\t<style>\/*! elementor - v3.21.0 - 08-05-2024 *\/\n.elementor-widget-image{text-align:center}.elementor-widget-image a{display:inline-block}.elementor-widget-image a img[src$=\".svg\"]{width:48px}.elementor-widget-image img{vertical-align:middle;display:inline-block}<\/style>\t\t\t\t\t\t\t\t\t\t<img fetchpriority=\"high\" decoding=\"async\" width=\"1170\" height=\"400\" src=\"https:\/\/www.omniconnect.com.vn\/wp-content\/uploads\/2024\/05\/contact-banner.jpg\" class=\"attachment-full size-full wp-image-1224\" alt=\"\" srcset=\"https:\/\/www.omniconnect.com.vn\/wp-content\/uploads\/2024\/05\/contact-banner.jpg 1170w, https:\/\/www.omniconnect.com.vn\/wp-content\/uploads\/2024\/05\/contact-banner-600x205.jpg 600w, https:\/\/www.omniconnect.com.vn\/wp-content\/uploads\/2024\/05\/contact-banner-300x103.jpg 300w, https:\/\/www.omniconnect.com.vn\/wp-content\/uploads\/2024\/05\/contact-banner-1024x350.jpg 1024w, https:\/\/www.omniconnect.com.vn\/wp-content\/uploads\/2024\/05\/contact-banner-768x263.jpg 768w\" sizes=\"(max-width: 1170px) 100vw, 1170px\" \/>\t\t\t\t\t\t\t\t\t\t\t\t\t<\/div>\n\t\t\t\t<\/div>\n\t\t\t\t<\/div>\n\t\t<div class=\"elementor-element elementor-element-d77d24d e-con-full e-flex wpr-particle-no wpr-jarallax-no wpr-parallax-no wpr-sticky-section-no e-con e-parent\" data-id=\"d77d24d\" data-element_type=\"container\">\n\t\t\t\t<div class=\"elementor-element elementor-element-9941562 elementor-widget elementor-widget-text-editor\" data-id=\"9941562\" data-element_type=\"widget\" data-widget_type=\"text-editor.default\">\n\t\t\t\t<div class=\"elementor-widget-container\">\n\t\t\t<style>\/*! elementor - v3.21.0 - 08-05-2024 *\/\n.elementor-widget-text-editor.elementor-drop-cap-view-stacked .elementor-drop-cap{background-color:#69727d;color:#fff}.elementor-widget-text-editor.elementor-drop-cap-view-framed .elementor-drop-cap{color:#69727d;border:3px solid;background-color:transparent}.elementor-widget-text-editor:not(.elementor-drop-cap-view-default) .elementor-drop-cap{margin-top:8px}.elementor-widget-text-editor:not(.elementor-drop-cap-view-default) .elementor-drop-cap-letter{width:1em;height:1em}.elementor-widget-text-editor .elementor-drop-cap{float:left;text-align:center;line-height:1;font-size:50px}.elementor-widget-text-editor .elementor-drop-cap-letter{display:inline-block}<\/style>\t\t\t\t<h1 class=\"wp-block-heading has-text-align-center\">H\u00c3Y LI\u00caN H\u1ec6 V\u1edaI CH\u00daNG T\u00d4I<\/h1>\n<p><!-- \/wp:heading --><!-- wp:paragraph {\"align\":\"center\"} --><\/p>\n<p class=\"has-text-align-center\">G\u1eedi email v\u1ec1 cho ch\u00fang t\u00f4i \u0111\u1ec3 \u0111\u01b0\u1ee3c t\u01b0 v\u1ea5n, h\u1ed7 tr\u1ee3. Ch\u00fang t\u00f4i lu\u00f4n l\u1eafng nghe v\u00e0 ph\u1ea3n h\u1ed3i trong th\u1eddi gian s\u1edbm nh\u1ea5t.<\/p>\n<p><!-- \/wp:paragraph --><!-- wp:shortcode --><\/p>\n<p><div class=\"forminator-ui forminator-custom-form forminator-custom-form-1223 forminator-design--flat  forminator_ajax\" data-forminator-render=\"0\" data-form=\"forminator-module-1223\" data-uid=\"6a059beed6202\"><br\/><\/div><form\n\t\t\t\tid=\"forminator-module-1223\"\n\t\t\t\tclass=\"forminator-ui forminator-custom-form forminator-custom-form-1223 forminator-design--flat  forminator_ajax\"\n\t\t\t\tmethod=\"post\"\n\t\t\t\tdata-forminator-render=\"0\"\n\t\t\t\tdata-form-id=\"1223\"\n\t\t\t\t\n\t\t\t\tdata-design=\"flat\"\n\t\t\t\t\n\t\t\t\t\n\t\t\t\t\n\t\t\t\tdata-grid=\"open\"\n\t\t\t\t\n\t\t\t\t\n\t\t\t\tstyle=\"display: none;\"\n\t\t\t\t\n\t\t\t\tdata-uid=\"6a059beed6202\"\n\t\t\t><div role=\"alert\" aria-live=\"polite\" class=\"forminator-response-message forminator-error\" aria-hidden=\"true\"><\/div><div class=\"forminator-row\"><div id=\"name-1\" class=\"forminator-field-name forminator-col forminator-col-12 \"><div class=\"forminator-field\"><label for=\"forminator-field-name-1_6a059beed6202\" id=\"forminator-field-name-1_6a059beed6202-label\" class=\"forminator-label\">H\u1ecd t\u00ean <span class=\"forminator-required\">*<\/span><\/label><input type=\"text\" name=\"name-1\" value=\"\" placeholder=\"\" id=\"forminator-field-name-1_6a059beed6202\" class=\"forminator-input forminator-name--field\" aria-required=\"true\" \/><\/div><\/div><\/div><div class=\"forminator-row\"><div id=\"email-1\" class=\"forminator-field-email forminator-col forminator-col-12 \"><div class=\"forminator-field\"><label for=\"forminator-field-email-1_6a059beed6202\" id=\"forminator-field-email-1_6a059beed6202-label\" class=\"forminator-label\">Email <span class=\"forminator-required\">*<\/span><\/label><input type=\"email\" name=\"email-1\" value=\"\" placeholder=\"\" id=\"forminator-field-email-1_6a059beed6202\" class=\"forminator-input forminator-email--field\" data-required=\"true\" aria-required=\"true\" \/><\/div><\/div><\/div><div class=\"forminator-row\"><div id=\"phone-1\" class=\"forminator-field-phone forminator-col forminator-col-12 \"><div class=\"forminator-field\"><label for=\"forminator-field-phone-1_6a059beed6202\" id=\"forminator-field-phone-1_6a059beed6202-label\" class=\"forminator-label\">\u0110i\u1ec7n tho\u1ea1i<\/label><input type=\"text\" name=\"phone-1\" value=\"\" placeholder=\"\" id=\"forminator-field-phone-1_6a059beed6202\" class=\"forminator-input forminator-field--phone\" data-required=\"\" aria-required=\"false\" autocomplete=\"off\" \/><\/div><\/div><\/div><div class=\"forminator-row\"><div id=\"textarea-1\" class=\"forminator-field-textarea forminator-col forminator-col-12 \"><div class=\"forminator-field\"><label for=\"forminator-field-textarea-1_6a059beed6202\" id=\"forminator-field-textarea-1_6a059beed6202-label\" class=\"forminator-label\">Qu\u00fd kh\u00e1ch c\u1ea7n h\u1ed7 tr\u1ee3?<\/label><textarea name=\"textarea-1\" placeholder=\"\" id=\"forminator-field-textarea-1_6a059beed6202\" class=\"forminator-textarea\" rows=\"6\" style=\"min-height:140px;\" maxlength=\"180\" ><\/textarea><span id=\"forminator-field-textarea-1_6a059beed6202-description\" class=\"forminator-description\"><span data-limit=\"180\" data-type=\"characters\">0 \/ 180<\/span><\/span><\/div><\/div><\/div><input type=\"hidden\" name=\"referer_url\" value=\"\" \/><div class=\"forminator-row forminator-row-last\"><div class=\"forminator-col\"><div class=\"forminator-field\"><button class=\"forminator-button forminator-button-submit\">Send Message<\/button><\/div><\/div><\/div><input type=\"hidden\" id=\"forminator_nonce\" name=\"forminator_nonce\" value=\"b831f3e6dd\" \/><input type=\"hidden\" name=\"_wp_http_referer\" value=\"\/index.php?rest_route=%2Fwp%2Fv2%2Fpages%2F15\" \/><input type=\"hidden\" name=\"form_id\" value=\"1223\"><input type=\"hidden\" name=\"page_id\" value=\"15\"><input type=\"hidden\" name=\"form_type\" value=\"default\"><input type=\"hidden\" name=\"current_url\" value=\"https:\/\/www.omniconnect.com.vn\/?page_id=15\"><input type=\"hidden\" name=\"render_id\" value=\"0\"><input type=\"hidden\" name=\"action\" value=\"forminator_submit_form_custom-forms\"><\/form><\/p>\t\t\t\t\t\t<\/div>\n\t\t\t\t<\/div>\n\t\t\t\t<\/div>\n\t\t<div class=\"elementor-element elementor-element-372a662 e-con-full e-flex wpr-particle-no wpr-jarallax-no wpr-parallax-no wpr-sticky-section-no e-con e-parent\" data-id=\"372a662\" data-element_type=\"container\">\n\t\t\t\t<div class=\"elementor-element elementor-element-5745f24 elementor-widget elementor-widget-google_maps\" data-id=\"5745f24\" data-element_type=\"widget\" data-widget_type=\"google_maps.default\">\n\t\t\t\t<div class=\"elementor-widget-container\">\n\t\t\t<style>\/*! elementor - v3.21.0 - 08-05-2024 *\/\n.elementor-widget-google_maps .elementor-widget-container{overflow:hidden}.elementor-widget-google_maps .elementor-custom-embed{line-height:0}.elementor-widget-google_maps iframe{height:300px}<\/style>\t\t<div class=\"elementor-custom-embed\">\n\t\t\t<iframe loading=\"lazy\"\n\t\t\t\t\tsrc=\"https:\/\/maps.google.com\/maps?q=Omniconnect&#038;t=m&#038;z=16&#038;output=embed&#038;iwloc=near\"\n\t\t\t\t\ttitle=\"Omniconnect\"\n\t\t\t\t\taria-label=\"Omniconnect\"\n\t\t\t><\/iframe>\n\t\t<\/div>\n\t\t\t\t<\/div>\n\t\t\t\t<\/div>\n\t\t\t\t<\/div>\n\t\t\t\t<\/div>\n\t\t","protected":false},"excerpt":{"rendered":"<p>H\u00c3Y LI\u00caN H\u1ec6 V\u1edaI CH\u00daNG T\u00d4I G\u1eedi email v\u1ec1 cho ch\u00fang t\u00f4i \u0111\u1ec3 \u0111\u01b0\u1ee3c t\u01b0 v\u1ea5n, h\u1ed7 tr\u1ee3. Ch\u00fang t\u00f4i lu\u00f4n l\u1eafng nghe v\u00e0 ph\u1ea3n h\u1ed3i trong th\u1eddi gian s\u1edbm nh\u1ea5t.<\/p>\n","protected":false},"author":1,"featured_media":0,"parent":0,"menu_order":0,"comment_status":"closed","ping_status":"closed","template":"templates\/template-page-builders.php","meta":{"footnotes":""},"class_list":["post-15","page","type-page","status-publish","hentry"],"yoast_head":"<!-- This site is optimized with the Yoast SEO plugin v26.5 - https:\/\/yoast.com\/wordpress\/plugins\/seo\/ -->\n<title>LI\u00caN H\u1ec6 - OMNICONNECT<\/title>\n<meta name=\"robots\" content=\"index, follow, max-snippet:-1, max-image-preview:large, max-video-preview:-1\" \/>\n<link rel=\"canonical\" href=\"https:\/\/www.omniconnect.com.vn\/?page_id=15\" \/>\n<meta property=\"og:locale\" content=\"en_US\" \/>\n<meta property=\"og:type\" content=\"article\" \/>\n<meta property=\"og:title\" content=\"LI\u00caN H\u1ec6 - OMNICONNECT\" \/>\n<meta property=\"og:description\" content=\"H\u00c3Y LI\u00caN H\u1ec6 V\u1edaI CH\u00daNG T\u00d4I G\u1eedi email v\u1ec1 cho ch\u00fang t\u00f4i \u0111\u1ec3 \u0111\u01b0\u1ee3c t\u01b0 v\u1ea5n, h\u1ed7 tr\u1ee3. Ch\u00fang t\u00f4i lu\u00f4n l\u1eafng nghe v\u00e0 ph\u1ea3n h\u1ed3i trong th\u1eddi gian s\u1edbm nh\u1ea5t.\" \/>\n<meta property=\"og:url\" content=\"https:\/\/www.omniconnect.com.vn\/?page_id=15\" \/>\n<meta property=\"og:site_name\" content=\"OMNICONNECT\" \/>\n<meta property=\"article:modified_time\" content=\"2024-06-28T05:17:05+00:00\" \/>\n<meta property=\"og:image\" content=\"https:\/\/www.omniconnect.com.vn\/wp-content\/uploads\/2024\/05\/contact-banner.jpg\" \/>\n\t<meta property=\"og:image:width\" content=\"1170\" \/>\n\t<meta property=\"og:image:height\" content=\"400\" \/>\n\t<meta property=\"og:image:type\" content=\"image\/jpeg\" \/>\n<meta name=\"twitter:card\" content=\"summary_large_image\" \/>\n<script type=\"application\/ld+json\" class=\"yoast-schema-graph\">{\"@context\":\"https:\/\/schema.org\",\"@graph\":[{\"@type\":\"WebPage\",\"@id\":\"https:\/\/www.omniconnect.com.vn\/?page_id=15\",\"url\":\"https:\/\/www.omniconnect.com.vn\/?page_id=15\",\"name\":\"LI\u00caN H\u1ec6 - OMNICONNECT\",\"isPartOf\":{\"@id\":\"https:\/\/www.omniconnect.com.vn\/#website\"},\"primaryImageOfPage\":{\"@id\":\"https:\/\/www.omniconnect.com.vn\/?page_id=15#primaryimage\"},\"image\":{\"@id\":\"https:\/\/www.omniconnect.com.vn\/?page_id=15#primaryimage\"},\"thumbnailUrl\":\"https:\/\/www.omniconnect.com.vn\/wp-content\/uploads\/2024\/05\/contact-banner.jpg\",\"datePublished\":\"2024-05-17T03:40:08+00:00\",\"dateModified\":\"2024-06-28T05:17:05+00:00\",\"breadcrumb\":{\"@id\":\"https:\/\/www.omniconnect.com.vn\/?page_id=15#breadcrumb\"},\"inLanguage\":\"en-US\",\"potentialAction\":[{\"@type\":\"ReadAction\",\"target\":[\"https:\/\/www.omniconnect.com.vn\/?page_id=15\"]}]},{\"@type\":\"ImageObject\",\"inLanguage\":\"en-US\",\"@id\":\"https:\/\/www.omniconnect.com.vn\/?page_id=15#primaryimage\",\"url\":\"https:\/\/www.omniconnect.com.vn\/wp-content\/uploads\/2024\/05\/contact-banner.jpg\",\"contentUrl\":\"https:\/\/www.omniconnect.com.vn\/wp-content\/uploads\/2024\/05\/contact-banner.jpg\",\"width\":1170,\"height\":400},{\"@type\":\"BreadcrumbList\",\"@id\":\"https:\/\/www.omniconnect.com.vn\/?page_id=15#breadcrumb\",\"itemListElement\":[{\"@type\":\"ListItem\",\"position\":1,\"name\":\"Home\",\"item\":\"https:\/\/www.omniconnect.com.vn\/\"},{\"@type\":\"ListItem\",\"position\":2,\"name\":\"LI\u00caN H\u1ec6\"}]},{\"@type\":\"WebSite\",\"@id\":\"https:\/\/www.omniconnect.com.vn\/#website\",\"url\":\"https:\/\/www.omniconnect.com.vn\/\",\"name\":\"OMNICONNECT\",\"description\":\"\",\"potentialAction\":[{\"@type\":\"SearchAction\",\"target\":{\"@type\":\"EntryPoint\",\"urlTemplate\":\"https:\/\/www.omniconnect.com.vn\/?s={search_term_string}\"},\"query-input\":{\"@type\":\"PropertyValueSpecification\",\"valueRequired\":true,\"valueName\":\"search_term_string\"}}],\"inLanguage\":\"en-US\"}]}<\/script>\n<!-- \/ Yoast SEO plugin. -->","yoast_head_json":{"title":"LI\u00caN H\u1ec6 - OMNICONNECT","robots":{"index":"index","follow":"follow","max-snippet":"max-snippet:-1","max-image-preview":"max-image-preview:large","max-video-preview":"max-video-preview:-1"},"canonical":"https:\/\/www.omniconnect.com.vn\/?page_id=15","og_locale":"en_US","og_type":"article","og_title":"LI\u00caN H\u1ec6 - OMNICONNECT","og_description":"H\u00c3Y LI\u00caN H\u1ec6 V\u1edaI CH\u00daNG T\u00d4I G\u1eedi email v\u1ec1 cho ch\u00fang t\u00f4i \u0111\u1ec3 \u0111\u01b0\u1ee3c t\u01b0 v\u1ea5n, h\u1ed7 tr\u1ee3. Ch\u00fang t\u00f4i lu\u00f4n l\u1eafng nghe v\u00e0 ph\u1ea3n h\u1ed3i trong th\u1eddi gian s\u1edbm nh\u1ea5t.","og_url":"https:\/\/www.omniconnect.com.vn\/?page_id=15","og_site_name":"OMNICONNECT","article_modified_time":"2024-06-28T05:17:05+00:00","og_image":[{"width":1170,"height":400,"url":"https:\/\/www.omniconnect.com.vn\/wp-content\/uploads\/2024\/05\/contact-banner.jpg","type":"image\/jpeg"}],"twitter_card":"summary_large_image","schema":{"@context":"https:\/\/schema.org","@graph":[{"@type":"WebPage","@id":"https:\/\/www.omniconnect.com.vn\/?page_id=15","url":"https:\/\/www.omniconnect.com.vn\/?page_id=15","name":"LI\u00caN H\u1ec6 - OMNICONNECT","isPartOf":{"@id":"https:\/\/www.omniconnect.com.vn\/#website"},"primaryImageOfPage":{"@id":"https:\/\/www.omniconnect.com.vn\/?page_id=15#primaryimage"},"image":{"@id":"https:\/\/www.omniconnect.com.vn\/?page_id=15#primaryimage"},"thumbnailUrl":"https:\/\/www.omniconnect.com.vn\/wp-content\/uploads\/2024\/05\/contact-banner.jpg","datePublished":"2024-05-17T03:40:08+00:00","dateModified":"2024-06-28T05:17:05+00:00","breadcrumb":{"@id":"https:\/\/www.omniconnect.com.vn\/?page_id=15#breadcrumb"},"inLanguage":"en-US","potentialAction":[{"@type":"ReadAction","target":["https:\/\/www.omniconnect.com.vn\/?page_id=15"]}]},{"@type":"ImageObject","inLanguage":"en-US","@id":"https:\/\/www.omniconnect.com.vn\/?page_id=15#primaryimage","url":"https:\/\/www.omniconnect.com.vn\/wp-content\/uploads\/2024\/05\/contact-banner.jpg","contentUrl":"https:\/\/www.omniconnect.com.vn\/wp-content\/uploads\/2024\/05\/contact-banner.jpg","width":1170,"height":400},{"@type":"BreadcrumbList","@id":"https:\/\/www.omniconnect.com.vn\/?page_id=15#breadcrumb","itemListElement":[{"@type":"ListItem","position":1,"name":"Home","item":"https:\/\/www.omniconnect.com.vn\/"},{"@type":"ListItem","position":2,"name":"LI\u00caN H\u1ec6"}]},{"@type":"WebSite","@id":"https:\/\/www.omniconnect.com.vn\/#website","url":"https:\/\/www.omniconnect.com.vn\/","name":"OMNICONNECT","description":"","potentialAction":[{"@type":"SearchAction","target":{"@type":"EntryPoint","urlTemplate":"https:\/\/www.omniconnect.com.vn\/?s={search_term_string}"},"query-input":{"@type":"PropertyValueSpecification","valueRequired":true,"valueName":"search_term_string"}}],"inLanguage":"en-US"}]}},"_links":{"self":[{"href":"https:\/\/www.omniconnect.com.vn\/index.php?rest_route=\/wp\/v2\/pages\/15","targetHints":{"allow":["GET"]}}],"collection":[{"href":"https:\/\/www.omniconnect.com.vn\/index.php?rest_route=\/wp\/v2\/pages"}],"about":[{"href":"https:\/\/www.omniconnect.com.vn\/index.php?rest_route=\/wp\/v2\/types\/page"}],"author":[{"embeddable":true,"href":"https:\/\/www.omniconnect.com.vn\/index.php?rest_route=\/wp\/v2\/users\/1"}],"replies":[{"embeddable":true,"href":"https:\/\/www.omniconnect.com.vn\/index.php?rest_route=%2Fwp%2Fv2%2Fcomments&post=15"}],"version-history":[{"count":57,"href":"https:\/\/www.omniconnect.com.vn\/index.php?rest_route=\/wp\/v2\/pages\/15\/revisions"}],"predecessor-version":[{"id":2665,"href":"https:\/\/www.omniconnect.com.vn\/index.php?rest_route=\/wp\/v2\/pages\/15\/revisions\/2665"}],"wp:attachment":[{"href":"https:\/\/www.omniconnect.com.vn\/index.php?rest_route=%2Fwp%2Fv2%2Fmedia&parent=15"}],"curies":[{"name":"wp","href":"https:\/\/api.w.org\/{rel}","templated":true}]}}