{"id":156,"date":"2024-05-18T05:27:51","date_gmt":"2024-05-18T05:27:51","guid":{"rendered":"http:\/\/14.241.231.23\/?page_id=156"},"modified":"2024-05-27T15:19:33","modified_gmt":"2024-05-27T15:19:33","slug":"alcatel-lucent-ip-phone-8078s-bt","status":"publish","type":"page","link":"https:\/\/www.omniconnect.com.vn\/?page_id=156","title":{"rendered":"ALCATEL LUCENT IP PHONE 8078S BT"},"content":{"rendered":"\n<div style=\"height:60px\" aria-hidden=\"true\" class=\"wp-block-spacer\"><\/div>\n\n\n\n<div class=\"wp-block-media-text is-stacked-on-mobile\"><figure class=\"wp-block-media-text__media\"><img fetchpriority=\"high\" decoding=\"async\" width=\"239\" height=\"260\" src=\"http:\/\/14.241.231.23\/wp-content\/uploads\/2024\/05\/8078S.jpg\" alt=\"\" class=\"wp-image-157 size-full\"\/><\/figure><div class=\"wp-block-media-text__content\">\n<p><strong>ALCATEL LUCENT IP PHONE 8078S BT<\/strong><\/p>\n\n\n\n<p>\u2013 \u0110i\u1ec7n tho\u1ea1i IP chu\u1ea9n SIP&nbsp;th\u00edch \u1ee9ng v\u1edbi t\u1ea5t c\u1ea3 c\u00e1c lo\u1ea1i t\u1ed5ng \u0111\u00e0i<\/p>\n\n\n\n<p>\u2013 M\u00e0n h\u00ecnh m\u00e0u c\u1ea3m \u1ee9ng 5 inch<\/p>\n\n\n\n<p>\u2013 2 c\u1ed5ng Gigabit Ethernet 10\/100\/1000 \u0111\u1ec3 k\u1ebft n\u1ed1i v\u1edbi t\u1ed5ng \u0111\u00e0i v\u00e0 m\u00e1y t\u00ednh<\/p>\n\n\n\n<p>\u2013&nbsp;M\u00e0n h\u00ecnh m\u00e0u&nbsp;480 x 800 pixels,<\/p>\n\n\n\n<p><\/p>\n<\/div><\/div>\n\n\n\n\n\n<p>\u2013 \u0110i\u1ec7n tho\u1ea1i IP chu\u1ea9n SIP&nbsp;th\u00edch \u1ee9ng v\u1edbi t\u1ea5t c\u1ea3 c\u00e1c lo\u1ea1i t\u1ed5ng \u0111\u00e0i<\/p>\n\n\n\n<p>\u2013 M\u00e0n h\u00ecnh m\u00e0u c\u1ea3m \u1ee9ng 5 inch<\/p>\n\n\n\n<p>\u2013 2 c\u1ed5ng Gigabit Ethernet 10\/100\/1000 \u0111\u1ec3 k\u1ebft n\u1ed1i v\u1edbi t\u1ed5ng \u0111\u00e0i v\u1ea7 m\u00e1y t\u00ednh<\/p>\n\n\n\n<p>\u2013&nbsp;M\u00e0n h\u00ecnh m\u00e0u&nbsp;480 x 800 pixels,<\/p>\n\n\n\n<p>\u2013 Bluetooth 4.1 Smart<\/p>\n\n\n\n<p>\u2013 Ph\u00edm \u0111i\u1ec1u h\u01b0\u1edbng c\u1ea3m \u1ee9ng<\/p>\n\n\n\n<p>\u2013 C\u00e1c ph\u00edm ch\u1ee9c n\u0103ng On\/Off hook, dial pad, mute, volume, hands-free v\u1edbi hi\u1ec3n th\u1ecb \u0111\u00e8n led<\/p>\n\n\n\n<p>\u2013 H\u1ed7 tr\u1ee3 IPV4\/IPV6<\/p>\n\n\n\n<p>\u2013 Ch\u1ea5t l\u01b0\u1ee3ng \u00e2m thanh HD<\/p>\n\n\n\n<p>\u2013 K\u00edch th\u01b0\u1edbc: 252W\/200D\/204H<\/p>\n\n\n","protected":false},"excerpt":{"rendered":"<p>ALCATEL LUCENT IP PHONE 8078S BT \u2013 \u0110i\u1ec7n tho\u1ea1i IP chu\u1ea9n SIP&nbsp;th\u00edch \u1ee9ng v\u1edbi t\u1ea5t c\u1ea3 c\u00e1c lo\u1ea1i t\u1ed5ng \u0111\u00e0i \u2013 M\u00e0n h\u00ecnh m\u00e0u c\u1ea3m \u1ee9ng 5 inch \u2013 2 c\u1ed5ng Gigabit Ethernet 10\/100\/1000 \u0111\u1ec3 k\u1ebft n\u1ed1i v\u1edbi t\u1ed5ng \u0111\u00e0i v\u00e0 m\u00e1y t\u00ednh \u2013&nbsp;M\u00e0n h\u00ecnh m\u00e0u&nbsp;480 x 800 pixels,<\/p>\n","protected":false},"author":1,"featured_media":0,"parent":0,"menu_order":0,"comment_status":"closed","ping_status":"closed","template":"","meta":{"footnotes":""},"class_list":["post-156","page","type-page","status-publish","hentry"],"yoast_head":"<!-- This site is optimized with the Yoast SEO plugin v26.5 - https:\/\/yoast.com\/wordpress\/plugins\/seo\/ -->\n<title>ALCATEL LUCENT IP PHONE 8078S BT - OMNICONNECT<\/title>\n<meta name=\"robots\" content=\"index, follow, max-snippet:-1, max-image-preview:large, max-video-preview:-1\" \/>\n<link rel=\"canonical\" href=\"https:\/\/www.omniconnect.com.vn\/?page_id=156\" \/>\n<meta property=\"og:locale\" content=\"en_US\" \/>\n<meta property=\"og:type\" content=\"article\" \/>\n<meta property=\"og:title\" content=\"ALCATEL LUCENT IP PHONE 8078S BT - OMNICONNECT\" \/>\n<meta property=\"og:description\" content=\"ALCATEL LUCENT IP PHONE 8078S BT \u2013 \u0110i\u1ec7n tho\u1ea1i IP chu\u1ea9n SIP&nbsp;th\u00edch \u1ee9ng v\u1edbi t\u1ea5t c\u1ea3 c\u00e1c lo\u1ea1i t\u1ed5ng \u0111\u00e0i \u2013 M\u00e0n h\u00ecnh m\u00e0u c\u1ea3m \u1ee9ng 5 inch \u2013 2 c\u1ed5ng Gigabit Ethernet 10\/100\/1000 \u0111\u1ec3 k\u1ebft n\u1ed1i v\u1edbi t\u1ed5ng \u0111\u00e0i v\u00e0 m\u00e1y t\u00ednh \u2013&nbsp;M\u00e0n h\u00ecnh m\u00e0u&nbsp;480 x 800 pixels,\" \/>\n<meta property=\"og:url\" content=\"https:\/\/www.omniconnect.com.vn\/?page_id=156\" \/>\n<meta property=\"og:site_name\" content=\"OMNICONNECT\" \/>\n<meta property=\"article:modified_time\" content=\"2024-05-27T15:19:33+00:00\" \/>\n<meta property=\"og:image\" content=\"https:\/\/www.omniconnect.com.vn\/wp-content\/uploads\/2024\/05\/8078S.jpg\" \/>\n\t<meta property=\"og:image:width\" content=\"239\" \/>\n\t<meta property=\"og:image:height\" content=\"260\" \/>\n\t<meta property=\"og:image:type\" content=\"image\/jpeg\" \/>\n<meta name=\"twitter:card\" content=\"summary_large_image\" \/>\n<meta name=\"twitter:label1\" content=\"Est. reading time\" \/>\n\t<meta name=\"twitter:data1\" content=\"1 minute\" \/>\n<script type=\"application\/ld+json\" class=\"yoast-schema-graph\">{\"@context\":\"https:\/\/schema.org\",\"@graph\":[{\"@type\":\"WebPage\",\"@id\":\"https:\/\/www.omniconnect.com.vn\/?page_id=156\",\"url\":\"https:\/\/www.omniconnect.com.vn\/?page_id=156\",\"name\":\"ALCATEL LUCENT IP PHONE 8078S BT - OMNICONNECT\",\"isPartOf\":{\"@id\":\"https:\/\/www.omniconnect.com.vn\/#website\"},\"primaryImageOfPage\":{\"@id\":\"https:\/\/www.omniconnect.com.vn\/?page_id=156#primaryimage\"},\"image\":{\"@id\":\"https:\/\/www.omniconnect.com.vn\/?page_id=156#primaryimage\"},\"thumbnailUrl\":\"http:\/\/14.241.231.23\/wp-content\/uploads\/2024\/05\/8078S.jpg\",\"datePublished\":\"2024-05-18T05:27:51+00:00\",\"dateModified\":\"2024-05-27T15:19:33+00:00\",\"breadcrumb\":{\"@id\":\"https:\/\/www.omniconnect.com.vn\/?page_id=156#breadcrumb\"},\"inLanguage\":\"en-US\",\"potentialAction\":[{\"@type\":\"ReadAction\",\"target\":[\"https:\/\/www.omniconnect.com.vn\/?page_id=156\"]}]},{\"@type\":\"ImageObject\",\"inLanguage\":\"en-US\",\"@id\":\"https:\/\/www.omniconnect.com.vn\/?page_id=156#primaryimage\",\"url\":\"http:\/\/14.241.231.23\/wp-content\/uploads\/2024\/05\/8078S.jpg\",\"contentUrl\":\"http:\/\/14.241.231.23\/wp-content\/uploads\/2024\/05\/8078S.jpg\"},{\"@type\":\"BreadcrumbList\",\"@id\":\"https:\/\/www.omniconnect.com.vn\/?page_id=156#breadcrumb\",\"itemListElement\":[{\"@type\":\"ListItem\",\"position\":1,\"name\":\"Home\",\"item\":\"https:\/\/www.omniconnect.com.vn\/\"},{\"@type\":\"ListItem\",\"position\":2,\"name\":\"ALCATEL LUCENT IP PHONE 8078S BT\"}]},{\"@type\":\"WebSite\",\"@id\":\"https:\/\/www.omniconnect.com.vn\/#website\",\"url\":\"https:\/\/www.omniconnect.com.vn\/\",\"name\":\"OMNICONNECT\",\"description\":\"\",\"potentialAction\":[{\"@type\":\"SearchAction\",\"target\":{\"@type\":\"EntryPoint\",\"urlTemplate\":\"https:\/\/www.omniconnect.com.vn\/?s={search_term_string}\"},\"query-input\":{\"@type\":\"PropertyValueSpecification\",\"valueRequired\":true,\"valueName\":\"search_term_string\"}}],\"inLanguage\":\"en-US\"}]}<\/script>\n<!-- \/ Yoast SEO plugin. -->","yoast_head_json":{"title":"ALCATEL LUCENT IP PHONE 8078S BT - OMNICONNECT","robots":{"index":"index","follow":"follow","max-snippet":"max-snippet:-1","max-image-preview":"max-image-preview:large","max-video-preview":"max-video-preview:-1"},"canonical":"https:\/\/www.omniconnect.com.vn\/?page_id=156","og_locale":"en_US","og_type":"article","og_title":"ALCATEL LUCENT IP PHONE 8078S BT - OMNICONNECT","og_description":"ALCATEL LUCENT IP PHONE 8078S BT \u2013 \u0110i\u1ec7n tho\u1ea1i IP chu\u1ea9n SIP&nbsp;th\u00edch \u1ee9ng v\u1edbi t\u1ea5t c\u1ea3 c\u00e1c lo\u1ea1i t\u1ed5ng \u0111\u00e0i \u2013 M\u00e0n h\u00ecnh m\u00e0u c\u1ea3m \u1ee9ng 5 inch \u2013 2 c\u1ed5ng Gigabit Ethernet 10\/100\/1000 \u0111\u1ec3 k\u1ebft n\u1ed1i v\u1edbi t\u1ed5ng \u0111\u00e0i v\u00e0 m\u00e1y t\u00ednh \u2013&nbsp;M\u00e0n h\u00ecnh m\u00e0u&nbsp;480 x 800 pixels,","og_url":"https:\/\/www.omniconnect.com.vn\/?page_id=156","og_site_name":"OMNICONNECT","article_modified_time":"2024-05-27T15:19:33+00:00","og_image":[{"width":239,"height":260,"url":"https:\/\/www.omniconnect.com.vn\/wp-content\/uploads\/2024\/05\/8078S.jpg","type":"image\/jpeg"}],"twitter_card":"summary_large_image","twitter_misc":{"Est. reading time":"1 minute"},"schema":{"@context":"https:\/\/schema.org","@graph":[{"@type":"WebPage","@id":"https:\/\/www.omniconnect.com.vn\/?page_id=156","url":"https:\/\/www.omniconnect.com.vn\/?page_id=156","name":"ALCATEL LUCENT IP PHONE 8078S BT - OMNICONNECT","isPartOf":{"@id":"https:\/\/www.omniconnect.com.vn\/#website"},"primaryImageOfPage":{"@id":"https:\/\/www.omniconnect.com.vn\/?page_id=156#primaryimage"},"image":{"@id":"https:\/\/www.omniconnect.com.vn\/?page_id=156#primaryimage"},"thumbnailUrl":"http:\/\/14.241.231.23\/wp-content\/uploads\/2024\/05\/8078S.jpg","datePublished":"2024-05-18T05:27:51+00:00","dateModified":"2024-05-27T15:19:33+00:00","breadcrumb":{"@id":"https:\/\/www.omniconnect.com.vn\/?page_id=156#breadcrumb"},"inLanguage":"en-US","potentialAction":[{"@type":"ReadAction","target":["https:\/\/www.omniconnect.com.vn\/?page_id=156"]}]},{"@type":"ImageObject","inLanguage":"en-US","@id":"https:\/\/www.omniconnect.com.vn\/?page_id=156#primaryimage","url":"http:\/\/14.241.231.23\/wp-content\/uploads\/2024\/05\/8078S.jpg","contentUrl":"http:\/\/14.241.231.23\/wp-content\/uploads\/2024\/05\/8078S.jpg"},{"@type":"BreadcrumbList","@id":"https:\/\/www.omniconnect.com.vn\/?page_id=156#breadcrumb","itemListElement":[{"@type":"ListItem","position":1,"name":"Home","item":"https:\/\/www.omniconnect.com.vn\/"},{"@type":"ListItem","position":2,"name":"ALCATEL LUCENT IP PHONE 8078S BT"}]},{"@type":"WebSite","@id":"https:\/\/www.omniconnect.com.vn\/#website","url":"https:\/\/www.omniconnect.com.vn\/","name":"OMNICONNECT","description":"","potentialAction":[{"@type":"SearchAction","target":{"@type":"EntryPoint","urlTemplate":"https:\/\/www.omniconnect.com.vn\/?s={search_term_string}"},"query-input":{"@type":"PropertyValueSpecification","valueRequired":true,"valueName":"search_term_string"}}],"inLanguage":"en-US"}]}},"_links":{"self":[{"href":"https:\/\/www.omniconnect.com.vn\/index.php?rest_route=\/wp\/v2\/pages\/156","targetHints":{"allow":["GET"]}}],"collection":[{"href":"https:\/\/www.omniconnect.com.vn\/index.php?rest_route=\/wp\/v2\/pages"}],"about":[{"href":"https:\/\/www.omniconnect.com.vn\/index.php?rest_route=\/wp\/v2\/types\/page"}],"author":[{"embeddable":true,"href":"https:\/\/www.omniconnect.com.vn\/index.php?rest_route=\/wp\/v2\/users\/1"}],"replies":[{"embeddable":true,"href":"https:\/\/www.omniconnect.com.vn\/index.php?rest_route=%2Fwp%2Fv2%2Fcomments&post=156"}],"version-history":[{"count":3,"href":"https:\/\/www.omniconnect.com.vn\/index.php?rest_route=\/wp\/v2\/pages\/156\/revisions"}],"predecessor-version":[{"id":2308,"href":"https:\/\/www.omniconnect.com.vn\/index.php?rest_route=\/wp\/v2\/pages\/156\/revisions\/2308"}],"wp:attachment":[{"href":"https:\/\/www.omniconnect.com.vn\/index.php?rest_route=%2Fwp%2Fv2%2Fmedia&parent=156"}],"curies":[{"name":"wp","href":"https:\/\/api.w.org\/{rel}","templated":true}]}}