{"id":1594,"date":"2024-05-23T11:20:40","date_gmt":"2024-05-23T11:20:40","guid":{"rendered":"http:\/\/14.241.231.23\/?page_id=1594"},"modified":"2025-12-13T08:11:40","modified_gmt":"2025-12-13T08:11:40","slug":"tuyen-dung","status":"publish","type":"page","link":"https:\/\/www.omniconnect.com.vn\/?page_id=1594","title":{"rendered":"Tuy\u1ec3n d\u1ee5ng"},"content":{"rendered":"\t\t<div data-elementor-type=\"wp-page\" data-elementor-id=\"1594\" class=\"elementor elementor-1594\">\n\t\t\t\t<div class=\"elementor-element elementor-element-686457bd e-flex e-con-boxed wpr-particle-no wpr-jarallax-no wpr-parallax-no wpr-sticky-section-no e-con e-parent\" data-id=\"686457bd\" data-element_type=\"container\">\n\t\t\t\t\t<div class=\"e-con-inner\">\n\t\t\t\t<div class=\"elementor-element elementor-element-567befcc elementor-widget elementor-widget-text-editor\" data-id=\"567befcc\" data-element_type=\"widget\" data-widget_type=\"text-editor.default\">\n\t\t\t\t<div class=\"elementor-widget-container\">\n\t\t\t<style>\/*! elementor - v3.21.0 - 08-05-2024 *\/\n.elementor-widget-text-editor.elementor-drop-cap-view-stacked .elementor-drop-cap{background-color:#69727d;color:#fff}.elementor-widget-text-editor.elementor-drop-cap-view-framed .elementor-drop-cap{color:#69727d;border:3px solid;background-color:transparent}.elementor-widget-text-editor:not(.elementor-drop-cap-view-default) .elementor-drop-cap{margin-top:8px}.elementor-widget-text-editor:not(.elementor-drop-cap-view-default) .elementor-drop-cap-letter{width:1em;height:1em}.elementor-widget-text-editor .elementor-drop-cap{float:left;text-align:center;line-height:1;font-size:50px}.elementor-widget-text-editor .elementor-drop-cap-letter{display:inline-block}<\/style>\t\t\t\t<p><span style=\"color: #000000;\"><!-- wp:cover {\"url\":\"http:\/\/14.241.231.23\/wp-content\/uploads\/2024\/05\/1career-1024x512.png\",\"id\":1595,\"dimRatio\":50,\"style\":{\"color\":{}}} --><\/span><\/p>\n<div class=\"wp-block-cover\"><span style=\"color: #000000;\"><img fetchpriority=\"high\" decoding=\"async\" width=\"1024\" height=\"512\" class=\"wp-block-cover__image-background wp-image-1595\" src=\"http:\/\/14.241.231.23\/wp-content\/uploads\/2024\/05\/1career-1024x512.png\" alt=\"\" data-object-fit=\"cover\" srcset=\"https:\/\/www.omniconnect.com.vn\/wp-content\/uploads\/2024\/05\/1career-1024x512.png 1024w, https:\/\/www.omniconnect.com.vn\/wp-content\/uploads\/2024\/05\/1career-600x300.png 600w, https:\/\/www.omniconnect.com.vn\/wp-content\/uploads\/2024\/05\/1career-300x150.png 300w, https:\/\/www.omniconnect.com.vn\/wp-content\/uploads\/2024\/05\/1career-768x384.png 768w, https:\/\/www.omniconnect.com.vn\/wp-content\/uploads\/2024\/05\/1career.png 1400w\" sizes=\"(max-width: 1024px) 100vw, 1024px\" \/><\/span>\n<div class=\"wp-block-cover__inner-container\"><span style=\"color: #000000;\"><!-- wp:heading {\"textAlign\":\"center\",\"level\":1} --><\/span>\n<h1 class=\"wp-block-heading has-text-align-center\"><strong><span style=\"color: #ffffff;\">Career<\/span><\/strong><\/h1>\n<span style=\"color: #000000;\"><!-- \/wp:heading --><!-- wp:paragraph {\"align\":\"center\"} --><\/span>\n<p class=\"has-text-align-center\"><br \/><strong><span style=\"color: #ffffff;\">Build Our Future Together<\/span><\/strong><\/p>\n<span style=\"color: #000000;\"><!-- \/wp:paragraph --><\/span><\/div>\n<\/div>\n<p><span style=\"color: #000000;\"><!-- \/wp:cover --><!-- wp:heading {\"level\":3} --><\/span><\/p>\n<h3 class=\"wp-block-heading\"><span style=\"color: #000000;\"><strong>Th\u00f4ng B\u00e1o Tuy\u1ec3n D\u1ee5ng.<\/strong><\/span><\/h3>\n<p><span style=\"color: #000000;\"><!-- \/wp:heading --><!-- wp:paragraph --><\/span><\/p>\n<p><span style=\"color: #000000;\">Ch\u00e0o C\u00e1c B\u1ea1n,<\/span><\/p>\n<p><span style=\"color: #000000;\"><!-- \/wp:paragraph --><!-- wp:paragraph --><\/span><\/p>\n<p><span style=\"color: #000000;\">Nh\u1eb1m m\u1edf r\u1ed9ng kinh doanh v\u00e0 ph\u00e1t tri\u1ec3n s\u1ea3n ph\u1ea9m H\u00e3ng Alcatel Lucent Enterprise hi\u1ec7n nay ch\u00fang t\u00f4i \u0111ang tuy\u1ec3n nh\u00e2n vi\u00ean kinh doanh nh\u01b0 sau:<\/span><br \/><span style=\"color: #000000;\"><strong><em>M\u00f4 T\u1ea3 c\u00f4ng Vi\u1ec7c:<\/em><\/strong><\/span><br \/><span style=\"color: #000000;\">+ Kinh Doanh c\u00e1c thi\u1ebft b\u1ecb t\u1ed5ng \u0111\u00e0i IP PABX th\u01b0\u01a1ng hi\u1ec7u Alcatel Lucent, bao g\u1ed3m c\u1ea3 Contact Center.<\/span><br \/><span style=\"color: #000000;\">+ Kinh Doanh c\u00e1c thi\u1ebft b\u1ecb M\u1ea1ng Alcatel Lucent<\/span><br \/><span style=\"color: #000000;\">+ Kinh Doanh c\u00e1c thi\u1ebft b\u1ecb Wifi hi\u1ec7u Alcatel Lucent<\/span><br \/><span style=\"color: #000000;\">+ Ph\u00e1t Tri\u1ec3n m\u1ea1ng l\u01b0\u1edbi b\u00e1n h\u00e0ng cho c\u00e1c khu v\u1ef1c<\/span><br \/><span style=\"color: #000000;\">+ X\u00e2y d\u1ef1ng m\u1ed1i quan h\u1ec7 v\u1edbi kh\u00e1ch h\u00e0ng<\/span><br \/><span style=\"color: #000000;\">+ T\u00ecm ki\u1ebfm d\u1ef1 \u00e1n<\/span><br \/><span style=\"color: #000000;\">+ X\u00e2y d\u1ef1ng th\u00eam nhi\u1ec1u k\u00eanh b\u00e1n h\u00e0ng<\/span><\/p>\n<p><span style=\"color: #000000;\"><!-- \/wp:paragraph --><!-- wp:paragraph --><\/span><\/p>\n<p><span style=\"color: #000000;\"><strong><em>Quy\u1ec1n l\u1ee3i:<\/em><\/strong><\/span><\/p>\n<p><span style=\"color: #000000;\"><!-- \/wp:paragraph --><!-- wp:paragraph --><\/span><\/p>\n<p><span style=\"color: #000000;\">+ \u0110\u01b0\u1ee3c tham gia c\u00e1c kh\u00f3a \u0111\u00e0o t\u1ea1o trong v\u00e0 ngo\u00e0i n\u01b0\u1edbc.<\/span><br \/><span style=\"color: #000000;\">+ H\u1ed5 tr\u1ee3 t\u1eeb h\u00e3ng<\/span><br \/><span style=\"color: #000000;\">+ Tham gia c\u00e1c kho\u00e1 h\u1ecdc \u0111\u00e0o t\u1ea1o t\u1eeb h\u00e3ng.<\/span><br \/><span style=\"color: #000000;\">+ Hoa h\u1ed3ng cho t\u1eebng D\u1ef1 \u00c1n<\/span><br \/><span style=\"color: #000000;\">+ Th\u01b0\u1edfng n\u1ebfu \u0111\u1ea1t doanh s\u1ed1.<\/span><\/p>\n<p><span style=\"color: #000000;\"><!-- \/wp:paragraph --><!-- wp:paragraph --><\/span><\/p>\n<p><span style=\"color: #000000;\"><strong><em>Ngh\u0129a v\u1ee5<\/em><\/strong>:<\/span><br \/><span style=\"color: #000000;\">+ \u0110\u1ea3m b\u1ea3o doanh s\u1ed1 h\u00e0ng th\u00e1ng, h\u00e0ng qu\u00fd<\/span><br \/><span style=\"color: #000000;\">+ Ph\u00e1t tri\u1ec3n th\u00eam kh\u00e1ch h\u00e0ng<\/span><br \/><span style=\"color: #000000;\">C\u00e1c b\u1ea1n \u0111am m\u00ea kinh doanh v\u00e0 d\u1ef1 \u00e1n c\u00f3 th\u1ec3 li\u00ean l\u1ea1c v\u1edbi m\u00ecnh qua \u0111\u1ecba ch\u1ec9 sau:<\/span><br \/><span style=\"color: #000000;\">Email: <strong><a style=\"color: #000000;\" href=\"mailto:brian@omniconnect.com.vn\">brian@omniconnect.com.vn<\/a><\/strong><\/span><br \/><span style=\"color: #000000;\">S\u0110T: <strong>0963911118<\/strong><\/span><\/p>\n<p><span style=\"color: #000000;\"><!-- \/wp:paragraph --><\/span><\/p>\t\t\t\t\t\t<\/div>\n\t\t\t\t<\/div>\n\t\t\t\t\t<\/div>\n\t\t\t\t<\/div>\n\t\t\t\t<\/div>\n\t\t","protected":false},"excerpt":{"rendered":"<p>Th\u00f4ng B\u00e1o Tuy\u1ec3n D\u1ee5ng. Ch\u00e0o C\u00e1c B\u1ea1n, Nh\u1eb1m m\u1edf r\u1ed9ng kinh doanh v\u00e0 ph\u00e1t tri\u1ec3n s\u1ea3n ph\u1ea9m H\u00e3ng Alcatel Lucent Enterprise hi\u1ec7n nay ch\u00fang t\u00f4i \u0111ang tuy\u1ec3n nh\u00e2n vi\u00ean kinh doanh nh\u01b0 sau:M\u00f4 T\u1ea3 c\u00f4ng Vi\u1ec7c:+ Kinh Doanh c\u00e1c thi\u1ebft b\u1ecb t\u1ed5ng \u0111\u00e0i IP PABX th\u01b0\u01a1ng hi\u1ec7u Alcatel Lucent, bao g\u1ed3m c\u1ea3 Contact Center.+ Kinh Doanh c\u00e1c thi\u1ebft b\u1ecb M\u1ea1ng Alcatel Lucent+ Kinh Doanh c\u00e1c thi\u1ebft b\u1ecb Wifi hi\u1ec7u Alcatel Lucent+ Ph\u00e1t Tri\u1ec3n m\u1ea1ng l\u01b0\u1edbi b\u00e1n h\u00e0ng cho c\u00e1c khu v\u1ef1c+ X\u00e2y d\u1ef1ng m\u1ed1i quan h\u1ec7 v\u1edbi kh\u00e1ch h\u00e0ng+ T\u00ecm ki\u1ebfm d\u1ef1 \u00e1n+ X\u00e2y d\u1ef1ng th\u00eam nhi\u1ec1u k\u00eanh b\u00e1n h\u00e0ng Quy\u1ec1n l\u1ee3i: + \u0110\u01b0\u1ee3c tham gia c\u00e1c kh\u00f3a \u0111\u00e0o t\u1ea1o trong v\u00e0 ngo\u00e0i n\u01b0\u1edbc.+ H\u1ed5 tr\u1ee3 t\u1eeb h\u00e3ng+ Tham gia c\u00e1c kho\u00e1 h\u1ecdc \u0111\u00e0o t\u1ea1o t\u1eeb h\u00e3ng.+ Hoa h\u1ed3ng cho t\u1eebng D\u1ef1 \u00c1n+ Th\u01b0\u1edfng n\u1ebfu \u0111\u1ea1t doanh s\u1ed1. Ngh\u0129a v\u1ee5:+ \u0110\u1ea3m b\u1ea3o doanh s\u1ed1 h\u00e0ng th\u00e1ng, h\u00e0ng qu\u00fd+ Ph\u00e1t tri\u1ec3n th\u00eam kh\u00e1ch h\u00e0ngC\u00e1c b\u1ea1n \u0111am m\u00ea kinh doanh v\u00e0 d\u1ef1 \u00e1n c\u00f3 th\u1ec3 li\u00ean l\u1ea1c v\u1edbi m\u00ecnh qua \u0111\u1ecba ch\u1ec9 sau:Email: brian@omniconnect.com.vnS\u0110T: 0963911118<\/p>\n","protected":false},"author":1,"featured_media":0,"parent":0,"menu_order":0,"comment_status":"closed","ping_status":"closed","template":"templates\/template-page-builders.php","meta":{"footnotes":""},"class_list":["post-1594","page","type-page","status-publish","hentry"],"yoast_head":"<!-- This site is optimized with the Yoast SEO plugin v26.5 - https:\/\/yoast.com\/wordpress\/plugins\/seo\/ -->\n<title>Tuy\u1ec3n d\u1ee5ng - OMNICONNECT<\/title>\n<meta name=\"robots\" content=\"index, follow, max-snippet:-1, max-image-preview:large, max-video-preview:-1\" \/>\n<link rel=\"canonical\" href=\"https:\/\/www.omniconnect.com.vn\/?page_id=1594\" \/>\n<meta property=\"og:locale\" content=\"en_US\" \/>\n<meta property=\"og:type\" content=\"article\" \/>\n<meta property=\"og:title\" content=\"Tuy\u1ec3n d\u1ee5ng - OMNICONNECT\" \/>\n<meta property=\"og:description\" content=\"Th\u00f4ng B\u00e1o Tuy\u1ec3n D\u1ee5ng. Ch\u00e0o C\u00e1c B\u1ea1n, Nh\u1eb1m m\u1edf r\u1ed9ng kinh doanh v\u00e0 ph\u00e1t tri\u1ec3n s\u1ea3n ph\u1ea9m H\u00e3ng Alcatel Lucent Enterprise hi\u1ec7n nay ch\u00fang t\u00f4i \u0111ang tuy\u1ec3n nh\u00e2n vi\u00ean kinh doanh nh\u01b0 sau:M\u00f4 T\u1ea3 c\u00f4ng Vi\u1ec7c:+ Kinh Doanh c\u00e1c thi\u1ebft b\u1ecb t\u1ed5ng \u0111\u00e0i IP PABX th\u01b0\u01a1ng hi\u1ec7u Alcatel Lucent, bao g\u1ed3m c\u1ea3 Contact Center.+ Kinh Doanh c\u00e1c thi\u1ebft b\u1ecb M\u1ea1ng Alcatel Lucent+ Kinh Doanh c\u00e1c thi\u1ebft b\u1ecb Wifi hi\u1ec7u Alcatel Lucent+ Ph\u00e1t Tri\u1ec3n m\u1ea1ng l\u01b0\u1edbi b\u00e1n h\u00e0ng cho c\u00e1c khu v\u1ef1c+ X\u00e2y d\u1ef1ng m\u1ed1i quan h\u1ec7 v\u1edbi kh\u00e1ch h\u00e0ng+ T\u00ecm ki\u1ebfm d\u1ef1 \u00e1n+ X\u00e2y d\u1ef1ng th\u00eam nhi\u1ec1u k\u00eanh b\u00e1n h\u00e0ng Quy\u1ec1n l\u1ee3i: + \u0110\u01b0\u1ee3c tham gia c\u00e1c kh\u00f3a \u0111\u00e0o t\u1ea1o trong v\u00e0 ngo\u00e0i n\u01b0\u1edbc.+ H\u1ed5 tr\u1ee3 t\u1eeb h\u00e3ng+ Tham gia c\u00e1c kho\u00e1 h\u1ecdc \u0111\u00e0o t\u1ea1o t\u1eeb h\u00e3ng.+ Hoa h\u1ed3ng cho t\u1eebng D\u1ef1 \u00c1n+ Th\u01b0\u1edfng n\u1ebfu \u0111\u1ea1t doanh s\u1ed1. Ngh\u0129a v\u1ee5:+ \u0110\u1ea3m b\u1ea3o doanh s\u1ed1 h\u00e0ng th\u00e1ng, h\u00e0ng qu\u00fd+ Ph\u00e1t tri\u1ec3n th\u00eam kh\u00e1ch h\u00e0ngC\u00e1c b\u1ea1n \u0111am m\u00ea kinh doanh v\u00e0 d\u1ef1 \u00e1n c\u00f3 th\u1ec3 li\u00ean l\u1ea1c v\u1edbi m\u00ecnh qua \u0111\u1ecba ch\u1ec9 sau:Email: brian@omniconnect.com.vnS\u0110T: 0963911118\" \/>\n<meta property=\"og:url\" content=\"https:\/\/www.omniconnect.com.vn\/?page_id=1594\" \/>\n<meta property=\"og:site_name\" content=\"OMNICONNECT\" \/>\n<meta property=\"article:modified_time\" content=\"2025-12-13T08:11:40+00:00\" \/>\n<meta property=\"og:image\" content=\"http:\/\/14.241.231.23\/wp-content\/uploads\/2024\/05\/1career-1024x512.png\" \/>\n<meta name=\"twitter:card\" content=\"summary_large_image\" \/>\n<meta name=\"twitter:label1\" content=\"Est. reading time\" \/>\n\t<meta name=\"twitter:data1\" content=\"1 minute\" \/>\n<script type=\"application\/ld+json\" class=\"yoast-schema-graph\">{\"@context\":\"https:\/\/schema.org\",\"@graph\":[{\"@type\":\"WebPage\",\"@id\":\"https:\/\/www.omniconnect.com.vn\/?page_id=1594\",\"url\":\"https:\/\/www.omniconnect.com.vn\/?page_id=1594\",\"name\":\"Tuy\u1ec3n d\u1ee5ng - OMNICONNECT\",\"isPartOf\":{\"@id\":\"https:\/\/www.omniconnect.com.vn\/#website\"},\"primaryImageOfPage\":{\"@id\":\"https:\/\/www.omniconnect.com.vn\/?page_id=1594#primaryimage\"},\"image\":{\"@id\":\"https:\/\/www.omniconnect.com.vn\/?page_id=1594#primaryimage\"},\"thumbnailUrl\":\"http:\/\/14.241.231.23\/wp-content\/uploads\/2024\/05\/1career-1024x512.png\",\"datePublished\":\"2024-05-23T11:20:40+00:00\",\"dateModified\":\"2025-12-13T08:11:40+00:00\",\"breadcrumb\":{\"@id\":\"https:\/\/www.omniconnect.com.vn\/?page_id=1594#breadcrumb\"},\"inLanguage\":\"en-US\",\"potentialAction\":[{\"@type\":\"ReadAction\",\"target\":[\"https:\/\/www.omniconnect.com.vn\/?page_id=1594\"]}]},{\"@type\":\"ImageObject\",\"inLanguage\":\"en-US\",\"@id\":\"https:\/\/www.omniconnect.com.vn\/?page_id=1594#primaryimage\",\"url\":\"http:\/\/14.241.231.23\/wp-content\/uploads\/2024\/05\/1career-1024x512.png\",\"contentUrl\":\"http:\/\/14.241.231.23\/wp-content\/uploads\/2024\/05\/1career-1024x512.png\"},{\"@type\":\"BreadcrumbList\",\"@id\":\"https:\/\/www.omniconnect.com.vn\/?page_id=1594#breadcrumb\",\"itemListElement\":[{\"@type\":\"ListItem\",\"position\":1,\"name\":\"Home\",\"item\":\"https:\/\/www.omniconnect.com.vn\/\"},{\"@type\":\"ListItem\",\"position\":2,\"name\":\"Tuy\u1ec3n d\u1ee5ng\"}]},{\"@type\":\"WebSite\",\"@id\":\"https:\/\/www.omniconnect.com.vn\/#website\",\"url\":\"https:\/\/www.omniconnect.com.vn\/\",\"name\":\"OMNICONNECT\",\"description\":\"\",\"potentialAction\":[{\"@type\":\"SearchAction\",\"target\":{\"@type\":\"EntryPoint\",\"urlTemplate\":\"https:\/\/www.omniconnect.com.vn\/?s={search_term_string}\"},\"query-input\":{\"@type\":\"PropertyValueSpecification\",\"valueRequired\":true,\"valueName\":\"search_term_string\"}}],\"inLanguage\":\"en-US\"}]}<\/script>\n<!-- \/ Yoast SEO plugin. -->","yoast_head_json":{"title":"Tuy\u1ec3n d\u1ee5ng - OMNICONNECT","robots":{"index":"index","follow":"follow","max-snippet":"max-snippet:-1","max-image-preview":"max-image-preview:large","max-video-preview":"max-video-preview:-1"},"canonical":"https:\/\/www.omniconnect.com.vn\/?page_id=1594","og_locale":"en_US","og_type":"article","og_title":"Tuy\u1ec3n d\u1ee5ng - OMNICONNECT","og_description":"Th\u00f4ng B\u00e1o Tuy\u1ec3n D\u1ee5ng. Ch\u00e0o C\u00e1c B\u1ea1n, Nh\u1eb1m m\u1edf r\u1ed9ng kinh doanh v\u00e0 ph\u00e1t tri\u1ec3n s\u1ea3n ph\u1ea9m H\u00e3ng Alcatel Lucent Enterprise hi\u1ec7n nay ch\u00fang t\u00f4i \u0111ang tuy\u1ec3n nh\u00e2n vi\u00ean kinh doanh nh\u01b0 sau:M\u00f4 T\u1ea3 c\u00f4ng Vi\u1ec7c:+ Kinh Doanh c\u00e1c thi\u1ebft b\u1ecb t\u1ed5ng \u0111\u00e0i IP PABX th\u01b0\u01a1ng hi\u1ec7u Alcatel Lucent, bao g\u1ed3m c\u1ea3 Contact Center.+ Kinh Doanh c\u00e1c thi\u1ebft b\u1ecb M\u1ea1ng Alcatel Lucent+ Kinh Doanh c\u00e1c thi\u1ebft b\u1ecb Wifi hi\u1ec7u Alcatel Lucent+ Ph\u00e1t Tri\u1ec3n m\u1ea1ng l\u01b0\u1edbi b\u00e1n h\u00e0ng cho c\u00e1c khu v\u1ef1c+ X\u00e2y d\u1ef1ng m\u1ed1i quan h\u1ec7 v\u1edbi kh\u00e1ch h\u00e0ng+ T\u00ecm ki\u1ebfm d\u1ef1 \u00e1n+ X\u00e2y d\u1ef1ng th\u00eam nhi\u1ec1u k\u00eanh b\u00e1n h\u00e0ng Quy\u1ec1n l\u1ee3i: + \u0110\u01b0\u1ee3c tham gia c\u00e1c kh\u00f3a \u0111\u00e0o t\u1ea1o trong v\u00e0 ngo\u00e0i n\u01b0\u1edbc.+ H\u1ed5 tr\u1ee3 t\u1eeb h\u00e3ng+ Tham gia c\u00e1c kho\u00e1 h\u1ecdc \u0111\u00e0o t\u1ea1o t\u1eeb h\u00e3ng.+ Hoa h\u1ed3ng cho t\u1eebng D\u1ef1 \u00c1n+ Th\u01b0\u1edfng n\u1ebfu \u0111\u1ea1t doanh s\u1ed1. Ngh\u0129a v\u1ee5:+ \u0110\u1ea3m b\u1ea3o doanh s\u1ed1 h\u00e0ng th\u00e1ng, h\u00e0ng qu\u00fd+ Ph\u00e1t tri\u1ec3n th\u00eam kh\u00e1ch h\u00e0ngC\u00e1c b\u1ea1n \u0111am m\u00ea kinh doanh v\u00e0 d\u1ef1 \u00e1n c\u00f3 th\u1ec3 li\u00ean l\u1ea1c v\u1edbi m\u00ecnh qua \u0111\u1ecba ch\u1ec9 sau:Email: brian@omniconnect.com.vnS\u0110T: 0963911118","og_url":"https:\/\/www.omniconnect.com.vn\/?page_id=1594","og_site_name":"OMNICONNECT","article_modified_time":"2025-12-13T08:11:40+00:00","og_image":[{"url":"http:\/\/14.241.231.23\/wp-content\/uploads\/2024\/05\/1career-1024x512.png","type":"","width":"","height":""}],"twitter_card":"summary_large_image","twitter_misc":{"Est. reading time":"1 minute"},"schema":{"@context":"https:\/\/schema.org","@graph":[{"@type":"WebPage","@id":"https:\/\/www.omniconnect.com.vn\/?page_id=1594","url":"https:\/\/www.omniconnect.com.vn\/?page_id=1594","name":"Tuy\u1ec3n d\u1ee5ng - OMNICONNECT","isPartOf":{"@id":"https:\/\/www.omniconnect.com.vn\/#website"},"primaryImageOfPage":{"@id":"https:\/\/www.omniconnect.com.vn\/?page_id=1594#primaryimage"},"image":{"@id":"https:\/\/www.omniconnect.com.vn\/?page_id=1594#primaryimage"},"thumbnailUrl":"http:\/\/14.241.231.23\/wp-content\/uploads\/2024\/05\/1career-1024x512.png","datePublished":"2024-05-23T11:20:40+00:00","dateModified":"2025-12-13T08:11:40+00:00","breadcrumb":{"@id":"https:\/\/www.omniconnect.com.vn\/?page_id=1594#breadcrumb"},"inLanguage":"en-US","potentialAction":[{"@type":"ReadAction","target":["https:\/\/www.omniconnect.com.vn\/?page_id=1594"]}]},{"@type":"ImageObject","inLanguage":"en-US","@id":"https:\/\/www.omniconnect.com.vn\/?page_id=1594#primaryimage","url":"http:\/\/14.241.231.23\/wp-content\/uploads\/2024\/05\/1career-1024x512.png","contentUrl":"http:\/\/14.241.231.23\/wp-content\/uploads\/2024\/05\/1career-1024x512.png"},{"@type":"BreadcrumbList","@id":"https:\/\/www.omniconnect.com.vn\/?page_id=1594#breadcrumb","itemListElement":[{"@type":"ListItem","position":1,"name":"Home","item":"https:\/\/www.omniconnect.com.vn\/"},{"@type":"ListItem","position":2,"name":"Tuy\u1ec3n d\u1ee5ng"}]},{"@type":"WebSite","@id":"https:\/\/www.omniconnect.com.vn\/#website","url":"https:\/\/www.omniconnect.com.vn\/","name":"OMNICONNECT","description":"","potentialAction":[{"@type":"SearchAction","target":{"@type":"EntryPoint","urlTemplate":"https:\/\/www.omniconnect.com.vn\/?s={search_term_string}"},"query-input":{"@type":"PropertyValueSpecification","valueRequired":true,"valueName":"search_term_string"}}],"inLanguage":"en-US"}]}},"_links":{"self":[{"href":"https:\/\/www.omniconnect.com.vn\/index.php?rest_route=\/wp\/v2\/pages\/1594","targetHints":{"allow":["GET"]}}],"collection":[{"href":"https:\/\/www.omniconnect.com.vn\/index.php?rest_route=\/wp\/v2\/pages"}],"about":[{"href":"https:\/\/www.omniconnect.com.vn\/index.php?rest_route=\/wp\/v2\/types\/page"}],"author":[{"embeddable":true,"href":"https:\/\/www.omniconnect.com.vn\/index.php?rest_route=\/wp\/v2\/users\/1"}],"replies":[{"embeddable":true,"href":"https:\/\/www.omniconnect.com.vn\/index.php?rest_route=%2Fwp%2Fv2%2Fcomments&post=1594"}],"version-history":[{"count":13,"href":"https:\/\/www.omniconnect.com.vn\/index.php?rest_route=\/wp\/v2\/pages\/1594\/revisions"}],"predecessor-version":[{"id":3691,"href":"https:\/\/www.omniconnect.com.vn\/index.php?rest_route=\/wp\/v2\/pages\/1594\/revisions\/3691"}],"wp:attachment":[{"href":"https:\/\/www.omniconnect.com.vn\/index.php?rest_route=%2Fwp%2Fv2%2Fmedia&parent=1594"}],"curies":[{"name":"wp","href":"https:\/\/api.w.org\/{rel}","templated":true}]}}