{"id":1599,"date":"2024-05-23T11:36:28","date_gmt":"2024-05-23T11:36:28","guid":{"rendered":"http:\/\/14.241.231.23\/?page_id=1599"},"modified":"2024-05-23T11:38:58","modified_gmt":"2024-05-23T11:38:58","slug":"news1","status":"publish","type":"page","link":"https:\/\/www.omniconnect.com.vn\/?page_id=1599","title":{"rendered":"news1"},"content":{"rendered":"\t\t<div data-elementor-type=\"wp-page\" data-elementor-id=\"1599\" class=\"elementor elementor-1599\">\n\t\t\t\t<div class=\"elementor-element elementor-element-9c5054a e-flex e-con-boxed wpr-particle-no wpr-jarallax-no wpr-parallax-no wpr-sticky-section-no e-con e-parent\" data-id=\"9c5054a\" data-element_type=\"container\">\n\t\t\t\t\t<div class=\"e-con-inner\">\n\t\t\t\t<div class=\"elementor-element elementor-element-f01ec14 elementor-widget elementor-widget-image\" data-id=\"f01ec14\" data-element_type=\"widget\" data-widget_type=\"image.default\">\n\t\t\t\t<div class=\"elementor-widget-container\">\n\t\t\t<style>\/*! elementor - v3.21.0 - 08-05-2024 *\/\n.elementor-widget-image{text-align:center}.elementor-widget-image a{display:inline-block}.elementor-widget-image a img[src$=\".svg\"]{width:48px}.elementor-widget-image img{vertical-align:middle;display:inline-block}<\/style>\t\t\t\t\t\t\t\t\t\t<img fetchpriority=\"high\" decoding=\"async\" width=\"512\" height=\"258\" src=\"https:\/\/www.omniconnect.com.vn\/wp-content\/uploads\/2024\/05\/unnamed.png\" class=\"attachment-large size-large wp-image-1601\" alt=\"\" srcset=\"https:\/\/www.omniconnect.com.vn\/wp-content\/uploads\/2024\/05\/unnamed.png 512w, https:\/\/www.omniconnect.com.vn\/wp-content\/uploads\/2024\/05\/unnamed-300x151.png 300w\" sizes=\"(max-width: 512px) 100vw, 512px\" \/>\t\t\t\t\t\t\t\t\t\t\t\t\t<\/div>\n\t\t\t\t<\/div>\n\t\t\t\t\t<\/div>\n\t\t\t\t<\/div>\n\t\t<div class=\"elementor-element elementor-element-8fc858a e-flex e-con-boxed wpr-particle-no wpr-jarallax-no wpr-parallax-no wpr-sticky-section-no e-con e-parent\" data-id=\"8fc858a\" data-element_type=\"container\">\n\t\t\t\t\t<div class=\"e-con-inner\">\n\t\t\t\t<div class=\"elementor-element elementor-element-f364c31 elementor-widget elementor-widget-text-editor\" data-id=\"f364c31\" data-element_type=\"widget\" data-widget_type=\"text-editor.default\">\n\t\t\t\t<div class=\"elementor-widget-container\">\n\t\t\t<style>\/*! elementor - v3.21.0 - 08-05-2024 *\/\n.elementor-widget-text-editor.elementor-drop-cap-view-stacked .elementor-drop-cap{background-color:#69727d;color:#fff}.elementor-widget-text-editor.elementor-drop-cap-view-framed .elementor-drop-cap{color:#69727d;border:3px solid;background-color:transparent}.elementor-widget-text-editor:not(.elementor-drop-cap-view-default) .elementor-drop-cap{margin-top:8px}.elementor-widget-text-editor:not(.elementor-drop-cap-view-default) .elementor-drop-cap-letter{width:1em;height:1em}.elementor-widget-text-editor .elementor-drop-cap{float:left;text-align:center;line-height:1;font-size:50px}.elementor-widget-text-editor .elementor-drop-cap-letter{display:inline-block}<\/style>\t\t\t\t<header class=\"entry-header\"><h1 class=\"entry-title\">Ai \u0111\u00e3 v\u00e0 \u0111ang chi\u1ebfm \u201cb\u1eefa tr\u01b0a\u201d c\u1ee7a Cisco ? Ch\u00ednh l\u00e0 Alcatel Lucent<\/h1><\/header><div class=\"entry-footer\">\u00a0<\/div><div class=\"entry-content clearfix\"><p>H\u00f4m nay khi nghe\u00a0<a href=\"http:\/\/www.cnbc.com\/id\/101414254#_gus\" target=\"_blank\" rel=\"noopener\">Jim Cramer n\u00f3i v\u1ec1k\u1ebft qu\u1ea3 l\u1ee3i nhu\u1eadn c\u1ee7a\u00a0Cisco<\/a>\u00a0\u2013 N\u1ebfu b\u1ea1n ch\u01b0a bi\u1ebft, Cramer ch\u00ednh l\u00e0 host c\u1ee7a ch\u01b0\u01a1ng tr\u00ecnh n\u1ed5i ti\u1ebfng\u00a0CNBC\u2019s Mad Money v\u00e0 l\u00e0 ng\u01b0\u1eddi \u0111\u1ed3ng s\u00e1ng l\u1eadp ki\u00eam ch\u1ee7 t\u1ecbch h\u1ed9i \u0111\u1ed3ng qu\u1ea3n tr\u1ecb c\u1ee7a TheStreet.com,Inc. T\u00f4i r\u1ea5t vui m\u1eebng khi nghe \u00f4ng \u1ea5y \u0111\u1eb7t ni\u1ec1m tin v\u00e0 t\u00edn nhi\u1ec7m cho s\u1ef1 th\u00e0nh c\u00f4ng c\u1ee7a ch\u00fang t\u00f4i Alcatel Lucent trong n\u0103m nay, l\u1edbn h\u01a1n c\u1ea3 Cisco. Nguy\u00ean v\u0103n l\u00e0 \u201cTheir (Cisco) lunch is being eaten by Alcatel-Lucent\u201d (t\u1ea1m d\u1ecbch l\u00e0 \u201cb\u1eefa tr\u01b0a\u201d \u2013 th\u1ecb ph\u1ea7n c\u1ee7a Cisco \u0111ang b\u1ecb chi\u1ebfm b\u1edfi Alcatel Lucent). Doanh s\u1ed1 v\u00e0 bi\u00ean \u0111\u1ed9 l\u1ee3i nhu\u1eadn c\u1ee7a Cisco \u0111ang \u0111i xu\u1ed1ng, c\u1ee5 th\u1ec3 h\u01a1n v\u1edbi Switch l\u00e0 12% v\u00e0 APAC l\u00e0 5%.<\/p><p>V\u00e2ng, Alcatel Lucent \u0111ang l\u1edbn m\u1ea1nh d\u1ea7n l\u00ean, v\u00e0 ch\u00fang ta c\u00f3 th\u1ec3 theo d\u00f5i m\u1ed9t v\u00e0i s\u1ed1 li\u1ec7u c\u1ee5 th\u1ec3 \u0111\u1ec3 ch\u1ee9ng minh \u0111i\u1ec1u \u0111\u00f3. B\u00e1o c\u00e1o ALU g\u1ea7n \u0111\u00e2y cho th\u1ea5y s\u1ef1 t\u0103ng tr\u01b0\u1edfng doanh thu 9% \u1edf m\u1ea1ng Core Networking v\u00e0 m\u1ea3ng Access, ph\u1ea3n \u00e1nh \u0111\u00e1ng ch\u00fa \u00fd l\u00e0 hi\u1ec7u su\u1ea5t m\u1ea1nh m\u1ebd trong n\u1ec1n t\u1ea3ng IP, IP transport v\u00e0 Wireless.<\/p><p>Cramer c\u0169ng cho r\u1eb1ng ALU \u0111ang c\u00f3 l\u1ee3i th\u1ebf h\u01a1n \u00a0Cisco trong m\u1ea3ng trung t\u00e2m d\u1eef li\u1ec7u Data Center business. C\u00e1c nh\u00f3m doanh nghi\u1ec7p l\u00e0 m\u1ed9t ph\u1ea7n quan tr\u1ecdng, \u0111\u00f3ng g\u00f3p ph\u1ea7n l\u1edbn trong s\u1ef1 t\u0103ng tr\u01b0\u1edfng \u0111\u00f3. Ch\u1ec9 c\u1ea7n ki\u1ec3m tra chi ti\u1ebft m\u1ed9t v\u00e0i b\u00e1o c\u00e1o ch\u00ednh c\u1ee7a ALU g\u1ea7n \u0111\u00e2y.<\/p><p>\u201c<a href=\"http:\/\/enterprise.alcatel-lucent.com\/?communication=PressRelease&amp;page=Q32013_NumbersMomentum\" target=\"_blank\" rel=\"noopener\">Momentum continues in LAN, WLAN and Data Center switching markets<\/a>,\u201d d\u1ef1a tr\u00ean k\u1ebft qu\u1ea3 h\u1eb1ng n\u0103m t\u1eeb ba c\u00f4ng ty ph\u00e2n t\u00edch h\u00e0ng \u0111\u1ea7u, Alcatel-Lucent Enterprise v\u01b0\u1ee3t tr\u1ed9i so v\u1edbi \u0111\u1ed1i th\u1ee7 c\u1ea1nh tranh v\u00e0 ti\u1ebfp t\u1ee5c gi\u00e0nh \u0111\u01b0\u1ee3c th\u1ecb ph\u1ea7n trong ba qu\u00fd li\u00ean ti\u1ebfp.<\/p><p>Tr\u00ean th\u1ef1c t\u1ebf, c\u00f3 th\u1ec3 n\u00f3i ALU \u0111\u00e3 \u0111\u00e1nh b\u1ea1i Cisco tr\u00ean ch\u00ednh s\u00e2n nh\u00e0 c\u1ee7a h\u1ecd \u2013 California khi d\u00e0nh \u0111\u01b0\u1ee3c chi\u1ebfn th\u1eafng t\u1ea1i California State Univercity, ti\u1ebft ki\u1ec7m ng\u00e2n s\u00e1ch nh\u00e0 n\u01b0\u1edbc h\u01a1n $100 tri\u1ec7u USD so v\u1edbi chi ph\u00ed n\u1ebfu h\u1ecd th\u1ef1c hi\u1ec7n so v\u1edbi Cisco.<\/p><p>B\u00e2y gi\u1edd l\u00e0 th\u1eddi gian tuy\u1ec7t v\u1eddi \u0111\u1ec3 ki\u1ec3m tra l\u1ea1i xem kh\u00e1ch h\u00e0ng c\u1ee7a ch\u00fang ta \u0111\u00e3 s\u1eb5n s\u00e0ng \u0111\u1ec3 kh\u00e1m ph\u00e1 \u2013 gi\u1ea3i ph\u00e1p data center c\u1ee7a ALU c\u00f3 ph\u00f9 h\u1ee3p v\u1edbi y\u00eau c\u1ea7u c\u1ee7a kh\u00e1ch h\u00e0ng kh\u00f4ng.<\/p><p>Alcatel Lucent Enterprise l\u00e0 th\u01b0\u01a1ng hi\u1ec7u h\u00e0ng \u0111\u1ea7u th\u1ebf gi\u1edbi trong l\u0129nh v\u1ef1c vi\u1ec5n th\u00f4ng v\u00e0 gi\u1ea3i ph\u00e1p m\u1ea1ng ph\u00f9 h\u1ee3p v\u1edbi\u00a0t\u1ea5t c\u1ea3 lo\u1ea1i h\u00ecnh doanh nghi\u1ec7p.<\/p><\/div>\t\t\t\t\t\t<\/div>\n\t\t\t\t<\/div>\n\t\t\t\t\t<\/div>\n\t\t\t\t<\/div>\n\t\t\t\t<\/div>\n\t\t","protected":false},"excerpt":{"rendered":"<p>Ai \u0111\u00e3 v\u00e0 \u0111ang chi\u1ebfm \u201cb\u1eefa tr\u01b0a\u201d c\u1ee7a Cisco ? Ch\u00ednh l\u00e0 Alcatel Lucent \u00a0 H\u00f4m nay khi nghe\u00a0Jim Cramer n\u00f3i v\u1ec1k\u1ebft qu\u1ea3 l\u1ee3i nhu\u1eadn c\u1ee7a\u00a0Cisco\u00a0\u2013 N\u1ebfu b\u1ea1n ch\u01b0a bi\u1ebft, Cramer ch\u00ednh l\u00e0 host c\u1ee7a ch\u01b0\u01a1ng tr\u00ecnh n\u1ed5i ti\u1ebfng\u00a0CNBC\u2019s Mad Money v\u00e0 l\u00e0 ng\u01b0\u1eddi \u0111\u1ed3ng s\u00e1ng l\u1eadp ki\u00eam ch\u1ee7 t\u1ecbch h\u1ed9i \u0111\u1ed3ng qu\u1ea3n tr\u1ecb c\u1ee7a TheStreet.com,Inc. T\u00f4i r\u1ea5t vui m\u1eebng khi nghe \u00f4ng \u1ea5y \u0111\u1eb7t ni\u1ec1m tin v\u00e0 t\u00edn nhi\u1ec7m cho s\u1ef1 th\u00e0nh c\u00f4ng c\u1ee7a ch\u00fang t\u00f4i Alcatel Lucent trong n\u0103m nay, l\u1edbn h\u01a1n c\u1ea3 Cisco. Nguy\u00ean v\u0103n l\u00e0 \u201cTheir (Cisco) lunch is being eaten by Alcatel-Lucent\u201d (t\u1ea1m d\u1ecbch l\u00e0 \u201cb\u1eefa tr\u01b0a\u201d \u2013 th\u1ecb ph\u1ea7n c\u1ee7a Cisco \u0111ang b\u1ecb chi\u1ebfm b\u1edfi Alcatel Lucent). Doanh s\u1ed1 v\u00e0 bi\u00ean \u0111\u1ed9 l\u1ee3i nhu\u1eadn c\u1ee7a Cisco \u0111ang \u0111i xu\u1ed1ng, c\u1ee5 th\u1ec3 h\u01a1n v\u1edbi Switch l\u00e0 12% v\u00e0 APAC l\u00e0 5%. V\u00e2ng, Alcatel Lucent \u0111ang l\u1edbn m\u1ea1nh d\u1ea7n l\u00ean, v\u00e0 ch\u00fang ta c\u00f3 th\u1ec3 theo d\u00f5i m\u1ed9t v\u00e0i s\u1ed1 li\u1ec7u c\u1ee5 th\u1ec3 \u0111\u1ec3 ch\u1ee9ng minh \u0111i\u1ec1u \u0111\u00f3. B\u00e1o c\u00e1o ALU g\u1ea7n \u0111\u00e2y cho th\u1ea5y s\u1ef1 t\u0103ng tr\u01b0\u1edfng doanh thu 9% \u1edf m\u1ea1ng Core Networking v\u00e0 m\u1ea3ng Access, ph\u1ea3n \u00e1nh \u0111\u00e1ng ch\u00fa \u00fd l\u00e0 hi\u1ec7u su\u1ea5t m\u1ea1nh m\u1ebd trong n\u1ec1n t\u1ea3ng IP, IP transport v\u00e0 Wireless. Cramer c\u0169ng cho r\u1eb1ng ALU \u0111ang c\u00f3 l\u1ee3i th\u1ebf h\u01a1n \u00a0Cisco trong m\u1ea3ng trung t\u00e2m d\u1eef li\u1ec7u Data Center business. C\u00e1c nh\u00f3m doanh nghi\u1ec7p l\u00e0 m\u1ed9t ph\u1ea7n quan tr\u1ecdng, \u0111\u00f3ng g\u00f3p ph\u1ea7n l\u1edbn trong s\u1ef1 t\u0103ng tr\u01b0\u1edfng \u0111\u00f3. Ch\u1ec9 c\u1ea7n ki\u1ec3m tra chi ti\u1ebft m\u1ed9t v\u00e0i b\u00e1o c\u00e1o ch\u00ednh c\u1ee7a ALU g\u1ea7n \u0111\u00e2y. \u201cMomentum continues in LAN, WLAN and Data Center switching markets,\u201d d\u1ef1a tr\u00ean k\u1ebft qu\u1ea3 h\u1eb1ng n\u0103m t\u1eeb ba c\u00f4ng ty ph\u00e2n t\u00edch h\u00e0ng \u0111\u1ea7u, Alcatel-Lucent Enterprise v\u01b0\u1ee3t tr\u1ed9i so v\u1edbi \u0111\u1ed1i th\u1ee7 c\u1ea1nh tranh v\u00e0 ti\u1ebfp t\u1ee5c gi\u00e0nh \u0111\u01b0\u1ee3c th\u1ecb ph\u1ea7n trong ba qu\u00fd li\u00ean ti\u1ebfp. Tr\u00ean th\u1ef1c t\u1ebf, c\u00f3 th\u1ec3 n\u00f3i ALU \u0111\u00e3 \u0111\u00e1nh b\u1ea1i Cisco tr\u00ean ch\u00ednh s\u00e2n nh\u00e0 c\u1ee7a h\u1ecd \u2013 California khi d\u00e0nh \u0111\u01b0\u1ee3c chi\u1ebfn th\u1eafng t\u1ea1i California State Univercity, ti\u1ebft ki\u1ec7m ng\u00e2n s\u00e1ch nh\u00e0 n\u01b0\u1edbc h\u01a1n $100 tri\u1ec7u USD so v\u1edbi chi ph\u00ed n\u1ebfu h\u1ecd th\u1ef1c hi\u1ec7n so v\u1edbi Cisco. B\u00e2y gi\u1edd l\u00e0 th\u1eddi gian tuy\u1ec7t v\u1eddi \u0111\u1ec3 ki\u1ec3m tra l\u1ea1i xem kh\u00e1ch h\u00e0ng c\u1ee7a ch\u00fang ta \u0111\u00e3 s\u1eb5n s\u00e0ng \u0111\u1ec3 kh\u00e1m ph\u00e1 \u2013 gi\u1ea3i ph\u00e1p data center c\u1ee7a ALU c\u00f3 ph\u00f9 h\u1ee3p v\u1edbi y\u00eau c\u1ea7u c\u1ee7a kh\u00e1ch h\u00e0ng kh\u00f4ng. Alcatel Lucent Enterprise l\u00e0 th\u01b0\u01a1ng hi\u1ec7u h\u00e0ng \u0111\u1ea7u th\u1ebf gi\u1edbi trong l\u0129nh v\u1ef1c vi\u1ec5n th\u00f4ng v\u00e0 gi\u1ea3i ph\u00e1p m\u1ea1ng ph\u00f9 h\u1ee3p v\u1edbi\u00a0t\u1ea5t c\u1ea3 lo\u1ea1i h\u00ecnh doanh nghi\u1ec7p.<\/p>\n","protected":false},"author":1,"featured_media":0,"parent":0,"menu_order":0,"comment_status":"closed","ping_status":"closed","template":"templates\/template-page-builders.php","meta":{"footnotes":""},"class_list":["post-1599","page","type-page","status-publish","hentry"],"yoast_head":"<!-- This site is optimized with the Yoast SEO plugin v26.5 - https:\/\/yoast.com\/wordpress\/plugins\/seo\/ -->\n<title>news1 - OMNICONNECT<\/title>\n<meta name=\"robots\" content=\"index, follow, max-snippet:-1, max-image-preview:large, max-video-preview:-1\" \/>\n<link rel=\"canonical\" href=\"https:\/\/www.omniconnect.com.vn\/?page_id=1599\" \/>\n<meta property=\"og:locale\" content=\"en_US\" \/>\n<meta property=\"og:type\" content=\"article\" \/>\n<meta property=\"og:title\" content=\"news1 - OMNICONNECT\" \/>\n<meta property=\"og:description\" content=\"Ai \u0111\u00e3 v\u00e0 \u0111ang chi\u1ebfm \u201cb\u1eefa tr\u01b0a\u201d c\u1ee7a Cisco ? Ch\u00ednh l\u00e0 Alcatel Lucent \u00a0 H\u00f4m nay khi nghe\u00a0Jim Cramer n\u00f3i v\u1ec1k\u1ebft qu\u1ea3 l\u1ee3i nhu\u1eadn c\u1ee7a\u00a0Cisco\u00a0\u2013 N\u1ebfu b\u1ea1n ch\u01b0a bi\u1ebft, Cramer ch\u00ednh l\u00e0 host c\u1ee7a ch\u01b0\u01a1ng tr\u00ecnh n\u1ed5i ti\u1ebfng\u00a0CNBC\u2019s Mad Money v\u00e0 l\u00e0 ng\u01b0\u1eddi \u0111\u1ed3ng s\u00e1ng l\u1eadp ki\u00eam ch\u1ee7 t\u1ecbch h\u1ed9i \u0111\u1ed3ng qu\u1ea3n tr\u1ecb c\u1ee7a TheStreet.com,Inc. T\u00f4i r\u1ea5t vui m\u1eebng khi nghe \u00f4ng \u1ea5y \u0111\u1eb7t ni\u1ec1m tin v\u00e0 t\u00edn nhi\u1ec7m cho s\u1ef1 th\u00e0nh c\u00f4ng c\u1ee7a ch\u00fang t\u00f4i Alcatel Lucent trong n\u0103m nay, l\u1edbn h\u01a1n c\u1ea3 Cisco. Nguy\u00ean v\u0103n l\u00e0 \u201cTheir (Cisco) lunch is being eaten by Alcatel-Lucent\u201d (t\u1ea1m d\u1ecbch l\u00e0 \u201cb\u1eefa tr\u01b0a\u201d \u2013 th\u1ecb ph\u1ea7n c\u1ee7a Cisco \u0111ang b\u1ecb chi\u1ebfm b\u1edfi Alcatel Lucent). Doanh s\u1ed1 v\u00e0 bi\u00ean \u0111\u1ed9 l\u1ee3i nhu\u1eadn c\u1ee7a Cisco \u0111ang \u0111i xu\u1ed1ng, c\u1ee5 th\u1ec3 h\u01a1n v\u1edbi Switch l\u00e0 12% v\u00e0 APAC l\u00e0 5%. V\u00e2ng, Alcatel Lucent \u0111ang l\u1edbn m\u1ea1nh d\u1ea7n l\u00ean, v\u00e0 ch\u00fang ta c\u00f3 th\u1ec3 theo d\u00f5i m\u1ed9t v\u00e0i s\u1ed1 li\u1ec7u c\u1ee5 th\u1ec3 \u0111\u1ec3 ch\u1ee9ng minh \u0111i\u1ec1u \u0111\u00f3. B\u00e1o c\u00e1o ALU g\u1ea7n \u0111\u00e2y cho th\u1ea5y s\u1ef1 t\u0103ng tr\u01b0\u1edfng doanh thu 9% \u1edf m\u1ea1ng Core Networking v\u00e0 m\u1ea3ng Access, ph\u1ea3n \u00e1nh \u0111\u00e1ng ch\u00fa \u00fd l\u00e0 hi\u1ec7u su\u1ea5t m\u1ea1nh m\u1ebd trong n\u1ec1n t\u1ea3ng IP, IP transport v\u00e0 Wireless. Cramer c\u0169ng cho r\u1eb1ng ALU \u0111ang c\u00f3 l\u1ee3i th\u1ebf h\u01a1n \u00a0Cisco trong m\u1ea3ng trung t\u00e2m d\u1eef li\u1ec7u Data Center business. C\u00e1c nh\u00f3m doanh nghi\u1ec7p l\u00e0 m\u1ed9t ph\u1ea7n quan tr\u1ecdng, \u0111\u00f3ng g\u00f3p ph\u1ea7n l\u1edbn trong s\u1ef1 t\u0103ng tr\u01b0\u1edfng \u0111\u00f3. Ch\u1ec9 c\u1ea7n ki\u1ec3m tra chi ti\u1ebft m\u1ed9t v\u00e0i b\u00e1o c\u00e1o ch\u00ednh c\u1ee7a ALU g\u1ea7n \u0111\u00e2y. \u201cMomentum continues in LAN, WLAN and Data Center switching markets,\u201d d\u1ef1a tr\u00ean k\u1ebft qu\u1ea3 h\u1eb1ng n\u0103m t\u1eeb ba c\u00f4ng ty ph\u00e2n t\u00edch h\u00e0ng \u0111\u1ea7u, Alcatel-Lucent Enterprise v\u01b0\u1ee3t tr\u1ed9i so v\u1edbi \u0111\u1ed1i th\u1ee7 c\u1ea1nh tranh v\u00e0 ti\u1ebfp t\u1ee5c gi\u00e0nh \u0111\u01b0\u1ee3c th\u1ecb ph\u1ea7n trong ba qu\u00fd li\u00ean ti\u1ebfp. Tr\u00ean th\u1ef1c t\u1ebf, c\u00f3 th\u1ec3 n\u00f3i ALU \u0111\u00e3 \u0111\u00e1nh b\u1ea1i Cisco tr\u00ean ch\u00ednh s\u00e2n nh\u00e0 c\u1ee7a h\u1ecd \u2013 California khi d\u00e0nh \u0111\u01b0\u1ee3c chi\u1ebfn th\u1eafng t\u1ea1i California State Univercity, ti\u1ebft ki\u1ec7m ng\u00e2n s\u00e1ch nh\u00e0 n\u01b0\u1edbc h\u01a1n $100 tri\u1ec7u USD so v\u1edbi chi ph\u00ed n\u1ebfu h\u1ecd th\u1ef1c hi\u1ec7n so v\u1edbi Cisco. B\u00e2y gi\u1edd l\u00e0 th\u1eddi gian tuy\u1ec7t v\u1eddi \u0111\u1ec3 ki\u1ec3m tra l\u1ea1i xem kh\u00e1ch h\u00e0ng c\u1ee7a ch\u00fang ta \u0111\u00e3 s\u1eb5n s\u00e0ng \u0111\u1ec3 kh\u00e1m ph\u00e1 \u2013 gi\u1ea3i ph\u00e1p data center c\u1ee7a ALU c\u00f3 ph\u00f9 h\u1ee3p v\u1edbi y\u00eau c\u1ea7u c\u1ee7a kh\u00e1ch h\u00e0ng kh\u00f4ng. Alcatel Lucent Enterprise l\u00e0 th\u01b0\u01a1ng hi\u1ec7u h\u00e0ng \u0111\u1ea7u th\u1ebf gi\u1edbi trong l\u0129nh v\u1ef1c vi\u1ec5n th\u00f4ng v\u00e0 gi\u1ea3i ph\u00e1p m\u1ea1ng ph\u00f9 h\u1ee3p v\u1edbi\u00a0t\u1ea5t c\u1ea3 lo\u1ea1i h\u00ecnh doanh nghi\u1ec7p.\" \/>\n<meta property=\"og:url\" content=\"https:\/\/www.omniconnect.com.vn\/?page_id=1599\" \/>\n<meta property=\"og:site_name\" content=\"OMNICONNECT\" \/>\n<meta property=\"article:modified_time\" content=\"2024-05-23T11:38:58+00:00\" \/>\n<meta property=\"og:image\" content=\"http:\/\/14.241.231.23\/wp-content\/uploads\/2024\/05\/unnamed.png\" \/>\n<meta name=\"twitter:card\" content=\"summary_large_image\" \/>\n<meta name=\"twitter:label1\" content=\"Est. reading time\" \/>\n\t<meta name=\"twitter:data1\" content=\"3 minutes\" \/>\n<script type=\"application\/ld+json\" class=\"yoast-schema-graph\">{\"@context\":\"https:\/\/schema.org\",\"@graph\":[{\"@type\":\"WebPage\",\"@id\":\"https:\/\/www.omniconnect.com.vn\/?page_id=1599\",\"url\":\"https:\/\/www.omniconnect.com.vn\/?page_id=1599\",\"name\":\"news1 - OMNICONNECT\",\"isPartOf\":{\"@id\":\"https:\/\/www.omniconnect.com.vn\/#website\"},\"primaryImageOfPage\":{\"@id\":\"https:\/\/www.omniconnect.com.vn\/?page_id=1599#primaryimage\"},\"image\":{\"@id\":\"https:\/\/www.omniconnect.com.vn\/?page_id=1599#primaryimage\"},\"thumbnailUrl\":\"http:\/\/14.241.231.23\/wp-content\/uploads\/2024\/05\/unnamed.png\",\"datePublished\":\"2024-05-23T11:36:28+00:00\",\"dateModified\":\"2024-05-23T11:38:58+00:00\",\"breadcrumb\":{\"@id\":\"https:\/\/www.omniconnect.com.vn\/?page_id=1599#breadcrumb\"},\"inLanguage\":\"en-US\",\"potentialAction\":[{\"@type\":\"ReadAction\",\"target\":[\"https:\/\/www.omniconnect.com.vn\/?page_id=1599\"]}]},{\"@type\":\"ImageObject\",\"inLanguage\":\"en-US\",\"@id\":\"https:\/\/www.omniconnect.com.vn\/?page_id=1599#primaryimage\",\"url\":\"http:\/\/14.241.231.23\/wp-content\/uploads\/2024\/05\/unnamed.png\",\"contentUrl\":\"http:\/\/14.241.231.23\/wp-content\/uploads\/2024\/05\/unnamed.png\"},{\"@type\":\"BreadcrumbList\",\"@id\":\"https:\/\/www.omniconnect.com.vn\/?page_id=1599#breadcrumb\",\"itemListElement\":[{\"@type\":\"ListItem\",\"position\":1,\"name\":\"Home\",\"item\":\"https:\/\/www.omniconnect.com.vn\/\"},{\"@type\":\"ListItem\",\"position\":2,\"name\":\"news1\"}]},{\"@type\":\"WebSite\",\"@id\":\"https:\/\/www.omniconnect.com.vn\/#website\",\"url\":\"https:\/\/www.omniconnect.com.vn\/\",\"name\":\"OMNICONNECT\",\"description\":\"\",\"potentialAction\":[{\"@type\":\"SearchAction\",\"target\":{\"@type\":\"EntryPoint\",\"urlTemplate\":\"https:\/\/www.omniconnect.com.vn\/?s={search_term_string}\"},\"query-input\":{\"@type\":\"PropertyValueSpecification\",\"valueRequired\":true,\"valueName\":\"search_term_string\"}}],\"inLanguage\":\"en-US\"}]}<\/script>\n<!-- \/ Yoast SEO plugin. -->","yoast_head_json":{"title":"news1 - OMNICONNECT","robots":{"index":"index","follow":"follow","max-snippet":"max-snippet:-1","max-image-preview":"max-image-preview:large","max-video-preview":"max-video-preview:-1"},"canonical":"https:\/\/www.omniconnect.com.vn\/?page_id=1599","og_locale":"en_US","og_type":"article","og_title":"news1 - OMNICONNECT","og_description":"Ai \u0111\u00e3 v\u00e0 \u0111ang chi\u1ebfm \u201cb\u1eefa tr\u01b0a\u201d c\u1ee7a Cisco ? Ch\u00ednh l\u00e0 Alcatel Lucent \u00a0 H\u00f4m nay khi nghe\u00a0Jim Cramer n\u00f3i v\u1ec1k\u1ebft qu\u1ea3 l\u1ee3i nhu\u1eadn c\u1ee7a\u00a0Cisco\u00a0\u2013 N\u1ebfu b\u1ea1n ch\u01b0a bi\u1ebft, Cramer ch\u00ednh l\u00e0 host c\u1ee7a ch\u01b0\u01a1ng tr\u00ecnh n\u1ed5i ti\u1ebfng\u00a0CNBC\u2019s Mad Money v\u00e0 l\u00e0 ng\u01b0\u1eddi \u0111\u1ed3ng s\u00e1ng l\u1eadp ki\u00eam ch\u1ee7 t\u1ecbch h\u1ed9i \u0111\u1ed3ng qu\u1ea3n tr\u1ecb c\u1ee7a TheStreet.com,Inc. T\u00f4i r\u1ea5t vui m\u1eebng khi nghe \u00f4ng \u1ea5y \u0111\u1eb7t ni\u1ec1m tin v\u00e0 t\u00edn nhi\u1ec7m cho s\u1ef1 th\u00e0nh c\u00f4ng c\u1ee7a ch\u00fang t\u00f4i Alcatel Lucent trong n\u0103m nay, l\u1edbn h\u01a1n c\u1ea3 Cisco. Nguy\u00ean v\u0103n l\u00e0 \u201cTheir (Cisco) lunch is being eaten by Alcatel-Lucent\u201d (t\u1ea1m d\u1ecbch l\u00e0 \u201cb\u1eefa tr\u01b0a\u201d \u2013 th\u1ecb ph\u1ea7n c\u1ee7a Cisco \u0111ang b\u1ecb chi\u1ebfm b\u1edfi Alcatel Lucent). Doanh s\u1ed1 v\u00e0 bi\u00ean \u0111\u1ed9 l\u1ee3i nhu\u1eadn c\u1ee7a Cisco \u0111ang \u0111i xu\u1ed1ng, c\u1ee5 th\u1ec3 h\u01a1n v\u1edbi Switch l\u00e0 12% v\u00e0 APAC l\u00e0 5%. V\u00e2ng, Alcatel Lucent \u0111ang l\u1edbn m\u1ea1nh d\u1ea7n l\u00ean, v\u00e0 ch\u00fang ta c\u00f3 th\u1ec3 theo d\u00f5i m\u1ed9t v\u00e0i s\u1ed1 li\u1ec7u c\u1ee5 th\u1ec3 \u0111\u1ec3 ch\u1ee9ng minh \u0111i\u1ec1u \u0111\u00f3. B\u00e1o c\u00e1o ALU g\u1ea7n \u0111\u00e2y cho th\u1ea5y s\u1ef1 t\u0103ng tr\u01b0\u1edfng doanh thu 9% \u1edf m\u1ea1ng Core Networking v\u00e0 m\u1ea3ng Access, ph\u1ea3n \u00e1nh \u0111\u00e1ng ch\u00fa \u00fd l\u00e0 hi\u1ec7u su\u1ea5t m\u1ea1nh m\u1ebd trong n\u1ec1n t\u1ea3ng IP, IP transport v\u00e0 Wireless. Cramer c\u0169ng cho r\u1eb1ng ALU \u0111ang c\u00f3 l\u1ee3i th\u1ebf h\u01a1n \u00a0Cisco trong m\u1ea3ng trung t\u00e2m d\u1eef li\u1ec7u Data Center business. C\u00e1c nh\u00f3m doanh nghi\u1ec7p l\u00e0 m\u1ed9t ph\u1ea7n quan tr\u1ecdng, \u0111\u00f3ng g\u00f3p ph\u1ea7n l\u1edbn trong s\u1ef1 t\u0103ng tr\u01b0\u1edfng \u0111\u00f3. Ch\u1ec9 c\u1ea7n ki\u1ec3m tra chi ti\u1ebft m\u1ed9t v\u00e0i b\u00e1o c\u00e1o ch\u00ednh c\u1ee7a ALU g\u1ea7n \u0111\u00e2y. \u201cMomentum continues in LAN, WLAN and Data Center switching markets,\u201d d\u1ef1a tr\u00ean k\u1ebft qu\u1ea3 h\u1eb1ng n\u0103m t\u1eeb ba c\u00f4ng ty ph\u00e2n t\u00edch h\u00e0ng \u0111\u1ea7u, Alcatel-Lucent Enterprise v\u01b0\u1ee3t tr\u1ed9i so v\u1edbi \u0111\u1ed1i th\u1ee7 c\u1ea1nh tranh v\u00e0 ti\u1ebfp t\u1ee5c gi\u00e0nh \u0111\u01b0\u1ee3c th\u1ecb ph\u1ea7n trong ba qu\u00fd li\u00ean ti\u1ebfp. Tr\u00ean th\u1ef1c t\u1ebf, c\u00f3 th\u1ec3 n\u00f3i ALU \u0111\u00e3 \u0111\u00e1nh b\u1ea1i Cisco tr\u00ean ch\u00ednh s\u00e2n nh\u00e0 c\u1ee7a h\u1ecd \u2013 California khi d\u00e0nh \u0111\u01b0\u1ee3c chi\u1ebfn th\u1eafng t\u1ea1i California State Univercity, ti\u1ebft ki\u1ec7m ng\u00e2n s\u00e1ch nh\u00e0 n\u01b0\u1edbc h\u01a1n $100 tri\u1ec7u USD so v\u1edbi chi ph\u00ed n\u1ebfu h\u1ecd th\u1ef1c hi\u1ec7n so v\u1edbi Cisco. B\u00e2y gi\u1edd l\u00e0 th\u1eddi gian tuy\u1ec7t v\u1eddi \u0111\u1ec3 ki\u1ec3m tra l\u1ea1i xem kh\u00e1ch h\u00e0ng c\u1ee7a ch\u00fang ta \u0111\u00e3 s\u1eb5n s\u00e0ng \u0111\u1ec3 kh\u00e1m ph\u00e1 \u2013 gi\u1ea3i ph\u00e1p data center c\u1ee7a ALU c\u00f3 ph\u00f9 h\u1ee3p v\u1edbi y\u00eau c\u1ea7u c\u1ee7a kh\u00e1ch h\u00e0ng kh\u00f4ng. Alcatel Lucent Enterprise l\u00e0 th\u01b0\u01a1ng hi\u1ec7u h\u00e0ng \u0111\u1ea7u th\u1ebf gi\u1edbi trong l\u0129nh v\u1ef1c vi\u1ec5n th\u00f4ng v\u00e0 gi\u1ea3i ph\u00e1p m\u1ea1ng ph\u00f9 h\u1ee3p v\u1edbi\u00a0t\u1ea5t c\u1ea3 lo\u1ea1i h\u00ecnh doanh nghi\u1ec7p.","og_url":"https:\/\/www.omniconnect.com.vn\/?page_id=1599","og_site_name":"OMNICONNECT","article_modified_time":"2024-05-23T11:38:58+00:00","og_image":[{"url":"http:\/\/14.241.231.23\/wp-content\/uploads\/2024\/05\/unnamed.png","type":"","width":"","height":""}],"twitter_card":"summary_large_image","twitter_misc":{"Est. reading time":"3 minutes"},"schema":{"@context":"https:\/\/schema.org","@graph":[{"@type":"WebPage","@id":"https:\/\/www.omniconnect.com.vn\/?page_id=1599","url":"https:\/\/www.omniconnect.com.vn\/?page_id=1599","name":"news1 - OMNICONNECT","isPartOf":{"@id":"https:\/\/www.omniconnect.com.vn\/#website"},"primaryImageOfPage":{"@id":"https:\/\/www.omniconnect.com.vn\/?page_id=1599#primaryimage"},"image":{"@id":"https:\/\/www.omniconnect.com.vn\/?page_id=1599#primaryimage"},"thumbnailUrl":"http:\/\/14.241.231.23\/wp-content\/uploads\/2024\/05\/unnamed.png","datePublished":"2024-05-23T11:36:28+00:00","dateModified":"2024-05-23T11:38:58+00:00","breadcrumb":{"@id":"https:\/\/www.omniconnect.com.vn\/?page_id=1599#breadcrumb"},"inLanguage":"en-US","potentialAction":[{"@type":"ReadAction","target":["https:\/\/www.omniconnect.com.vn\/?page_id=1599"]}]},{"@type":"ImageObject","inLanguage":"en-US","@id":"https:\/\/www.omniconnect.com.vn\/?page_id=1599#primaryimage","url":"http:\/\/14.241.231.23\/wp-content\/uploads\/2024\/05\/unnamed.png","contentUrl":"http:\/\/14.241.231.23\/wp-content\/uploads\/2024\/05\/unnamed.png"},{"@type":"BreadcrumbList","@id":"https:\/\/www.omniconnect.com.vn\/?page_id=1599#breadcrumb","itemListElement":[{"@type":"ListItem","position":1,"name":"Home","item":"https:\/\/www.omniconnect.com.vn\/"},{"@type":"ListItem","position":2,"name":"news1"}]},{"@type":"WebSite","@id":"https:\/\/www.omniconnect.com.vn\/#website","url":"https:\/\/www.omniconnect.com.vn\/","name":"OMNICONNECT","description":"","potentialAction":[{"@type":"SearchAction","target":{"@type":"EntryPoint","urlTemplate":"https:\/\/www.omniconnect.com.vn\/?s={search_term_string}"},"query-input":{"@type":"PropertyValueSpecification","valueRequired":true,"valueName":"search_term_string"}}],"inLanguage":"en-US"}]}},"_links":{"self":[{"href":"https:\/\/www.omniconnect.com.vn\/index.php?rest_route=\/wp\/v2\/pages\/1599","targetHints":{"allow":["GET"]}}],"collection":[{"href":"https:\/\/www.omniconnect.com.vn\/index.php?rest_route=\/wp\/v2\/pages"}],"about":[{"href":"https:\/\/www.omniconnect.com.vn\/index.php?rest_route=\/wp\/v2\/types\/page"}],"author":[{"embeddable":true,"href":"https:\/\/www.omniconnect.com.vn\/index.php?rest_route=\/wp\/v2\/users\/1"}],"replies":[{"embeddable":true,"href":"https:\/\/www.omniconnect.com.vn\/index.php?rest_route=%2Fwp%2Fv2%2Fcomments&post=1599"}],"version-history":[{"count":4,"href":"https:\/\/www.omniconnect.com.vn\/index.php?rest_route=\/wp\/v2\/pages\/1599\/revisions"}],"predecessor-version":[{"id":1604,"href":"https:\/\/www.omniconnect.com.vn\/index.php?rest_route=\/wp\/v2\/pages\/1599\/revisions\/1604"}],"wp:attachment":[{"href":"https:\/\/www.omniconnect.com.vn\/index.php?rest_route=%2Fwp%2Fv2%2Fmedia&parent=1599"}],"curies":[{"name":"wp","href":"https:\/\/api.w.org\/{rel}","templated":true}]}}