{"id":1613,"date":"2024-05-23T12:42:24","date_gmt":"2024-05-23T12:42:24","guid":{"rendered":"http:\/\/14.241.231.23\/?page_id=1613"},"modified":"2024-05-23T12:49:29","modified_gmt":"2024-05-23T12:49:29","slug":"news2","status":"publish","type":"page","link":"https:\/\/www.omniconnect.com.vn\/?page_id=1613","title":{"rendered":"news2"},"content":{"rendered":"\t\t<div data-elementor-type=\"wp-page\" data-elementor-id=\"1613\" class=\"elementor elementor-1613\">\n\t\t\t\t<div class=\"elementor-element elementor-element-2d6c8e0 e-flex e-con-boxed wpr-particle-no wpr-jarallax-no wpr-parallax-no wpr-sticky-section-no e-con e-parent\" data-id=\"2d6c8e0\" data-element_type=\"container\">\n\t\t\t\t\t<div class=\"e-con-inner\">\n\t\t\t\t<div class=\"elementor-element elementor-element-b1dc359 elementor-widget elementor-widget-text-editor\" data-id=\"b1dc359\" data-element_type=\"widget\" data-widget_type=\"text-editor.default\">\n\t\t\t\t<div class=\"elementor-widget-container\">\n\t\t\t<style>\/*! elementor - v3.21.0 - 08-05-2024 *\/\n.elementor-widget-text-editor.elementor-drop-cap-view-stacked .elementor-drop-cap{background-color:#69727d;color:#fff}.elementor-widget-text-editor.elementor-drop-cap-view-framed .elementor-drop-cap{color:#69727d;border:3px solid;background-color:transparent}.elementor-widget-text-editor:not(.elementor-drop-cap-view-default) .elementor-drop-cap{margin-top:8px}.elementor-widget-text-editor:not(.elementor-drop-cap-view-default) .elementor-drop-cap-letter{width:1em;height:1em}.elementor-widget-text-editor .elementor-drop-cap{float:left;text-align:center;line-height:1;font-size:50px}.elementor-widget-text-editor .elementor-drop-cap-letter{display:inline-block}<\/style>\t\t\t\t<h1 class=\"wp-block-heading\">B\u00e1n h\u00e0ng ch\u01b0a bao gi\u1edd \u0111\u01a1n gi\u1ea3n \u0111\u1ebfn th\u1ebf b\u1eb1ng tr\u00ecnh duy\u1ec7t WEB<\/h1>\n<p><!-- \/wp:heading --><!-- wp:paragraph --><\/p>\n<p>Alcatel Lucent v\u1eeba cho ra m\u1eaft website :\u00a0http:\/\/www.smbsalesassistant.com\/ \u0111\u1ec3 t\u1ed1i \u01b0u h\u00f3a kh\u1ea3 n\u0103ng b\u00e1n h\u00e0ng.<del><\/del><\/p>\n<p><!-- \/wp:paragraph --><!-- wp:paragraph --><\/p>\n<p>B\u1eb1ng vi\u1ec7c t\u1ea1o m\u1ed9t t\u00e0i kho\u1ea3n ho\u00e0n to\u00e0n mi\u1ec5n ph\u00ed v\u00e0 nhanh ch\u00f3ng, b\u1ea1n c\u00f3 th\u1ec3 t\u1ef1 ho\u00e0n th\u00e0nh b\u00e1o gi\u00e1 v\u00e0 \u0111\u01a1n h\u00e0ng c\u1ee7a m\u00ecnh m\u1ed9t c\u00e1ch ho\u00e0n ch\u1ec9nh.<\/p>\n<p><!-- \/wp:paragraph --><!-- wp:paragraph --><\/p>\n<p>Bao g\u1ed3m nhi\u1ec1u ng\u00f4n ng\u1eef ph\u1ed5 bi\u1ebfn, \u00a0website s\u1ebd d\u1ef1a v\u00e0o m\u1ee5c \u0111\u00edch, lo\u1ea1i h\u00ecnh doanh nghi\u1ec7p c\u1ee7a kh\u00e1ch h\u00e0ng\u00a0\u0111\u1ec3 \u0111\u01b0a t\u1edbi gi\u1ea3i ph\u00e1p t\u1ed1i \u01b0u gi\u00fap b\u1ea1n ti\u1ebft ki\u1ec7m chi ph\u00ed, nhanh ch\u00f3ng, d\u1ec5 d\u00e0ng.<\/p>\t\t\t\t\t\t<\/div>\n\t\t\t\t<\/div>\n\t\t\t\t\t<\/div>\n\t\t\t\t<\/div>\n\t\t<div class=\"elementor-element elementor-element-cfba01c e-flex e-con-boxed wpr-particle-no wpr-jarallax-no wpr-parallax-no wpr-sticky-section-no e-con e-parent\" data-id=\"cfba01c\" data-element_type=\"container\">\n\t\t\t\t\t<div class=\"e-con-inner\">\n\t\t\t\t<div class=\"elementor-element elementor-element-efc5c42 elementor-widget elementor-widget-image\" data-id=\"efc5c42\" data-element_type=\"widget\" data-widget_type=\"image.default\">\n\t\t\t\t<div class=\"elementor-widget-container\">\n\t\t\t<style>\/*! elementor - v3.21.0 - 08-05-2024 *\/\n.elementor-widget-image{text-align:center}.elementor-widget-image a{display:inline-block}.elementor-widget-image a img[src$=\".svg\"]{width:48px}.elementor-widget-image img{vertical-align:middle;display:inline-block}<\/style>\t\t\t\t\t\t\t\t\t\t<img fetchpriority=\"high\" decoding=\"async\" width=\"1148\" height=\"445\" src=\"https:\/\/www.omniconnect.com.vn\/wp-content\/uploads\/2024\/05\/23.png\" class=\"attachment-full size-full wp-image-1614\" alt=\"\" srcset=\"https:\/\/www.omniconnect.com.vn\/wp-content\/uploads\/2024\/05\/23.png 1148w, https:\/\/www.omniconnect.com.vn\/wp-content\/uploads\/2024\/05\/23-600x233.png 600w, https:\/\/www.omniconnect.com.vn\/wp-content\/uploads\/2024\/05\/23-300x116.png 300w, https:\/\/www.omniconnect.com.vn\/wp-content\/uploads\/2024\/05\/23-1024x397.png 1024w, https:\/\/www.omniconnect.com.vn\/wp-content\/uploads\/2024\/05\/23-768x298.png 768w\" sizes=\"(max-width: 1148px) 100vw, 1148px\" \/>\t\t\t\t\t\t\t\t\t\t\t\t\t<\/div>\n\t\t\t\t<\/div>\n\t\t\t\t\t<\/div>\n\t\t\t\t<\/div>\n\t\t<div class=\"elementor-element elementor-element-e7984da e-flex e-con-boxed wpr-particle-no wpr-jarallax-no wpr-parallax-no wpr-sticky-section-no e-con e-parent\" data-id=\"e7984da\" data-element_type=\"container\">\n\t\t\t\t\t<div class=\"e-con-inner\">\n\t\t\t\t<div class=\"elementor-element elementor-element-045478e elementor-widget elementor-widget-image\" data-id=\"045478e\" data-element_type=\"widget\" data-widget_type=\"image.default\">\n\t\t\t\t<div class=\"elementor-widget-container\">\n\t\t\t\t\t\t\t\t\t\t\t\t\t<img decoding=\"async\" width=\"1365\" height=\"651\" src=\"https:\/\/www.omniconnect.com.vn\/wp-content\/uploads\/2024\/05\/24.png\" class=\"attachment-full size-full wp-image-1617\" alt=\"\" srcset=\"https:\/\/www.omniconnect.com.vn\/wp-content\/uploads\/2024\/05\/24.png 1365w, https:\/\/www.omniconnect.com.vn\/wp-content\/uploads\/2024\/05\/24-600x286.png 600w, https:\/\/www.omniconnect.com.vn\/wp-content\/uploads\/2024\/05\/24-300x143.png 300w, https:\/\/www.omniconnect.com.vn\/wp-content\/uploads\/2024\/05\/24-1024x488.png 1024w, https:\/\/www.omniconnect.com.vn\/wp-content\/uploads\/2024\/05\/24-768x366.png 768w\" sizes=\"(max-width: 1365px) 100vw, 1365px\" \/>\t\t\t\t\t\t\t\t\t\t\t\t\t<\/div>\n\t\t\t\t<\/div>\n\t\t\t\t\t<\/div>\n\t\t\t\t<\/div>\n\t\t\t\t<\/div>\n\t\t","protected":false},"excerpt":{"rendered":"<p>B\u00e1n h\u00e0ng ch\u01b0a bao gi\u1edd \u0111\u01a1n gi\u1ea3n \u0111\u1ebfn th\u1ebf b\u1eb1ng tr\u00ecnh duy\u1ec7t WEB Alcatel Lucent v\u1eeba cho ra m\u1eaft website :\u00a0http:\/\/www.smbsalesassistant.com\/ \u0111\u1ec3 t\u1ed1i \u01b0u h\u00f3a kh\u1ea3 n\u0103ng b\u00e1n h\u00e0ng. B\u1eb1ng vi\u1ec7c t\u1ea1o m\u1ed9t t\u00e0i kho\u1ea3n ho\u00e0n to\u00e0n mi\u1ec5n ph\u00ed v\u00e0 nhanh ch\u00f3ng, b\u1ea1n c\u00f3 th\u1ec3 t\u1ef1 ho\u00e0n th\u00e0nh b\u00e1o gi\u00e1 v\u00e0 \u0111\u01a1n h\u00e0ng c\u1ee7a m\u00ecnh m\u1ed9t c\u00e1ch ho\u00e0n ch\u1ec9nh. Bao g\u1ed3m nhi\u1ec1u ng\u00f4n ng\u1eef ph\u1ed5 bi\u1ebfn, \u00a0website s\u1ebd d\u1ef1a v\u00e0o m\u1ee5c \u0111\u00edch, lo\u1ea1i h\u00ecnh doanh nghi\u1ec7p c\u1ee7a kh\u00e1ch h\u00e0ng\u00a0\u0111\u1ec3 \u0111\u01b0a t\u1edbi gi\u1ea3i ph\u00e1p t\u1ed1i \u01b0u gi\u00fap b\u1ea1n ti\u1ebft ki\u1ec7m chi ph\u00ed, nhanh ch\u00f3ng, d\u1ec5 d\u00e0ng.<\/p>\n","protected":false},"author":1,"featured_media":0,"parent":0,"menu_order":0,"comment_status":"closed","ping_status":"closed","template":"templates\/template-page-builders.php","meta":{"footnotes":""},"class_list":["post-1613","page","type-page","status-publish","hentry"],"yoast_head":"<!-- This site is optimized with the Yoast SEO plugin v26.5 - https:\/\/yoast.com\/wordpress\/plugins\/seo\/ -->\n<title>news2 - OMNICONNECT<\/title>\n<meta name=\"robots\" content=\"index, follow, max-snippet:-1, max-image-preview:large, max-video-preview:-1\" \/>\n<link rel=\"canonical\" href=\"https:\/\/www.omniconnect.com.vn\/?page_id=1613\" \/>\n<meta property=\"og:locale\" content=\"en_US\" \/>\n<meta property=\"og:type\" content=\"article\" \/>\n<meta property=\"og:title\" content=\"news2 - OMNICONNECT\" \/>\n<meta property=\"og:description\" content=\"B\u00e1n h\u00e0ng ch\u01b0a bao gi\u1edd \u0111\u01a1n gi\u1ea3n \u0111\u1ebfn th\u1ebf b\u1eb1ng tr\u00ecnh duy\u1ec7t WEB Alcatel Lucent v\u1eeba cho ra m\u1eaft website :\u00a0http:\/\/www.smbsalesassistant.com\/ \u0111\u1ec3 t\u1ed1i \u01b0u h\u00f3a kh\u1ea3 n\u0103ng b\u00e1n h\u00e0ng. B\u1eb1ng vi\u1ec7c t\u1ea1o m\u1ed9t t\u00e0i kho\u1ea3n ho\u00e0n to\u00e0n mi\u1ec5n ph\u00ed v\u00e0 nhanh ch\u00f3ng, b\u1ea1n c\u00f3 th\u1ec3 t\u1ef1 ho\u00e0n th\u00e0nh b\u00e1o gi\u00e1 v\u00e0 \u0111\u01a1n h\u00e0ng c\u1ee7a m\u00ecnh m\u1ed9t c\u00e1ch ho\u00e0n ch\u1ec9nh. Bao g\u1ed3m nhi\u1ec1u ng\u00f4n ng\u1eef ph\u1ed5 bi\u1ebfn, \u00a0website s\u1ebd d\u1ef1a v\u00e0o m\u1ee5c \u0111\u00edch, lo\u1ea1i h\u00ecnh doanh nghi\u1ec7p c\u1ee7a kh\u00e1ch h\u00e0ng\u00a0\u0111\u1ec3 \u0111\u01b0a t\u1edbi gi\u1ea3i ph\u00e1p t\u1ed1i \u01b0u gi\u00fap b\u1ea1n ti\u1ebft ki\u1ec7m chi ph\u00ed, nhanh ch\u00f3ng, d\u1ec5 d\u00e0ng.\" \/>\n<meta property=\"og:url\" content=\"https:\/\/www.omniconnect.com.vn\/?page_id=1613\" \/>\n<meta property=\"og:site_name\" content=\"OMNICONNECT\" \/>\n<meta property=\"article:modified_time\" content=\"2024-05-23T12:49:29+00:00\" \/>\n<meta property=\"og:image\" content=\"http:\/\/14.241.231.23\/wp-content\/uploads\/2024\/05\/23.png\" \/>\n<meta name=\"twitter:card\" content=\"summary_large_image\" \/>\n<meta name=\"twitter:label1\" content=\"Est. reading time\" \/>\n\t<meta name=\"twitter:data1\" content=\"1 minute\" \/>\n<script type=\"application\/ld+json\" class=\"yoast-schema-graph\">{\"@context\":\"https:\/\/schema.org\",\"@graph\":[{\"@type\":\"WebPage\",\"@id\":\"https:\/\/www.omniconnect.com.vn\/?page_id=1613\",\"url\":\"https:\/\/www.omniconnect.com.vn\/?page_id=1613\",\"name\":\"news2 - OMNICONNECT\",\"isPartOf\":{\"@id\":\"https:\/\/www.omniconnect.com.vn\/#website\"},\"primaryImageOfPage\":{\"@id\":\"https:\/\/www.omniconnect.com.vn\/?page_id=1613#primaryimage\"},\"image\":{\"@id\":\"https:\/\/www.omniconnect.com.vn\/?page_id=1613#primaryimage\"},\"thumbnailUrl\":\"http:\/\/14.241.231.23\/wp-content\/uploads\/2024\/05\/23.png\",\"datePublished\":\"2024-05-23T12:42:24+00:00\",\"dateModified\":\"2024-05-23T12:49:29+00:00\",\"breadcrumb\":{\"@id\":\"https:\/\/www.omniconnect.com.vn\/?page_id=1613#breadcrumb\"},\"inLanguage\":\"en-US\",\"potentialAction\":[{\"@type\":\"ReadAction\",\"target\":[\"https:\/\/www.omniconnect.com.vn\/?page_id=1613\"]}]},{\"@type\":\"ImageObject\",\"inLanguage\":\"en-US\",\"@id\":\"https:\/\/www.omniconnect.com.vn\/?page_id=1613#primaryimage\",\"url\":\"http:\/\/14.241.231.23\/wp-content\/uploads\/2024\/05\/23.png\",\"contentUrl\":\"http:\/\/14.241.231.23\/wp-content\/uploads\/2024\/05\/23.png\"},{\"@type\":\"BreadcrumbList\",\"@id\":\"https:\/\/www.omniconnect.com.vn\/?page_id=1613#breadcrumb\",\"itemListElement\":[{\"@type\":\"ListItem\",\"position\":1,\"name\":\"Home\",\"item\":\"https:\/\/www.omniconnect.com.vn\/\"},{\"@type\":\"ListItem\",\"position\":2,\"name\":\"news2\"}]},{\"@type\":\"WebSite\",\"@id\":\"https:\/\/www.omniconnect.com.vn\/#website\",\"url\":\"https:\/\/www.omniconnect.com.vn\/\",\"name\":\"OMNICONNECT\",\"description\":\"\",\"potentialAction\":[{\"@type\":\"SearchAction\",\"target\":{\"@type\":\"EntryPoint\",\"urlTemplate\":\"https:\/\/www.omniconnect.com.vn\/?s={search_term_string}\"},\"query-input\":{\"@type\":\"PropertyValueSpecification\",\"valueRequired\":true,\"valueName\":\"search_term_string\"}}],\"inLanguage\":\"en-US\"}]}<\/script>\n<!-- \/ Yoast SEO plugin. -->","yoast_head_json":{"title":"news2 - OMNICONNECT","robots":{"index":"index","follow":"follow","max-snippet":"max-snippet:-1","max-image-preview":"max-image-preview:large","max-video-preview":"max-video-preview:-1"},"canonical":"https:\/\/www.omniconnect.com.vn\/?page_id=1613","og_locale":"en_US","og_type":"article","og_title":"news2 - OMNICONNECT","og_description":"B\u00e1n h\u00e0ng ch\u01b0a bao gi\u1edd \u0111\u01a1n gi\u1ea3n \u0111\u1ebfn th\u1ebf b\u1eb1ng tr\u00ecnh duy\u1ec7t WEB Alcatel Lucent v\u1eeba cho ra m\u1eaft website :\u00a0http:\/\/www.smbsalesassistant.com\/ \u0111\u1ec3 t\u1ed1i \u01b0u h\u00f3a kh\u1ea3 n\u0103ng b\u00e1n h\u00e0ng. B\u1eb1ng vi\u1ec7c t\u1ea1o m\u1ed9t t\u00e0i kho\u1ea3n ho\u00e0n to\u00e0n mi\u1ec5n ph\u00ed v\u00e0 nhanh ch\u00f3ng, b\u1ea1n c\u00f3 th\u1ec3 t\u1ef1 ho\u00e0n th\u00e0nh b\u00e1o gi\u00e1 v\u00e0 \u0111\u01a1n h\u00e0ng c\u1ee7a m\u00ecnh m\u1ed9t c\u00e1ch ho\u00e0n ch\u1ec9nh. Bao g\u1ed3m nhi\u1ec1u ng\u00f4n ng\u1eef ph\u1ed5 bi\u1ebfn, \u00a0website s\u1ebd d\u1ef1a v\u00e0o m\u1ee5c \u0111\u00edch, lo\u1ea1i h\u00ecnh doanh nghi\u1ec7p c\u1ee7a kh\u00e1ch h\u00e0ng\u00a0\u0111\u1ec3 \u0111\u01b0a t\u1edbi gi\u1ea3i ph\u00e1p t\u1ed1i \u01b0u gi\u00fap b\u1ea1n ti\u1ebft ki\u1ec7m chi ph\u00ed, nhanh ch\u00f3ng, d\u1ec5 d\u00e0ng.","og_url":"https:\/\/www.omniconnect.com.vn\/?page_id=1613","og_site_name":"OMNICONNECT","article_modified_time":"2024-05-23T12:49:29+00:00","og_image":[{"url":"http:\/\/14.241.231.23\/wp-content\/uploads\/2024\/05\/23.png","type":"","width":"","height":""}],"twitter_card":"summary_large_image","twitter_misc":{"Est. reading time":"1 minute"},"schema":{"@context":"https:\/\/schema.org","@graph":[{"@type":"WebPage","@id":"https:\/\/www.omniconnect.com.vn\/?page_id=1613","url":"https:\/\/www.omniconnect.com.vn\/?page_id=1613","name":"news2 - OMNICONNECT","isPartOf":{"@id":"https:\/\/www.omniconnect.com.vn\/#website"},"primaryImageOfPage":{"@id":"https:\/\/www.omniconnect.com.vn\/?page_id=1613#primaryimage"},"image":{"@id":"https:\/\/www.omniconnect.com.vn\/?page_id=1613#primaryimage"},"thumbnailUrl":"http:\/\/14.241.231.23\/wp-content\/uploads\/2024\/05\/23.png","datePublished":"2024-05-23T12:42:24+00:00","dateModified":"2024-05-23T12:49:29+00:00","breadcrumb":{"@id":"https:\/\/www.omniconnect.com.vn\/?page_id=1613#breadcrumb"},"inLanguage":"en-US","potentialAction":[{"@type":"ReadAction","target":["https:\/\/www.omniconnect.com.vn\/?page_id=1613"]}]},{"@type":"ImageObject","inLanguage":"en-US","@id":"https:\/\/www.omniconnect.com.vn\/?page_id=1613#primaryimage","url":"http:\/\/14.241.231.23\/wp-content\/uploads\/2024\/05\/23.png","contentUrl":"http:\/\/14.241.231.23\/wp-content\/uploads\/2024\/05\/23.png"},{"@type":"BreadcrumbList","@id":"https:\/\/www.omniconnect.com.vn\/?page_id=1613#breadcrumb","itemListElement":[{"@type":"ListItem","position":1,"name":"Home","item":"https:\/\/www.omniconnect.com.vn\/"},{"@type":"ListItem","position":2,"name":"news2"}]},{"@type":"WebSite","@id":"https:\/\/www.omniconnect.com.vn\/#website","url":"https:\/\/www.omniconnect.com.vn\/","name":"OMNICONNECT","description":"","potentialAction":[{"@type":"SearchAction","target":{"@type":"EntryPoint","urlTemplate":"https:\/\/www.omniconnect.com.vn\/?s={search_term_string}"},"query-input":{"@type":"PropertyValueSpecification","valueRequired":true,"valueName":"search_term_string"}}],"inLanguage":"en-US"}]}},"_links":{"self":[{"href":"https:\/\/www.omniconnect.com.vn\/index.php?rest_route=\/wp\/v2\/pages\/1613","targetHints":{"allow":["GET"]}}],"collection":[{"href":"https:\/\/www.omniconnect.com.vn\/index.php?rest_route=\/wp\/v2\/pages"}],"about":[{"href":"https:\/\/www.omniconnect.com.vn\/index.php?rest_route=\/wp\/v2\/types\/page"}],"author":[{"embeddable":true,"href":"https:\/\/www.omniconnect.com.vn\/index.php?rest_route=\/wp\/v2\/users\/1"}],"replies":[{"embeddable":true,"href":"https:\/\/www.omniconnect.com.vn\/index.php?rest_route=%2Fwp%2Fv2%2Fcomments&post=1613"}],"version-history":[{"count":14,"href":"https:\/\/www.omniconnect.com.vn\/index.php?rest_route=\/wp\/v2\/pages\/1613\/revisions"}],"predecessor-version":[{"id":1630,"href":"https:\/\/www.omniconnect.com.vn\/index.php?rest_route=\/wp\/v2\/pages\/1613\/revisions\/1630"}],"wp:attachment":[{"href":"https:\/\/www.omniconnect.com.vn\/index.php?rest_route=%2Fwp%2Fv2%2Fmedia&parent=1613"}],"curies":[{"name":"wp","href":"https:\/\/api.w.org\/{rel}","templated":true}]}}