{"id":792,"date":"2024-05-21T12:59:55","date_gmt":"2024-05-21T12:59:55","guid":{"rendered":"http:\/\/14.241.231.23\/?page_id=792"},"modified":"2025-12-15T11:05:57","modified_gmt":"2025-12-15T11:05:57","slug":"sp2","status":"publish","type":"page","link":"https:\/\/www.omniconnect.com.vn\/?page_id=792","title":{"rendered":"Alcatel Lucent OmniPCX Office"},"content":{"rendered":"\t\t<div data-elementor-type=\"wp-page\" data-elementor-id=\"792\" class=\"elementor elementor-792\">\n\t\t\t\t<div class=\"elementor-element elementor-element-c90a58f e-flex e-con-boxed wpr-particle-no wpr-jarallax-no wpr-parallax-no wpr-sticky-section-no e-con e-parent\" data-id=\"c90a58f\" data-element_type=\"container\">\n\t\t\t\t\t<div class=\"e-con-inner\">\n\t\t\t\t<div class=\"elementor-element elementor-element-ba13a9d elementor-widget elementor-widget-image\" data-id=\"ba13a9d\" data-element_type=\"widget\" data-widget_type=\"image.default\">\n\t\t\t\t<div class=\"elementor-widget-container\">\n\t\t\t<style>\/*! elementor - v3.21.0 - 08-05-2024 *\/\n.elementor-widget-image{text-align:center}.elementor-widget-image a{display:inline-block}.elementor-widget-image a img[src$=\".svg\"]{width:48px}.elementor-widget-image img{vertical-align:middle;display:inline-block}<\/style>\t\t\t\t\t\t\t\t\t\t<img fetchpriority=\"high\" decoding=\"async\" width=\"739\" height=\"557\" src=\"https:\/\/www.omniconnect.com.vn\/wp-content\/uploads\/2024\/05\/Photo_omni.jpg\" class=\"attachment-large size-large wp-image-1037\" alt=\"\" srcset=\"https:\/\/www.omniconnect.com.vn\/wp-content\/uploads\/2024\/05\/Photo_omni.jpg 739w, https:\/\/www.omniconnect.com.vn\/wp-content\/uploads\/2024\/05\/Photo_omni-600x452.jpg 600w, https:\/\/www.omniconnect.com.vn\/wp-content\/uploads\/2024\/05\/Photo_omni-300x226.jpg 300w\" sizes=\"(max-width: 739px) 100vw, 739px\" \/>\t\t\t\t\t\t\t\t\t\t\t\t\t<\/div>\n\t\t\t\t<\/div>\n\t\t\t\t\t<\/div>\n\t\t\t\t<\/div>\n\t\t<div class=\"elementor-element elementor-element-637476f e-flex e-con-boxed wpr-particle-no wpr-jarallax-no wpr-parallax-no wpr-sticky-section-no e-con e-parent\" data-id=\"637476f\" data-element_type=\"container\">\n\t\t\t\t\t<div class=\"e-con-inner\">\n\t\t\t\t<div class=\"elementor-element elementor-element-09cf7ed elementor-widget elementor-widget-text-editor\" data-id=\"09cf7ed\" data-element_type=\"widget\" data-widget_type=\"text-editor.default\">\n\t\t\t\t<div class=\"elementor-widget-container\">\n\t\t\t<style>\/*! elementor - v3.21.0 - 08-05-2024 *\/\n.elementor-widget-text-editor.elementor-drop-cap-view-stacked .elementor-drop-cap{background-color:#69727d;color:#fff}.elementor-widget-text-editor.elementor-drop-cap-view-framed .elementor-drop-cap{color:#69727d;border:3px solid;background-color:transparent}.elementor-widget-text-editor:not(.elementor-drop-cap-view-default) .elementor-drop-cap{margin-top:8px}.elementor-widget-text-editor:not(.elementor-drop-cap-view-default) .elementor-drop-cap-letter{width:1em;height:1em}.elementor-widget-text-editor .elementor-drop-cap{float:left;text-align:center;line-height:1;font-size:50px}.elementor-widget-text-editor .elementor-drop-cap-letter{display:inline-block}<\/style>\t\t\t\t<p><span style=\"color: #000000;\">T\u1ed5ng \u0111\u00e0i Alcatel-Lucent OmniPCX Office l\u00e0 d\u1ea1ng t\u1ed5ng \u0111\u00e0i t\u00edch h\u1ee3p chuy\u00ean d\u1ee5ng cho doanh nghi\u1ec7p\/kh\u00e1ch s\u1ea1n v\u1eeba <\/span><span style=\"color: #000000;\">v\u00e0 nh\u1ecf v\u1edbi kh\u1ea3 n\u0103ng cung c\u1ea5p \u0111\u1ea7y \u0111\u1ee7 c\u00e1c d\u1ecbch v\u1ee5 tho\u1ea1i cao c\u1ea5p, hi\u1ec7n \u0111\u1ea1i v\u00e0 b\u1ea3o m\u1eadt \u0111\u00e1p \u1ee9ng h\u1ea7u h\u1ebft c\u00e1c y\u00eau c\u1ea7u v\u1ec1 <\/span><span style=\"color: #000000;\">tho\u1ea1i c\u1ee7a c\u1ea3 doanh nghi\u1ec7p v\u00e0 d\u1ecbch v\u1ee5 kh\u00e1ch s\u1ea1n, trong khi \u0111\u00f3 r\u1ea5t d\u1ec5 d\u00e0ng trong tri\u1ec3n khai, qu\u1ea3n tr\u1ecb v\u00e0 gi\u00e1 c\u1ea3 c\u1ea1nh tranh.<\/span><\/p>\t\t\t\t\t\t<\/div>\n\t\t\t\t<\/div>\n\t\t\t\t\t<\/div>\n\t\t\t\t<\/div>\n\t\t<div class=\"elementor-element elementor-element-bc7b1c8 e-flex e-con-boxed wpr-particle-no wpr-jarallax-no wpr-parallax-no wpr-sticky-section-no e-con e-parent\" data-id=\"bc7b1c8\" data-element_type=\"container\">\n\t\t\t\t\t<div class=\"e-con-inner\">\n\t\t\t\t<div class=\"elementor-element elementor-element-a2c6814 elementor-widget elementor-widget-eael-woo-product-list\" data-id=\"a2c6814\" data-element_type=\"widget\" data-widget_type=\"eael-woo-product-list.default\">\n\t\t\t\t<div class=\"elementor-widget-container\">\n\t\t\t\n        <div class=\"eael-product-list-wrapper preset-3\">\n            <div class=\"eael-product-list-body woocommerce\">\n                <div class=\"eael-product-list-container\">\n                    <div class=\"eael-post-appender\">\n                        <div class=\"product post-2287 type-product status-publish has-post-thumbnail product_cat-alcatel-lucent-omnipcx-office first instock shipping-taxable product-type-simple\">\n    <div class=\"eael-product-list-item \">\n        \n        <div class=\"eael-product-list-image-wrap\">\n                                                    \n            \n                <img decoding=\"async\" width=\"239\" height=\"300\" src=\"https:\/\/www.omniconnect.com.vn\/wp-content\/uploads\/2024\/05\/Alcatel-Lucent-OmniPCX-Office-239x300.jpg\" class=\"attachment-medium size-medium\" alt=\"ALCATEL-LUCENT OXO CONNECT\" loading=\"eager\" \/>            \n            \n                        <ul class=\"eael-product-list-buttons-on-hover\">\n                                <li class=\"eael-product-list-add-to-cart-button eael-m-0\">\n                    <a href=\"https:\/\/www.omniconnect.com.vn\/?product=alcatel-lucent-oxo-connect\" aria-describedby=\"woocommerce_loop_add_to_cart_link_describedby_2287\" data-quantity=\"1\" class=\"button product_type_simple\" data-product_id=\"2287\" data-product_sku=\"\" aria-label=\"Read more about &ldquo;ALCATEL-LUCENT OXO CONNECT&rdquo;\" rel=\"nofollow\" data-success_message=\"\">View More<\/a>\t<span id=\"woocommerce_loop_add_to_cart_link_describedby_2287\" class=\"screen-reader-text\">\n\t\t\t<\/span>\n                <\/li>\n                \n                                <li class=\"eael-product-list-quick-view-button eael-m-0\">\n                    <a id=\"eael_quick_view_69f5e68a066ad\" data-quickview-setting=\"{&quot;widget_id&quot;:&quot;a2c6814&quot;,&quot;product_id&quot;:2287,&quot;page_id&quot;:792}\" class=\"open-popup-link\"><i class=\"fas fa-eye\"><\/i><\/a>\n                <\/li>\n                \n                                <li class=\"eael-product-list-link-button eael-m-0\">\n                    <a href=\"https:\/\/www.omniconnect.com.vn\/?product=alcatel-lucent-oxo-connect\"><i class=\"fas fa-link\"><\/i><\/a>\n                <\/li>\n                            <\/ul>\n                    <\/div>\n\n        <div class=\"eael-product-list-content-wrap\">\n                        <h2 class=\"eael-product-list-title\">\n                                <a href=\"https:\/\/www.omniconnect.com.vn\/?product=alcatel-lucent-oxo-connect\" class=\"woocommerce-LoopProduct-link woocommerce-loop-product__link\" target=\"_blank\">\n                    ALCATEL-LUCENT OXO CONNECT                <\/a>\n                            <\/h2>\n                    \n            <div class=\"eael-product-list-content-header \" >\n                                <div class=\"eael-product-list-rating\">\n                    <div class=\"eael-star-rating star-rating\"><span style=\"width:0%\">Rated <strong class=\"rating\">0<\/strong> out of 5<\/span><\/div>                    \n                                    <\/div>\n                            <\/div>\n            <div class=\"eael-product-list-content-body\">\n                \n                                <div class=\"eael-product-list-excerpt\">\n                    Thi\u1ebft k\u1ebf m\u1ea1nh m\u1ebd v\u00e0 c\u00f3 th\u1ec3 m\u1edf r\u1ed9ng t\u1edbi 300 ng\u01b0\u1eddi d\u00f9ng khi doanh nghi\u1ec7p ph\u00e1t tri\u1ec3n, h\u1ec7 th\u1ed1ng OXO Connect c\u00f3 th\u1ec3 \u00e1p d\u1ee5ng cho doanh nghi\u1ec7p v\u00e0...                 <\/div>\n                \n                                <h3 class=\"eael-product-list-price\">\n                                    <\/h3>\n                            <\/div>\n            <div class=\"eael-product-list-content-footer\">\n                                <div class=\"eael-product-list-buttons\">\n                                        <p class=\"eael-product-list-add-to-cart-button eael-m-0\"><a href=\"https:\/\/www.omniconnect.com.vn\/?product=alcatel-lucent-oxo-connect\" aria-describedby=\"woocommerce_loop_add_to_cart_link_describedby_2287\" data-quantity=\"1\" class=\"button product_type_simple\" data-product_id=\"2287\" data-product_sku=\"\" aria-label=\"Read more about &ldquo;ALCATEL-LUCENT OXO CONNECT&rdquo;\" rel=\"nofollow\" data-success_message=\"\">View More<\/a>\t<span id=\"woocommerce_loop_add_to_cart_link_describedby_2287\" class=\"screen-reader-text\">\n\t\t\t<\/span>\n<\/p>\n                    \n                    \n                    <div class=\"eael-product-list-notice eael-product-list-notice-shiping-free\">\n                         \n                        <p>\n                            <i class=\"fas fa-box\"><\/i>\n                            Alcatel Lucent OmniPCX Office                        <\/p>\n                                            <\/div>\n                <\/div>\n                            <\/div>\n        <\/div>\n    <\/div>\n<\/div><div class=\"product post-2292 type-product status-publish has-post-thumbnail product_cat-alcatel-lucent-omnipcx-office  instock shipping-taxable product-type-simple\">\n    <div class=\"eael-product-list-item \">\n        \n        <div class=\"eael-product-list-image-wrap\">\n                                                    \n            \n                <img decoding=\"async\" width=\"300\" height=\"300\" src=\"https:\/\/www.omniconnect.com.vn\/wp-content\/uploads\/2024\/05\/OmniPCX_Office_RCE-01-1-300x300.jpg\" class=\"attachment-medium size-medium\" alt=\"ALCATEL LUCENT OMNI-PCX OFFICE (OXO)\" loading=\"eager\" \/>            \n            \n                        <ul class=\"eael-product-list-buttons-on-hover\">\n                                <li class=\"eael-product-list-add-to-cart-button eael-m-0\">\n                    <a href=\"https:\/\/www.omniconnect.com.vn\/?product=alcatel-lucent-omni-pcx-office-oxo\" aria-describedby=\"woocommerce_loop_add_to_cart_link_describedby_2292\" data-quantity=\"1\" class=\"button product_type_simple\" data-product_id=\"2292\" data-product_sku=\"\" aria-label=\"Read more about &ldquo;ALCATEL LUCENT OMNI-PCX OFFICE (OXO)&rdquo;\" rel=\"nofollow\" data-success_message=\"\">View More<\/a>\t<span id=\"woocommerce_loop_add_to_cart_link_describedby_2292\" class=\"screen-reader-text\">\n\t\t\t<\/span>\n                <\/li>\n                \n                                <li class=\"eael-product-list-quick-view-button eael-m-0\">\n                    <a id=\"eael_quick_view_69f5e68a071b3\" data-quickview-setting=\"{&quot;widget_id&quot;:&quot;a2c6814&quot;,&quot;product_id&quot;:2292,&quot;page_id&quot;:792}\" class=\"open-popup-link\"><i class=\"fas fa-eye\"><\/i><\/a>\n                <\/li>\n                \n                                <li class=\"eael-product-list-link-button eael-m-0\">\n                    <a href=\"https:\/\/www.omniconnect.com.vn\/?product=alcatel-lucent-omni-pcx-office-oxo\"><i class=\"fas fa-link\"><\/i><\/a>\n                <\/li>\n                            <\/ul>\n                    <\/div>\n\n        <div class=\"eael-product-list-content-wrap\">\n                        <h2 class=\"eael-product-list-title\">\n                                <a href=\"https:\/\/www.omniconnect.com.vn\/?product=alcatel-lucent-omni-pcx-office-oxo\" class=\"woocommerce-LoopProduct-link woocommerce-loop-product__link\" target=\"_blank\">\n                    ALCATEL LUCENT OMNI-PCX OFFICE (OXO)                <\/a>\n                            <\/h2>\n                    \n            <div class=\"eael-product-list-content-header \" >\n                                <div class=\"eael-product-list-rating\">\n                    <div class=\"eael-star-rating star-rating\"><span style=\"width:0%\">Rated <strong class=\"rating\">0<\/strong> out of 5<\/span><\/div>                    \n                                    <\/div>\n                            <\/div>\n            <div class=\"eael-product-list-content-body\">\n                \n                                <div class=\"eael-product-list-excerpt\">\n                    Alcatel OmniPCX Office (OXO) l\u00e0 d\u00f2ng s\u1ea3n ph\u1ea9m t\u1ed5ng \u0111\u00e0i \u0111i\u1ec7n tho\u1ea1i k\u1ef9 thu\u1eadt s\u1ed1 th\u00edch h\u1ee3p cho c\u00e1c v\u0103n ph\u00f2ng v\u1eeba v\u00e0 nh\u1ecf. OXO \u0111\u01b0\u1ee3c t\u00edch h\u1ee3p c\u00e1c c\u00f4ng...                 <\/div>\n                \n                                <h3 class=\"eael-product-list-price\">\n                                    <\/h3>\n                            <\/div>\n            <div class=\"eael-product-list-content-footer\">\n                                <div class=\"eael-product-list-buttons\">\n                                        <p class=\"eael-product-list-add-to-cart-button eael-m-0\"><a href=\"https:\/\/www.omniconnect.com.vn\/?product=alcatel-lucent-omni-pcx-office-oxo\" aria-describedby=\"woocommerce_loop_add_to_cart_link_describedby_2292\" data-quantity=\"1\" class=\"button product_type_simple\" data-product_id=\"2292\" data-product_sku=\"\" aria-label=\"Read more about &ldquo;ALCATEL LUCENT OMNI-PCX OFFICE (OXO)&rdquo;\" rel=\"nofollow\" data-success_message=\"\">View More<\/a>\t<span id=\"woocommerce_loop_add_to_cart_link_describedby_2292\" class=\"screen-reader-text\">\n\t\t\t<\/span>\n<\/p>\n                    \n                    \n                    <div class=\"eael-product-list-notice eael-product-list-notice-shiping-free\">\n                         \n                        <p>\n                            <i class=\"fas fa-box\"><\/i>\n                            Alcatel Lucent OmniPCX Office                        <\/p>\n                                            <\/div>\n                <\/div>\n                            <\/div>\n        <\/div>\n    <\/div>\n<\/div>                    <\/div>\n\n                    \n                <\/div>\n            <\/div>\n        <\/div>\n\n\t\t\t\t<\/div>\n\t\t\t\t<\/div>\n\t\t\t\t\t<\/div>\n\t\t\t\t<\/div>\n\t\t\t\t<\/div>\n\t\t","protected":false},"excerpt":{"rendered":"<p>T\u1ed5ng \u0111\u00e0i Alcatel-Lucent OmniPCX Office l\u00e0 d\u1ea1ng t\u1ed5ng \u0111\u00e0i t\u00edch h\u1ee3p chuy\u00ean d\u1ee5ng cho doanh nghi\u1ec7p\/kh\u00e1ch s\u1ea1n v\u1eeba v\u00e0 nh\u1ecf v\u1edbi kh\u1ea3 n\u0103ng cung c\u1ea5p \u0111\u1ea7y \u0111\u1ee7 c\u00e1c d\u1ecbch v\u1ee5 tho\u1ea1i cao c\u1ea5p, hi\u1ec7n \u0111\u1ea1i v\u00e0 b\u1ea3o m\u1eadt \u0111\u00e1p \u1ee9ng h\u1ea7u h\u1ebft c\u00e1c y\u00eau c\u1ea7u v\u1ec1 tho\u1ea1i c\u1ee7a c\u1ea3 doanh nghi\u1ec7p v\u00e0 d\u1ecbch v\u1ee5 kh\u00e1ch s\u1ea1n, trong khi \u0111\u00f3 r\u1ea5t d\u1ec5 d\u00e0ng trong tri\u1ec3n khai, qu\u1ea3n tr\u1ecb v\u00e0 gi\u00e1 c\u1ea3 c\u1ea1nh tranh. View More ALCATEL-LUCENT OXO CONNECT Rated 0 out of 5 Thi\u1ebft k\u1ebf m\u1ea1nh m\u1ebd v\u00e0 c\u00f3 th\u1ec3 m\u1edf r\u1ed9ng t\u1edbi 300 ng\u01b0\u1eddi d\u00f9ng khi doanh nghi\u1ec7p ph\u00e1t tri\u1ec3n, h\u1ec7 th\u1ed1ng OXO Connect c\u00f3 th\u1ec3 \u00e1p d\u1ee5ng cho doanh nghi\u1ec7p v\u00e0&#8230; View More Alcatel Lucent OmniPCX Office View More ALCATEL LUCENT OMNI-PCX OFFICE (OXO) Rated 0 out of 5 Alcatel OmniPCX Office (OXO) l\u00e0 d\u00f2ng s\u1ea3n ph\u1ea9m t\u1ed5ng \u0111\u00e0i \u0111i\u1ec7n tho\u1ea1i k\u1ef9 thu\u1eadt s\u1ed1 th\u00edch h\u1ee3p cho c\u00e1c v\u0103n ph\u00f2ng v\u1eeba v\u00e0 nh\u1ecf. OXO \u0111\u01b0\u1ee3c t\u00edch h\u1ee3p c\u00e1c c\u00f4ng&#8230; View More Alcatel Lucent OmniPCX Office<\/p>\n","protected":false},"author":1,"featured_media":0,"parent":0,"menu_order":0,"comment_status":"closed","ping_status":"closed","template":"","meta":{"footnotes":""},"class_list":["post-792","page","type-page","status-publish","hentry"],"yoast_head":"<!-- This site is optimized with the Yoast SEO plugin v26.5 - https:\/\/yoast.com\/wordpress\/plugins\/seo\/ -->\n<title>Alcatel Lucent OmniPCX Office - OMNICONNECT<\/title>\n<meta name=\"robots\" content=\"index, follow, max-snippet:-1, max-image-preview:large, max-video-preview:-1\" \/>\n<link rel=\"canonical\" href=\"https:\/\/www.omniconnect.com.vn\/?page_id=792\" \/>\n<meta property=\"og:locale\" content=\"en_US\" \/>\n<meta property=\"og:type\" content=\"article\" \/>\n<meta property=\"og:title\" content=\"Alcatel Lucent OmniPCX Office - OMNICONNECT\" \/>\n<meta property=\"og:description\" content=\"T\u1ed5ng \u0111\u00e0i Alcatel-Lucent OmniPCX Office l\u00e0 d\u1ea1ng t\u1ed5ng \u0111\u00e0i t\u00edch h\u1ee3p chuy\u00ean d\u1ee5ng cho doanh nghi\u1ec7p\/kh\u00e1ch s\u1ea1n v\u1eeba v\u00e0 nh\u1ecf v\u1edbi kh\u1ea3 n\u0103ng cung c\u1ea5p \u0111\u1ea7y \u0111\u1ee7 c\u00e1c d\u1ecbch v\u1ee5 tho\u1ea1i cao c\u1ea5p, hi\u1ec7n \u0111\u1ea1i v\u00e0 b\u1ea3o m\u1eadt \u0111\u00e1p \u1ee9ng h\u1ea7u h\u1ebft c\u00e1c y\u00eau c\u1ea7u v\u1ec1 tho\u1ea1i c\u1ee7a c\u1ea3 doanh nghi\u1ec7p v\u00e0 d\u1ecbch v\u1ee5 kh\u00e1ch s\u1ea1n, trong khi \u0111\u00f3 r\u1ea5t d\u1ec5 d\u00e0ng trong tri\u1ec3n khai, qu\u1ea3n tr\u1ecb v\u00e0 gi\u00e1 c\u1ea3 c\u1ea1nh tranh. View More ALCATEL-LUCENT OXO CONNECT Rated 0 out of 5 Thi\u1ebft k\u1ebf m\u1ea1nh m\u1ebd v\u00e0 c\u00f3 th\u1ec3 m\u1edf r\u1ed9ng t\u1edbi 300 ng\u01b0\u1eddi d\u00f9ng khi doanh nghi\u1ec7p ph\u00e1t tri\u1ec3n, h\u1ec7 th\u1ed1ng OXO Connect c\u00f3 th\u1ec3 \u00e1p d\u1ee5ng cho doanh nghi\u1ec7p v\u00e0&#8230; View More Alcatel Lucent OmniPCX Office View More ALCATEL LUCENT OMNI-PCX OFFICE (OXO) Rated 0 out of 5 Alcatel OmniPCX Office (OXO) l\u00e0 d\u00f2ng s\u1ea3n ph\u1ea9m t\u1ed5ng \u0111\u00e0i \u0111i\u1ec7n tho\u1ea1i k\u1ef9 thu\u1eadt s\u1ed1 th\u00edch h\u1ee3p cho c\u00e1c v\u0103n ph\u00f2ng v\u1eeba v\u00e0 nh\u1ecf. OXO \u0111\u01b0\u1ee3c t\u00edch h\u1ee3p c\u00e1c c\u00f4ng&#8230; View More Alcatel Lucent OmniPCX Office\" \/>\n<meta property=\"og:url\" content=\"https:\/\/www.omniconnect.com.vn\/?page_id=792\" \/>\n<meta property=\"og:site_name\" content=\"OMNICONNECT\" \/>\n<meta property=\"article:modified_time\" content=\"2025-12-15T11:05:57+00:00\" \/>\n<meta property=\"og:image\" content=\"https:\/\/www.omniconnect.com.vn\/wp-content\/uploads\/2024\/05\/Photo_omni.jpg\" \/>\n\t<meta property=\"og:image:width\" content=\"739\" \/>\n\t<meta property=\"og:image:height\" content=\"557\" \/>\n\t<meta property=\"og:image:type\" content=\"image\/jpeg\" \/>\n<meta name=\"twitter:card\" content=\"summary_large_image\" \/>\n<meta name=\"twitter:label1\" content=\"Est. reading time\" \/>\n\t<meta name=\"twitter:data1\" content=\"2 minutes\" \/>\n<script type=\"application\/ld+json\" class=\"yoast-schema-graph\">{\"@context\":\"https:\/\/schema.org\",\"@graph\":[{\"@type\":\"WebPage\",\"@id\":\"https:\/\/www.omniconnect.com.vn\/?page_id=792\",\"url\":\"https:\/\/www.omniconnect.com.vn\/?page_id=792\",\"name\":\"Alcatel Lucent OmniPCX Office - OMNICONNECT\",\"isPartOf\":{\"@id\":\"https:\/\/www.omniconnect.com.vn\/#website\"},\"primaryImageOfPage\":{\"@id\":\"https:\/\/www.omniconnect.com.vn\/?page_id=792#primaryimage\"},\"image\":{\"@id\":\"https:\/\/www.omniconnect.com.vn\/?page_id=792#primaryimage\"},\"thumbnailUrl\":\"https:\/\/www.omniconnect.com.vn\/wp-content\/uploads\/2024\/05\/Photo_omni.jpg\",\"datePublished\":\"2024-05-21T12:59:55+00:00\",\"dateModified\":\"2025-12-15T11:05:57+00:00\",\"breadcrumb\":{\"@id\":\"https:\/\/www.omniconnect.com.vn\/?page_id=792#breadcrumb\"},\"inLanguage\":\"en-US\",\"potentialAction\":[{\"@type\":\"ReadAction\",\"target\":[\"https:\/\/www.omniconnect.com.vn\/?page_id=792\"]}]},{\"@type\":\"ImageObject\",\"inLanguage\":\"en-US\",\"@id\":\"https:\/\/www.omniconnect.com.vn\/?page_id=792#primaryimage\",\"url\":\"https:\/\/www.omniconnect.com.vn\/wp-content\/uploads\/2024\/05\/Photo_omni.jpg\",\"contentUrl\":\"https:\/\/www.omniconnect.com.vn\/wp-content\/uploads\/2024\/05\/Photo_omni.jpg\",\"width\":739,\"height\":557},{\"@type\":\"BreadcrumbList\",\"@id\":\"https:\/\/www.omniconnect.com.vn\/?page_id=792#breadcrumb\",\"itemListElement\":[{\"@type\":\"ListItem\",\"position\":1,\"name\":\"Home\",\"item\":\"https:\/\/www.omniconnect.com.vn\/\"},{\"@type\":\"ListItem\",\"position\":2,\"name\":\"Alcatel Lucent OmniPCX Office\"}]},{\"@type\":\"WebSite\",\"@id\":\"https:\/\/www.omniconnect.com.vn\/#website\",\"url\":\"https:\/\/www.omniconnect.com.vn\/\",\"name\":\"OMNICONNECT\",\"description\":\"\",\"potentialAction\":[{\"@type\":\"SearchAction\",\"target\":{\"@type\":\"EntryPoint\",\"urlTemplate\":\"https:\/\/www.omniconnect.com.vn\/?s={search_term_string}\"},\"query-input\":{\"@type\":\"PropertyValueSpecification\",\"valueRequired\":true,\"valueName\":\"search_term_string\"}}],\"inLanguage\":\"en-US\"}]}<\/script>\n<!-- \/ Yoast SEO plugin. -->","yoast_head_json":{"title":"Alcatel Lucent OmniPCX Office - OMNICONNECT","robots":{"index":"index","follow":"follow","max-snippet":"max-snippet:-1","max-image-preview":"max-image-preview:large","max-video-preview":"max-video-preview:-1"},"canonical":"https:\/\/www.omniconnect.com.vn\/?page_id=792","og_locale":"en_US","og_type":"article","og_title":"Alcatel Lucent OmniPCX Office - OMNICONNECT","og_description":"T\u1ed5ng \u0111\u00e0i Alcatel-Lucent OmniPCX Office l\u00e0 d\u1ea1ng t\u1ed5ng \u0111\u00e0i t\u00edch h\u1ee3p chuy\u00ean d\u1ee5ng cho doanh nghi\u1ec7p\/kh\u00e1ch s\u1ea1n v\u1eeba v\u00e0 nh\u1ecf v\u1edbi kh\u1ea3 n\u0103ng cung c\u1ea5p \u0111\u1ea7y \u0111\u1ee7 c\u00e1c d\u1ecbch v\u1ee5 tho\u1ea1i cao c\u1ea5p, hi\u1ec7n \u0111\u1ea1i v\u00e0 b\u1ea3o m\u1eadt \u0111\u00e1p \u1ee9ng h\u1ea7u h\u1ebft c\u00e1c y\u00eau c\u1ea7u v\u1ec1 tho\u1ea1i c\u1ee7a c\u1ea3 doanh nghi\u1ec7p v\u00e0 d\u1ecbch v\u1ee5 kh\u00e1ch s\u1ea1n, trong khi \u0111\u00f3 r\u1ea5t d\u1ec5 d\u00e0ng trong tri\u1ec3n khai, qu\u1ea3n tr\u1ecb v\u00e0 gi\u00e1 c\u1ea3 c\u1ea1nh tranh. View More ALCATEL-LUCENT OXO CONNECT Rated 0 out of 5 Thi\u1ebft k\u1ebf m\u1ea1nh m\u1ebd v\u00e0 c\u00f3 th\u1ec3 m\u1edf r\u1ed9ng t\u1edbi 300 ng\u01b0\u1eddi d\u00f9ng khi doanh nghi\u1ec7p ph\u00e1t tri\u1ec3n, h\u1ec7 th\u1ed1ng OXO Connect c\u00f3 th\u1ec3 \u00e1p d\u1ee5ng cho doanh nghi\u1ec7p v\u00e0&#8230; View More Alcatel Lucent OmniPCX Office View More ALCATEL LUCENT OMNI-PCX OFFICE (OXO) Rated 0 out of 5 Alcatel OmniPCX Office (OXO) l\u00e0 d\u00f2ng s\u1ea3n ph\u1ea9m t\u1ed5ng \u0111\u00e0i \u0111i\u1ec7n tho\u1ea1i k\u1ef9 thu\u1eadt s\u1ed1 th\u00edch h\u1ee3p cho c\u00e1c v\u0103n ph\u00f2ng v\u1eeba v\u00e0 nh\u1ecf. OXO \u0111\u01b0\u1ee3c t\u00edch h\u1ee3p c\u00e1c c\u00f4ng&#8230; View More Alcatel Lucent OmniPCX Office","og_url":"https:\/\/www.omniconnect.com.vn\/?page_id=792","og_site_name":"OMNICONNECT","article_modified_time":"2025-12-15T11:05:57+00:00","og_image":[{"width":739,"height":557,"url":"https:\/\/www.omniconnect.com.vn\/wp-content\/uploads\/2024\/05\/Photo_omni.jpg","type":"image\/jpeg"}],"twitter_card":"summary_large_image","twitter_misc":{"Est. reading time":"2 minutes"},"schema":{"@context":"https:\/\/schema.org","@graph":[{"@type":"WebPage","@id":"https:\/\/www.omniconnect.com.vn\/?page_id=792","url":"https:\/\/www.omniconnect.com.vn\/?page_id=792","name":"Alcatel Lucent OmniPCX Office - OMNICONNECT","isPartOf":{"@id":"https:\/\/www.omniconnect.com.vn\/#website"},"primaryImageOfPage":{"@id":"https:\/\/www.omniconnect.com.vn\/?page_id=792#primaryimage"},"image":{"@id":"https:\/\/www.omniconnect.com.vn\/?page_id=792#primaryimage"},"thumbnailUrl":"https:\/\/www.omniconnect.com.vn\/wp-content\/uploads\/2024\/05\/Photo_omni.jpg","datePublished":"2024-05-21T12:59:55+00:00","dateModified":"2025-12-15T11:05:57+00:00","breadcrumb":{"@id":"https:\/\/www.omniconnect.com.vn\/?page_id=792#breadcrumb"},"inLanguage":"en-US","potentialAction":[{"@type":"ReadAction","target":["https:\/\/www.omniconnect.com.vn\/?page_id=792"]}]},{"@type":"ImageObject","inLanguage":"en-US","@id":"https:\/\/www.omniconnect.com.vn\/?page_id=792#primaryimage","url":"https:\/\/www.omniconnect.com.vn\/wp-content\/uploads\/2024\/05\/Photo_omni.jpg","contentUrl":"https:\/\/www.omniconnect.com.vn\/wp-content\/uploads\/2024\/05\/Photo_omni.jpg","width":739,"height":557},{"@type":"BreadcrumbList","@id":"https:\/\/www.omniconnect.com.vn\/?page_id=792#breadcrumb","itemListElement":[{"@type":"ListItem","position":1,"name":"Home","item":"https:\/\/www.omniconnect.com.vn\/"},{"@type":"ListItem","position":2,"name":"Alcatel Lucent OmniPCX Office"}]},{"@type":"WebSite","@id":"https:\/\/www.omniconnect.com.vn\/#website","url":"https:\/\/www.omniconnect.com.vn\/","name":"OMNICONNECT","description":"","potentialAction":[{"@type":"SearchAction","target":{"@type":"EntryPoint","urlTemplate":"https:\/\/www.omniconnect.com.vn\/?s={search_term_string}"},"query-input":{"@type":"PropertyValueSpecification","valueRequired":true,"valueName":"search_term_string"}}],"inLanguage":"en-US"}]}},"_links":{"self":[{"href":"https:\/\/www.omniconnect.com.vn\/index.php?rest_route=\/wp\/v2\/pages\/792","targetHints":{"allow":["GET"]}}],"collection":[{"href":"https:\/\/www.omniconnect.com.vn\/index.php?rest_route=\/wp\/v2\/pages"}],"about":[{"href":"https:\/\/www.omniconnect.com.vn\/index.php?rest_route=\/wp\/v2\/types\/page"}],"author":[{"embeddable":true,"href":"https:\/\/www.omniconnect.com.vn\/index.php?rest_route=\/wp\/v2\/users\/1"}],"replies":[{"embeddable":true,"href":"https:\/\/www.omniconnect.com.vn\/index.php?rest_route=%2Fwp%2Fv2%2Fcomments&post=792"}],"version-history":[{"count":21,"href":"https:\/\/www.omniconnect.com.vn\/index.php?rest_route=\/wp\/v2\/pages\/792\/revisions"}],"predecessor-version":[{"id":3720,"href":"https:\/\/www.omniconnect.com.vn\/index.php?rest_route=\/wp\/v2\/pages\/792\/revisions\/3720"}],"wp:attachment":[{"href":"https:\/\/www.omniconnect.com.vn\/index.php?rest_route=%2Fwp%2Fv2%2Fmedia&parent=792"}],"curies":[{"name":"wp","href":"https:\/\/api.w.org\/{rel}","templated":true}]}}