{"id":2023,"date":"2024-05-26T10:29:21","date_gmt":"2024-05-26T10:29:21","guid":{"rendered":"http:\/\/14.241.231.23\/?post_type=product&#038;p=2023"},"modified":"2024-06-22T09:12:33","modified_gmt":"2024-06-22T09:12:33","slug":"alcatel-lucent-phone-8018s","status":"publish","type":"product","link":"https:\/\/www.omniconnect.com.vn\/?product=alcatel-lucent-phone-8018s","title":{"rendered":"IP PHONE 8018S"},"content":{"rendered":"<p>Thi\u1ebft k\u1ebf ho\u00e0n h\u1ea3o c\u00f9ng v\u1edbi t\u00ednh n\u0103ng c\u1ea7n thi\u1ebft v\u00e0 phong ph\u00fa cho m\u1ed9t chi\u1ebfc \u0111i\u1ec7n tho\u1ea1i IP telephony<\/p>\n<p><img fetchpriority=\"high\" decoding=\"async\" class=\"alignnone wp-image-1512\" src=\"https:\/\/omninet.com.vn\/wp-content\/uploads\/2017\/09\/alcatel_8018-2.png\" sizes=\"(max-width: 600px) 100vw, 600px\" srcset=\"https:\/\/omninet.com.vn\/wp-content\/uploads\/2017\/09\/alcatel_8018-2.png 600w, https:\/\/omninet.com.vn\/wp-content\/uploads\/2017\/09\/alcatel_8018-2-300x300.png 300w, https:\/\/omninet.com.vn\/wp-content\/uploads\/2017\/09\/alcatel_8018-2-100x100.png 100w, https:\/\/omninet.com.vn\/wp-content\/uploads\/2017\/09\/alcatel_8018-2-150x150.png 150w, https:\/\/omninet.com.vn\/wp-content\/uploads\/2017\/09\/alcatel_8018-2-60x60.png 60w\" alt=\"alcatel_8018-2\" width=\"498\" height=\"498\" \/><\/p>\n<ul>\n<li>C\u00e1c t\u00ednh n\u0103ng n\u00e2ng cao<\/li>\n<li>\u0110\u1ed9 ph\u00e2n gi\u1ea3i m\u00e0n h\u00ecnh Backlit B&amp;W<\/li>\n<li>K\u1ebft n\u1ed1i USB, VPN client<\/li>\n<li>Class 1: \u0110i\u1ec7n n\u0103ng ti\u00eau th\u1ee5 th\u1ea5p<\/li>\n<li>Ph\u1ee5 ki\u1ec7n g\u1eafn t\u01b0\u1eddng<\/li>\n<\/ul>\n","protected":false},"excerpt":{"rendered":"<h1 class=\"product_title entry-title\"><span style=\"font-size: 18px; font-weight: 300;\">Thi\u1ebft k\u1ebf ho\u00e0n h\u1ea3o c\u00f9ng v\u1edbi t\u00ednh n\u0103ng c\u1ea7n thi\u1ebft v\u00e0 phong ph\u00fa cho m\u1ed9t chi\u1ebfc \u0111i\u1ec7n tho\u1ea1i IP telephony<\/span><\/h1>\n<div class=\"short-description\">\n<ul>\n<li>C\u00e1c t\u00ednh n\u0103ng n\u00e2ng cao<\/li>\n<li>\u0110\u1ed9 ph\u00e2n gi\u1ea3i m\u00e0n h\u00ecnh Backlit B&amp;W<\/li>\n<li>K\u1ebft n\u1ed1i USB, VPN client<\/li>\n<li>Class 1: \u0110i\u1ec7n n\u0103ng ti\u00eau th\u1ee5 th\u1ea5p<\/li>\n<li>Ph\u1ee5 ki\u1ec7n g\u1eafn t\u01b0\u1eddng<\/li>\n<\/ul>\n<\/div>\n","protected":false},"featured_media":862,"comment_status":"open","ping_status":"closed","template":"","meta":[],"product_brand":[],"product_cat":[25],"product_tag":[],"class_list":{"0":"post-2023","1":"product","2":"type-product","3":"status-publish","4":"has-post-thumbnail","6":"product_cat-ip-phone","8":"first","9":"instock","10":"shipping-taxable","11":"product-type-simple"},"yoast_head":"<!-- This site is optimized with the Yoast SEO plugin v26.5 - https:\/\/yoast.com\/wordpress\/plugins\/seo\/ -->\n<title>IP PHONE 8018S - OMNICONNECT<\/title>\n<meta name=\"robots\" content=\"index, follow, max-snippet:-1, max-image-preview:large, max-video-preview:-1\" \/>\n<link rel=\"canonical\" href=\"https:\/\/www.omniconnect.com.vn\/?product=alcatel-lucent-phone-8018s\" \/>\n<meta property=\"og:locale\" content=\"en_US\" \/>\n<meta property=\"og:type\" content=\"article\" \/>\n<meta property=\"og:title\" content=\"IP PHONE 8018S - OMNICONNECT\" \/>\n<meta property=\"og:description\" content=\"Thi\u1ebft k\u1ebf ho\u00e0n h\u1ea3o c\u00f9ng v\u1edbi t\u00ednh n\u0103ng c\u1ea7n thi\u1ebft v\u00e0 phong ph\u00fa cho m\u1ed9t chi\u1ebfc \u0111i\u1ec7n tho\u1ea1i IP telephony    C\u00e1c t\u00ednh n\u0103ng n\u00e2ng cao  \u0110\u1ed9 ph\u00e2n gi\u1ea3i m\u00e0n h\u00ecnh Backlit B&amp;W  K\u1ebft n\u1ed1i USB, VPN client  Class 1: \u0110i\u1ec7n n\u0103ng ti\u00eau th\u1ee5 th\u1ea5p  Ph\u1ee5 ki\u1ec7n g\u1eafn t\u01b0\u1eddng\" \/>\n<meta property=\"og:url\" content=\"https:\/\/www.omniconnect.com.vn\/?product=alcatel-lucent-phone-8018s\" \/>\n<meta property=\"og:site_name\" content=\"OMNICONNECT\" \/>\n<meta property=\"article:modified_time\" content=\"2024-06-22T09:12:33+00:00\" \/>\n<meta property=\"og:image\" content=\"https:\/\/www.omniconnect.com.vn\/wp-content\/uploads\/2024\/05\/alcatel-lucent-phone-8018s-300x300-1.jpg\" \/>\n\t<meta property=\"og:image:width\" content=\"300\" \/>\n\t<meta property=\"og:image:height\" content=\"300\" \/>\n\t<meta property=\"og:image:type\" content=\"image\/jpeg\" \/>\n<meta name=\"twitter:card\" content=\"summary_large_image\" \/>\n<script type=\"application\/ld+json\" class=\"yoast-schema-graph\">{\"@context\":\"https:\/\/schema.org\",\"@graph\":[{\"@type\":\"WebPage\",\"@id\":\"https:\/\/www.omniconnect.com.vn\/?product=alcatel-lucent-phone-8018s\",\"url\":\"https:\/\/www.omniconnect.com.vn\/?product=alcatel-lucent-phone-8018s\",\"name\":\"IP PHONE 8018S - OMNICONNECT\",\"isPartOf\":{\"@id\":\"https:\/\/www.omniconnect.com.vn\/#website\"},\"primaryImageOfPage\":{\"@id\":\"https:\/\/www.omniconnect.com.vn\/?product=alcatel-lucent-phone-8018s#primaryimage\"},\"image\":{\"@id\":\"https:\/\/www.omniconnect.com.vn\/?product=alcatel-lucent-phone-8018s#primaryimage\"},\"thumbnailUrl\":\"https:\/\/www.omniconnect.com.vn\/wp-content\/uploads\/2024\/05\/alcatel-lucent-phone-8018s-300x300-1.jpg\",\"datePublished\":\"2024-05-26T10:29:21+00:00\",\"dateModified\":\"2024-06-22T09:12:33+00:00\",\"breadcrumb\":{\"@id\":\"https:\/\/www.omniconnect.com.vn\/?product=alcatel-lucent-phone-8018s#breadcrumb\"},\"inLanguage\":\"en-US\",\"potentialAction\":[{\"@type\":\"ReadAction\",\"target\":[\"https:\/\/www.omniconnect.com.vn\/?product=alcatel-lucent-phone-8018s\"]}]},{\"@type\":\"ImageObject\",\"inLanguage\":\"en-US\",\"@id\":\"https:\/\/www.omniconnect.com.vn\/?product=alcatel-lucent-phone-8018s#primaryimage\",\"url\":\"https:\/\/www.omniconnect.com.vn\/wp-content\/uploads\/2024\/05\/alcatel-lucent-phone-8018s-300x300-1.jpg\",\"contentUrl\":\"https:\/\/www.omniconnect.com.vn\/wp-content\/uploads\/2024\/05\/alcatel-lucent-phone-8018s-300x300-1.jpg\",\"width\":300,\"height\":300},{\"@type\":\"BreadcrumbList\",\"@id\":\"https:\/\/www.omniconnect.com.vn\/?product=alcatel-lucent-phone-8018s#breadcrumb\",\"itemListElement\":[{\"@type\":\"ListItem\",\"position\":1,\"name\":\"Home\",\"item\":\"https:\/\/www.omniconnect.com.vn\/\"},{\"@type\":\"ListItem\",\"position\":2,\"name\":\"Sample Page\",\"item\":\"https:\/\/www.omniconnect.com.vn\/?page_id=2\"},{\"@type\":\"ListItem\",\"position\":3,\"name\":\"IP PHONE 8018S\"}]},{\"@type\":\"WebSite\",\"@id\":\"https:\/\/www.omniconnect.com.vn\/#website\",\"url\":\"https:\/\/www.omniconnect.com.vn\/\",\"name\":\"OMNICONNECT\",\"description\":\"\",\"potentialAction\":[{\"@type\":\"SearchAction\",\"target\":{\"@type\":\"EntryPoint\",\"urlTemplate\":\"https:\/\/www.omniconnect.com.vn\/?s={search_term_string}\"},\"query-input\":{\"@type\":\"PropertyValueSpecification\",\"valueRequired\":true,\"valueName\":\"search_term_string\"}}],\"inLanguage\":\"en-US\"}]}<\/script>\n<!-- \/ Yoast SEO plugin. -->","yoast_head_json":{"title":"IP PHONE 8018S - OMNICONNECT","robots":{"index":"index","follow":"follow","max-snippet":"max-snippet:-1","max-image-preview":"max-image-preview:large","max-video-preview":"max-video-preview:-1"},"canonical":"https:\/\/www.omniconnect.com.vn\/?product=alcatel-lucent-phone-8018s","og_locale":"en_US","og_type":"article","og_title":"IP PHONE 8018S - OMNICONNECT","og_description":"Thi\u1ebft k\u1ebf ho\u00e0n h\u1ea3o c\u00f9ng v\u1edbi t\u00ednh n\u0103ng c\u1ea7n thi\u1ebft v\u00e0 phong ph\u00fa cho m\u1ed9t chi\u1ebfc \u0111i\u1ec7n tho\u1ea1i IP telephony    C\u00e1c t\u00ednh n\u0103ng n\u00e2ng cao  \u0110\u1ed9 ph\u00e2n gi\u1ea3i m\u00e0n h\u00ecnh Backlit B&amp;W  K\u1ebft n\u1ed1i USB, VPN client  Class 1: \u0110i\u1ec7n n\u0103ng ti\u00eau th\u1ee5 th\u1ea5p  Ph\u1ee5 ki\u1ec7n g\u1eafn t\u01b0\u1eddng","og_url":"https:\/\/www.omniconnect.com.vn\/?product=alcatel-lucent-phone-8018s","og_site_name":"OMNICONNECT","article_modified_time":"2024-06-22T09:12:33+00:00","og_image":[{"width":300,"height":300,"url":"https:\/\/www.omniconnect.com.vn\/wp-content\/uploads\/2024\/05\/alcatel-lucent-phone-8018s-300x300-1.jpg","type":"image\/jpeg"}],"twitter_card":"summary_large_image","schema":{"@context":"https:\/\/schema.org","@graph":[{"@type":"WebPage","@id":"https:\/\/www.omniconnect.com.vn\/?product=alcatel-lucent-phone-8018s","url":"https:\/\/www.omniconnect.com.vn\/?product=alcatel-lucent-phone-8018s","name":"IP PHONE 8018S - OMNICONNECT","isPartOf":{"@id":"https:\/\/www.omniconnect.com.vn\/#website"},"primaryImageOfPage":{"@id":"https:\/\/www.omniconnect.com.vn\/?product=alcatel-lucent-phone-8018s#primaryimage"},"image":{"@id":"https:\/\/www.omniconnect.com.vn\/?product=alcatel-lucent-phone-8018s#primaryimage"},"thumbnailUrl":"https:\/\/www.omniconnect.com.vn\/wp-content\/uploads\/2024\/05\/alcatel-lucent-phone-8018s-300x300-1.jpg","datePublished":"2024-05-26T10:29:21+00:00","dateModified":"2024-06-22T09:12:33+00:00","breadcrumb":{"@id":"https:\/\/www.omniconnect.com.vn\/?product=alcatel-lucent-phone-8018s#breadcrumb"},"inLanguage":"en-US","potentialAction":[{"@type":"ReadAction","target":["https:\/\/www.omniconnect.com.vn\/?product=alcatel-lucent-phone-8018s"]}]},{"@type":"ImageObject","inLanguage":"en-US","@id":"https:\/\/www.omniconnect.com.vn\/?product=alcatel-lucent-phone-8018s#primaryimage","url":"https:\/\/www.omniconnect.com.vn\/wp-content\/uploads\/2024\/05\/alcatel-lucent-phone-8018s-300x300-1.jpg","contentUrl":"https:\/\/www.omniconnect.com.vn\/wp-content\/uploads\/2024\/05\/alcatel-lucent-phone-8018s-300x300-1.jpg","width":300,"height":300},{"@type":"BreadcrumbList","@id":"https:\/\/www.omniconnect.com.vn\/?product=alcatel-lucent-phone-8018s#breadcrumb","itemListElement":[{"@type":"ListItem","position":1,"name":"Home","item":"https:\/\/www.omniconnect.com.vn\/"},{"@type":"ListItem","position":2,"name":"Sample Page","item":"https:\/\/www.omniconnect.com.vn\/?page_id=2"},{"@type":"ListItem","position":3,"name":"IP PHONE 8018S"}]},{"@type":"WebSite","@id":"https:\/\/www.omniconnect.com.vn\/#website","url":"https:\/\/www.omniconnect.com.vn\/","name":"OMNICONNECT","description":"","potentialAction":[{"@type":"SearchAction","target":{"@type":"EntryPoint","urlTemplate":"https:\/\/www.omniconnect.com.vn\/?s={search_term_string}"},"query-input":{"@type":"PropertyValueSpecification","valueRequired":true,"valueName":"search_term_string"}}],"inLanguage":"en-US"}]}},"_links":{"self":[{"href":"https:\/\/www.omniconnect.com.vn\/index.php?rest_route=\/wp\/v2\/product\/2023","targetHints":{"allow":["GET"]}}],"collection":[{"href":"https:\/\/www.omniconnect.com.vn\/index.php?rest_route=\/wp\/v2\/product"}],"about":[{"href":"https:\/\/www.omniconnect.com.vn\/index.php?rest_route=\/wp\/v2\/types\/product"}],"replies":[{"embeddable":true,"href":"https:\/\/www.omniconnect.com.vn\/index.php?rest_route=%2Fwp%2Fv2%2Fcomments&post=2023"}],"wp:featuredmedia":[{"embeddable":true,"href":"https:\/\/www.omniconnect.com.vn\/index.php?rest_route=\/wp\/v2\/media\/862"}],"wp:attachment":[{"href":"https:\/\/www.omniconnect.com.vn\/index.php?rest_route=%2Fwp%2Fv2%2Fmedia&parent=2023"}],"wp:term":[{"taxonomy":"product_brand","embeddable":true,"href":"https:\/\/www.omniconnect.com.vn\/index.php?rest_route=%2Fwp%2Fv2%2Fproduct_brand&post=2023"},{"taxonomy":"product_cat","embeddable":true,"href":"https:\/\/www.omniconnect.com.vn\/index.php?rest_route=%2Fwp%2Fv2%2Fproduct_cat&post=2023"},{"taxonomy":"product_tag","embeddable":true,"href":"https:\/\/www.omniconnect.com.vn\/index.php?rest_route=%2Fwp%2Fv2%2Fproduct_tag&post=2023"}],"curies":[{"name":"wp","href":"https:\/\/api.w.org\/{rel}","templated":true}]}}