{"id":2024,"date":"2024-05-26T10:32:26","date_gmt":"2024-05-26T10:32:26","guid":{"rendered":"http:\/\/14.241.231.23\/?post_type=product&#038;p=2024"},"modified":"2024-06-22T09:14:14","modified_gmt":"2024-06-22T09:14:14","slug":"ip-phone-8078s-bt","status":"publish","type":"product","link":"https:\/\/www.omniconnect.com.vn\/?product=ip-phone-8078s-bt","title":{"rendered":"SIP PHONE 8078S BT"},"content":{"rendered":"<p>\u2013 \u0110i\u1ec7n tho\u1ea1i IP chu\u1ea9n SIP\u00a0th\u00edch \u1ee9ng v\u1edbi t\u1ea5t c\u1ea3 c\u00e1c lo\u1ea1i t\u1ed5ng \u0111\u00e0i<\/p>\n<p>\u2013 M\u00e0n h\u00ecnh m\u00e0u c\u1ea3m \u1ee9ng 5 inch<\/p>\n<p>\u2013 2 c\u1ed5ng Gigabit Ethernet 10\/100\/1000 \u0111\u1ec3 k\u1ebft n\u1ed1i v\u1edbi t\u1ed5ng \u0111\u00e0i v\u1ea7 m\u00e1y t\u00ednh<\/p>\n<p>\u2013\u00a0M\u00e0n h\u00ecnh m\u00e0u\u00a0480 x 800 pixels,<\/p>\n<p>\u2013 Bluetooth 4.1 Smart<\/p>\n<p>\u2013 Ph\u00edm \u0111i\u1ec1u h\u01b0\u1edbng c\u1ea3m \u1ee9ng<\/p>\n<p>\u2013 C\u00e1c ph\u00edm ch\u1ee9c n\u0103ng On\/Off hook, dial pad, mute, volume, hands-free v\u1edbi hi\u1ec3n th\u1ecb \u0111\u00e8n led<\/p>\n<p>\u2013 H\u1ed7 tr\u1ee3 IPV4\/IPV6<\/p>\n<p>\u2013 Ch\u1ea5t l\u01b0\u1ee3ng \u00e2m thanh HD<\/p>\n<p>\u2013 K\u00edch th\u01b0\u1edbc: 252W\/200D\/204H<\/p>\n","protected":false},"excerpt":{"rendered":"<h1 class=\"product_title entry-title\"><span style=\"font-size: 18px; font-weight: 300;\">\u2013 \u0110i\u1ec7n tho\u1ea1i IP chu\u1ea9n SIP th\u00edch \u1ee9ng v\u1edbi t\u1ea5t c\u1ea3 c\u00e1c lo\u1ea1i t\u1ed5ng \u0111\u00e0i<\/span><\/h1>\n<div class=\"short-description\">\n<p>\u2013 M\u00e0n h\u00ecnh m\u00e0u c\u1ea3m \u1ee9ng 5 inch<\/p>\n<p>\u2013 2 c\u1ed5ng Gigabit Ethernet 10\/100\/1000 \u0111\u1ec3 k\u1ebft n\u1ed1i v\u1edbi t\u1ed5ng \u0111\u00e0i v\u1ea7 m\u00e1y t\u00ednh<\/p>\n<p>\u2013\u00a0M\u00e0n h\u00ecnh m\u00e0u\u00a0480 x 800 pixels,<\/p>\n<\/div>\n","protected":false},"featured_media":2239,"comment_status":"open","ping_status":"closed","template":"","meta":[],"product_brand":[],"product_cat":[26],"product_tag":[],"class_list":{"0":"post-2024","1":"product","2":"type-product","3":"status-publish","4":"has-post-thumbnail","6":"product_cat-sip-phone","8":"first","9":"instock","10":"shipping-taxable","11":"product-type-simple"},"yoast_head":"<!-- This site is optimized with the Yoast SEO plugin v26.5 - https:\/\/yoast.com\/wordpress\/plugins\/seo\/ -->\n<title>SIP PHONE 8078S BT - OMNICONNECT<\/title>\n<meta name=\"robots\" content=\"index, follow, max-snippet:-1, max-image-preview:large, max-video-preview:-1\" \/>\n<link rel=\"canonical\" href=\"https:\/\/www.omniconnect.com.vn\/?product=ip-phone-8078s-bt\" \/>\n<meta property=\"og:locale\" content=\"en_US\" \/>\n<meta property=\"og:type\" content=\"article\" \/>\n<meta property=\"og:title\" content=\"SIP PHONE 8078S BT - OMNICONNECT\" \/>\n<meta property=\"og:description\" content=\"\u2013 \u0110i\u1ec7n tho\u1ea1i IP chu\u1ea9n SIP th\u00edch \u1ee9ng v\u1edbi t\u1ea5t c\u1ea3 c\u00e1c lo\u1ea1i t\u1ed5ng \u0111\u00e0i   \u2013 M\u00e0n h\u00ecnh m\u00e0u c\u1ea3m \u1ee9ng 5 inch  \u2013 2 c\u1ed5ng Gigabit Ethernet 10\/100\/1000 \u0111\u1ec3 k\u1ebft n\u1ed1i v\u1edbi t\u1ed5ng \u0111\u00e0i v\u1ea7 m\u00e1y t\u00ednh  \u2013\u00a0M\u00e0n h\u00ecnh m\u00e0u\u00a0480 x 800 pixels,\" \/>\n<meta property=\"og:url\" content=\"https:\/\/www.omniconnect.com.vn\/?product=ip-phone-8078s-bt\" \/>\n<meta property=\"og:site_name\" content=\"OMNICONNECT\" \/>\n<meta property=\"article:modified_time\" content=\"2024-06-22T09:14:14+00:00\" \/>\n<meta property=\"og:image\" content=\"https:\/\/www.omniconnect.com.vn\/wp-content\/uploads\/2024\/05\/1-8078s.png\" \/>\n\t<meta property=\"og:image:width\" content=\"300\" \/>\n\t<meta property=\"og:image:height\" content=\"300\" \/>\n\t<meta property=\"og:image:type\" content=\"image\/png\" \/>\n<meta name=\"twitter:card\" content=\"summary_large_image\" \/>\n<meta name=\"twitter:label1\" content=\"Est. reading time\" \/>\n\t<meta name=\"twitter:data1\" content=\"1 minute\" \/>\n<script type=\"application\/ld+json\" class=\"yoast-schema-graph\">{\"@context\":\"https:\/\/schema.org\",\"@graph\":[{\"@type\":\"WebPage\",\"@id\":\"https:\/\/www.omniconnect.com.vn\/?product=ip-phone-8078s-bt\",\"url\":\"https:\/\/www.omniconnect.com.vn\/?product=ip-phone-8078s-bt\",\"name\":\"SIP PHONE 8078S BT - OMNICONNECT\",\"isPartOf\":{\"@id\":\"https:\/\/www.omniconnect.com.vn\/#website\"},\"primaryImageOfPage\":{\"@id\":\"https:\/\/www.omniconnect.com.vn\/?product=ip-phone-8078s-bt#primaryimage\"},\"image\":{\"@id\":\"https:\/\/www.omniconnect.com.vn\/?product=ip-phone-8078s-bt#primaryimage\"},\"thumbnailUrl\":\"https:\/\/www.omniconnect.com.vn\/wp-content\/uploads\/2024\/05\/1-8078s.png\",\"datePublished\":\"2024-05-26T10:32:26+00:00\",\"dateModified\":\"2024-06-22T09:14:14+00:00\",\"breadcrumb\":{\"@id\":\"https:\/\/www.omniconnect.com.vn\/?product=ip-phone-8078s-bt#breadcrumb\"},\"inLanguage\":\"en-US\",\"potentialAction\":[{\"@type\":\"ReadAction\",\"target\":[\"https:\/\/www.omniconnect.com.vn\/?product=ip-phone-8078s-bt\"]}]},{\"@type\":\"ImageObject\",\"inLanguage\":\"en-US\",\"@id\":\"https:\/\/www.omniconnect.com.vn\/?product=ip-phone-8078s-bt#primaryimage\",\"url\":\"https:\/\/www.omniconnect.com.vn\/wp-content\/uploads\/2024\/05\/1-8078s.png\",\"contentUrl\":\"https:\/\/www.omniconnect.com.vn\/wp-content\/uploads\/2024\/05\/1-8078s.png\",\"width\":300,\"height\":300},{\"@type\":\"BreadcrumbList\",\"@id\":\"https:\/\/www.omniconnect.com.vn\/?product=ip-phone-8078s-bt#breadcrumb\",\"itemListElement\":[{\"@type\":\"ListItem\",\"position\":1,\"name\":\"Home\",\"item\":\"https:\/\/www.omniconnect.com.vn\/\"},{\"@type\":\"ListItem\",\"position\":2,\"name\":\"Sample Page\",\"item\":\"https:\/\/www.omniconnect.com.vn\/?page_id=2\"},{\"@type\":\"ListItem\",\"position\":3,\"name\":\"SIP PHONE 8078S BT\"}]},{\"@type\":\"WebSite\",\"@id\":\"https:\/\/www.omniconnect.com.vn\/#website\",\"url\":\"https:\/\/www.omniconnect.com.vn\/\",\"name\":\"OMNICONNECT\",\"description\":\"\",\"potentialAction\":[{\"@type\":\"SearchAction\",\"target\":{\"@type\":\"EntryPoint\",\"urlTemplate\":\"https:\/\/www.omniconnect.com.vn\/?s={search_term_string}\"},\"query-input\":{\"@type\":\"PropertyValueSpecification\",\"valueRequired\":true,\"valueName\":\"search_term_string\"}}],\"inLanguage\":\"en-US\"}]}<\/script>\n<!-- \/ Yoast SEO plugin. -->","yoast_head_json":{"title":"SIP PHONE 8078S BT - OMNICONNECT","robots":{"index":"index","follow":"follow","max-snippet":"max-snippet:-1","max-image-preview":"max-image-preview:large","max-video-preview":"max-video-preview:-1"},"canonical":"https:\/\/www.omniconnect.com.vn\/?product=ip-phone-8078s-bt","og_locale":"en_US","og_type":"article","og_title":"SIP PHONE 8078S BT - OMNICONNECT","og_description":"\u2013 \u0110i\u1ec7n tho\u1ea1i IP chu\u1ea9n SIP th\u00edch \u1ee9ng v\u1edbi t\u1ea5t c\u1ea3 c\u00e1c lo\u1ea1i t\u1ed5ng \u0111\u00e0i   \u2013 M\u00e0n h\u00ecnh m\u00e0u c\u1ea3m \u1ee9ng 5 inch  \u2013 2 c\u1ed5ng Gigabit Ethernet 10\/100\/1000 \u0111\u1ec3 k\u1ebft n\u1ed1i v\u1edbi t\u1ed5ng \u0111\u00e0i v\u1ea7 m\u00e1y t\u00ednh  \u2013\u00a0M\u00e0n h\u00ecnh m\u00e0u\u00a0480 x 800 pixels,","og_url":"https:\/\/www.omniconnect.com.vn\/?product=ip-phone-8078s-bt","og_site_name":"OMNICONNECT","article_modified_time":"2024-06-22T09:14:14+00:00","og_image":[{"width":300,"height":300,"url":"https:\/\/www.omniconnect.com.vn\/wp-content\/uploads\/2024\/05\/1-8078s.png","type":"image\/png"}],"twitter_card":"summary_large_image","twitter_misc":{"Est. reading time":"1 minute"},"schema":{"@context":"https:\/\/schema.org","@graph":[{"@type":"WebPage","@id":"https:\/\/www.omniconnect.com.vn\/?product=ip-phone-8078s-bt","url":"https:\/\/www.omniconnect.com.vn\/?product=ip-phone-8078s-bt","name":"SIP PHONE 8078S BT - OMNICONNECT","isPartOf":{"@id":"https:\/\/www.omniconnect.com.vn\/#website"},"primaryImageOfPage":{"@id":"https:\/\/www.omniconnect.com.vn\/?product=ip-phone-8078s-bt#primaryimage"},"image":{"@id":"https:\/\/www.omniconnect.com.vn\/?product=ip-phone-8078s-bt#primaryimage"},"thumbnailUrl":"https:\/\/www.omniconnect.com.vn\/wp-content\/uploads\/2024\/05\/1-8078s.png","datePublished":"2024-05-26T10:32:26+00:00","dateModified":"2024-06-22T09:14:14+00:00","breadcrumb":{"@id":"https:\/\/www.omniconnect.com.vn\/?product=ip-phone-8078s-bt#breadcrumb"},"inLanguage":"en-US","potentialAction":[{"@type":"ReadAction","target":["https:\/\/www.omniconnect.com.vn\/?product=ip-phone-8078s-bt"]}]},{"@type":"ImageObject","inLanguage":"en-US","@id":"https:\/\/www.omniconnect.com.vn\/?product=ip-phone-8078s-bt#primaryimage","url":"https:\/\/www.omniconnect.com.vn\/wp-content\/uploads\/2024\/05\/1-8078s.png","contentUrl":"https:\/\/www.omniconnect.com.vn\/wp-content\/uploads\/2024\/05\/1-8078s.png","width":300,"height":300},{"@type":"BreadcrumbList","@id":"https:\/\/www.omniconnect.com.vn\/?product=ip-phone-8078s-bt#breadcrumb","itemListElement":[{"@type":"ListItem","position":1,"name":"Home","item":"https:\/\/www.omniconnect.com.vn\/"},{"@type":"ListItem","position":2,"name":"Sample Page","item":"https:\/\/www.omniconnect.com.vn\/?page_id=2"},{"@type":"ListItem","position":3,"name":"SIP PHONE 8078S BT"}]},{"@type":"WebSite","@id":"https:\/\/www.omniconnect.com.vn\/#website","url":"https:\/\/www.omniconnect.com.vn\/","name":"OMNICONNECT","description":"","potentialAction":[{"@type":"SearchAction","target":{"@type":"EntryPoint","urlTemplate":"https:\/\/www.omniconnect.com.vn\/?s={search_term_string}"},"query-input":{"@type":"PropertyValueSpecification","valueRequired":true,"valueName":"search_term_string"}}],"inLanguage":"en-US"}]}},"_links":{"self":[{"href":"https:\/\/www.omniconnect.com.vn\/index.php?rest_route=\/wp\/v2\/product\/2024","targetHints":{"allow":["GET"]}}],"collection":[{"href":"https:\/\/www.omniconnect.com.vn\/index.php?rest_route=\/wp\/v2\/product"}],"about":[{"href":"https:\/\/www.omniconnect.com.vn\/index.php?rest_route=\/wp\/v2\/types\/product"}],"replies":[{"embeddable":true,"href":"https:\/\/www.omniconnect.com.vn\/index.php?rest_route=%2Fwp%2Fv2%2Fcomments&post=2024"}],"wp:featuredmedia":[{"embeddable":true,"href":"https:\/\/www.omniconnect.com.vn\/index.php?rest_route=\/wp\/v2\/media\/2239"}],"wp:attachment":[{"href":"https:\/\/www.omniconnect.com.vn\/index.php?rest_route=%2Fwp%2Fv2%2Fmedia&parent=2024"}],"wp:term":[{"taxonomy":"product_brand","embeddable":true,"href":"https:\/\/www.omniconnect.com.vn\/index.php?rest_route=%2Fwp%2Fv2%2Fproduct_brand&post=2024"},{"taxonomy":"product_cat","embeddable":true,"href":"https:\/\/www.omniconnect.com.vn\/index.php?rest_route=%2Fwp%2Fv2%2Fproduct_cat&post=2024"},{"taxonomy":"product_tag","embeddable":true,"href":"https:\/\/www.omniconnect.com.vn\/index.php?rest_route=%2Fwp%2Fv2%2Fproduct_tag&post=2024"}],"curies":[{"name":"wp","href":"https:\/\/api.w.org\/{rel}","templated":true}]}}