{"id":2287,"date":"2024-05-27T11:42:34","date_gmt":"2024-05-27T11:42:34","guid":{"rendered":"http:\/\/14.241.231.23\/?post_type=product&#038;p=2287"},"modified":"2024-05-27T11:42:34","modified_gmt":"2024-05-27T11:42:34","slug":"alcatel-lucent-oxo-connect","status":"publish","type":"product","link":"https:\/\/www.omniconnect.com.vn\/?product=alcatel-lucent-oxo-connect","title":{"rendered":"ALCATEL-LUCENT OXO CONNECT"},"content":{"rendered":"<p>Thi\u1ebft k\u1ebf m\u1ea1nh m\u1ebd v\u00e0 c\u00f3 th\u1ec3 m\u1edf r\u1ed9ng t\u1edbi 300 ng\u01b0\u1eddi d\u00f9ng khi doanh nghi\u1ec7p ph\u00e1t tri\u1ec3n, h\u1ec7 th\u1ed1ng OXO Connect c\u00f3 th\u1ec3 \u00e1p d\u1ee5ng cho doanh nghi\u1ec7p v\u00e0 c\u1ea3 h\u1ec7 th\u1ed1ng kh\u00e1ch s\u1ea1n.<\/p>\n<p>Alcatel-Lucent OpenTouch Suite d\u00e0nh cho SMB tr\u00ean n\u1ec1n t\u1ea3ng th\u1ebf h\u1ec7 m\u1edbi c\u1ee7a h\u1ec7 th\u1ed1ng truy\u1ec1n th\u00f4ng \u0111\u01b0\u1ee3c g\u1ecdi l\u00e0 OXO Connect. V\u1edbi h\u1ec7 th\u1ed1ng truy\u1ec1n th\u00f4ng li\u00ean l\u1ea1c m\u1ea1nh m\u1ebd d\u00e0nh cho c\u00f4ng ty v\u1eeba v\u00e0 nh\u1ecf, s\u1eb5n s\u00e0ng k\u1ebft n\u1ed1i v\u00e0 g\u1eedi th\u00f4ng tin t\u1eeb H\u1ec7 th\u1ed1ng \u0111i\u1ec7n to\u00e1n \u0111\u00e1m m\u00e2y (Cloud) v\u1edbi kh\u1ea3 n\u0103ng x\u1eed l\u00fd l\u00ean t\u1edbi 300. \u00a0OXO Connect m\u1edf ra m\u1ed9t k\u1ec9 nguy\u00ean m\u1edbi, h\u01b0\u1edbng t\u1edbi t\u01b0\u01a1ng lai Cloud v\u00e0 c\u00e1c t\u00ednh n\u0103ng c\u1ea3i ti\u1ebfn cho SMB.<\/p>\n<p>H\u01a1n n\u1eefa, OXO Connect c\u00f2n d\u1ec5 d\u00e0ng \u0111\u0103ng k\u00fd b\u1ea3n quy\u1ec1n \u0111\u01b0\u1ee3c x\u00e2y d\u1ef1ng d\u1ef1a tr\u00ean b\u1ea3n quy\u1ec1n duy nh\u1ea5t d\u00e0nh cho t\u1ea5t c\u1ea3 c\u00e1c Telephony v\u00e0 d\u1ecbch v\u1ee5 cung c\u1ea5p cho ph\u00e9p n\u00e2ng c\u1ea5p ph\u1ea7n m\u1ec1m mi\u1ec5n ph\u00ed trong v\u00f2ng 3 n\u0103m.\u00a0 V\u1edbi \u0111\u1ec1 ngh\u1ecb n\u00e0y, Alcatel Lucent m\u1edf ra m\u1ed9t th\u1eddi \u0111\u1ea1i m\u1edbi d\u00e0nh cho SMB v\u00e0 kh\u1eb3ng \u0111\u1ecbnh v\u1ecb th\u1ebf d\u1eabn \u0111\u1ea7u trong th\u1ecb tr\u01b0\u1eddng.<\/p>\n<p>OpenTouch Suite d\u00e0nh cho SMB bao g\u1ed3m c\u00e1c t\u00ednh n\u0103ng d\u01b0\u1edbi \u0111\u00e2y:<\/p>\n<ul>\n<li>T\u00ednh n\u0103ng L\u00e0m vi\u1ec7c nh\u00f3m v\u00e0 h\u1ee3p t\u00e1c \u0111\u1ec3 gi\u00fap c\u00e1c nh\u00f3m t\u01b0\u01a1ng t\u00e1c c\u00f9ng nhau t\u1ed1t h\u01a1n.<\/li>\n<li>T\u0103ng c\u01b0\u1eddng t\u00ednh l\u01b0u \u0111\u1ed9ng \u0111\u1ec3 gi\u1eef cho ng\u01b0\u1eddi d\u00f9ng k\u1ebft n\u1ed1i v\u1edbi c\u00f4ng vi\u1ec7c kinh doanh c\u1ee7a h\u1ecd m\u1ecdi l\u00fac, m\u1ecdi n\u01a1i<\/li>\n<li>Wireline\/wireless phones v\u00e0 m\u00e1y t\u00ednh c\u1ea3i thi\u1ec7n n\u0103ng su\u1ea5t l\u00e0m vi\u1ec7c<\/li>\n<li>Cung c\u1ea5p l\u1eddi ch\u00e0o kh\u00e1ch h\u00e0ng chuy\u00ean nghi\u1ec7p v\u00e0 t\u0103ng kh\u1ea3 n\u0103ng h\u00e0i l\u00f2ng c\u1ee7a kh\u00e1ch h\u00e0ng<\/li>\n<li>Gi\u1ea3m chi ph\u00ed b\u1eb1ng c\u00e1ch s\u1eed d\u1ee5ng chung m\u1ed9t h\u1ea1 t\u1ea7ng cho c\u1ea3 d\u1eef li\u1ec7u tho\u1ea1i v\u00e0 data.<img fetchpriority=\"high\" decoding=\"async\" class=\"alignnone size-full wp-image-1509\" src=\"https:\/\/omninet.com.vn\/wp-content\/uploads\/2017\/09\/Alcatel-OmniPCX-Office-OXO-Connect-Rainbow.jpg\" sizes=\"(max-width: 845px) 100vw, 845px\" srcset=\"https:\/\/omninet.com.vn\/wp-content\/uploads\/2017\/09\/Alcatel-OmniPCX-Office-OXO-Connect-Rainbow.jpg 845w, https:\/\/omninet.com.vn\/wp-content\/uploads\/2017\/09\/Alcatel-OmniPCX-Office-OXO-Connect-Rainbow-600x333.jpg 600w, https:\/\/omninet.com.vn\/wp-content\/uploads\/2017\/09\/Alcatel-OmniPCX-Office-OXO-Connect-Rainbow-300x167.jpg 300w, https:\/\/omninet.com.vn\/wp-content\/uploads\/2017\/09\/Alcatel-OmniPCX-Office-OXO-Connect-Rainbow-768x426.jpg 768w\" alt=\"Alcatel-OmniPCX-Office-OXO-Connect-Rainbow\" width=\"845\" height=\"469\" \/><\/li>\n<\/ul>\n","protected":false},"excerpt":{"rendered":"<p>Thi\u1ebft k\u1ebf m\u1ea1nh m\u1ebd v\u00e0 c\u00f3 th\u1ec3 m\u1edf r\u1ed9ng t\u1edbi 300 ng\u01b0\u1eddi d\u00f9ng khi doanh nghi\u1ec7p ph\u00e1t tri\u1ec3n, h\u1ec7 th\u1ed1ng OXO Connect c\u00f3 th\u1ec3 \u00e1p d\u1ee5ng cho doanh nghi\u1ec7p v\u00e0 c\u1ea3 h\u1ec7 th\u1ed1ng kh\u00e1ch s\u1ea1n<\/p>\n<p>T\u00cdCH H\u1ee2P V\u1edaI H\u1ec6 TH\u1ed0NG GI\u1ea2I PH\u00c1P D\u00c0NH CHO KH\u00c1CH S\u1ea0N<\/p>\n<ul>\n<li>T\u00ednh n\u0103ng ti\u00eau chu\u1ea9n kh\u00e1ch s\u1ea1n: check-in\/ out, pre-check out, pre-payment, wake up, room status\u2026<\/li>\n<li>Gi\u1edbi h\u1ea1n 300 ph\u00f2ng d\u00e0nh cho kh\u00e1ch v\u00e0 c\u1ea3 h\u1ec7 th\u1ed1ng nh\u00e2n vi\u00ean qu\u1ea3n l\u00fd<\/li>\n<\/ul>\n<p>OXO Connect Compact<\/p>\n<ul>\n<li>Thi\u1ebft k\u1ebf treo t\u01b0\u1eddng<\/li>\n<li>Kh\u00f4ng qu\u1ea1t<\/li>\n<\/ul>\n<p><strong>OXO\u00a0<\/strong><strong>Connect Small, Medium, Large\u00a0<\/strong>Khung 19 inch cho kh\u1ea3 n\u0103ng m\u1edf r\u1ed9ng t\u1ed1i \u01b0u<\/p>\n<p>PowerCPU Extended Edition<\/p>\n<ul>\n<li>PowerCPU EE hi\u1ec7u su\u1ea5t cao c\u1ea5p d\u00e0nh cho t\u1ea5t c\u1ea3 c\u00e1c n\u1ec1n t\u1ea3ng<\/li>\n<li>\u0110\u1eb7c tr\u01b0ng v\u1edbi bi\u1ec3u t\u01b0\u1ee3ng m\u00e0u t\u00edm Rainbow<\/li>\n<li>Chu\u1ea9n VOIP v\u00e0 SIP<\/li>\n<li>C\u00f3 th\u1ec3 k\u1ebft n\u1ed1i v\u1edbi h\u1ec7 th\u1ed1ng m\u1ea1ng n\u1ed9i b\u1ed9 \u0111\u1ec3 cung c\u1ea5p c\u00e1c d\u1ecbch v\u1ee5 gi\u00e1 tr\u1ecb gia t\u0103ng trong \u0111\u00e1m m\u00e2y<\/li>\n<\/ul>\n<p>C\u00e1c t\u00ednh n\u0103ng \u0111\u01b0\u1ee3c t\u00edch h\u1ee3p s\u1eb5n<\/p>\n<ul>\n<li>Rainbow<\/li>\n<li>T\u00ednh n\u0103ng tr\u1ee3 l\u00fd ri\u00eang (Personal assistant)<\/li>\n<li>Nh\u1ea1c ch\u1edd t\u1ef1 ch\u1ecdn 10 ph\u00fat v\u00e0 4 ng\u00f4n ng\u1eef h\u1ec7 th\u1ed1ng<\/li>\n<li>Voicemail v\u00e0 l\u1eddi ch\u00e0o ghi \u00e2m mailbox \u1ee9ng d\u1ee5ng tr\u00ean 2 k\u00eanh v\u00e0 60 ph\u00fat l\u01b0u tr\u1eef.<\/li>\n<li>PIMphony\u2122 c\u01a1 b\u1ea3n cho m\u1ecdi users.<\/li>\n<li>\u0110\u1ed3ng nh\u1ea5t h\u1ec7 th\u1ed1ng tin nh\u1eafn<\/li>\n<li>LDAP h\u1ed7 tr\u1ee3 truy c\u1eadp ph\u1ed5 th\u00f4ng nh\u00fang tr\u00eanOTCV, Premium DeskPhones, My IC Phone\u00ae, My IC Web and PIMphony Touch<\/li>\n<li>Hotdesking<\/li>\n<\/ul>\n<p>C\u00e1c t\u00ednh n\u0103ng n\u00e2ng c\u1ea5p<\/p>\n<ul>\n<li>\u1ee8ng d\u1ee5ng d\u00e0nh cho di \u0111\u1ed9ng<\/li>\n<li>Automated Attendant (AA), Multiple AA (MLAA), l\u1eddi ch\u00e0o t\u1ef1 \u0111\u1ed9ng v\u00e0 kh\u1ea3 n\u0103ng \u0111a d\u1ea1ng l\u1eddi ch\u00e0o<\/li>\n<li>M\u1edf r\u1ed9ng SIP and CTI<\/li>\n<li>SIP trunking<\/li>\n<li>\u0110\u1ecbnh tuy\u1ebfn th\u00f4ng minh (Smart Call Routing)<\/li>\n<\/ul>\n<p>Trung t\u00e2m li\u00ean l\u1ea1c, ch\u0103m s\u00f3c kh\u00e1ch h\u00e0ng (Call Center Office)<\/p>\n","protected":false},"featured_media":2288,"comment_status":"open","ping_status":"closed","template":"","meta":[],"product_brand":[],"product_cat":[54],"product_tag":[],"class_list":{"0":"post-2287","1":"product","2":"type-product","3":"status-publish","4":"has-post-thumbnail","6":"product_cat-alcatel-lucent-omnipcx-office","8":"first","9":"instock","10":"shipping-taxable","11":"product-type-simple"},"yoast_head":"<!-- This site is optimized with the Yoast SEO plugin v26.5 - https:\/\/yoast.com\/wordpress\/plugins\/seo\/ -->\n<title>ALCATEL-LUCENT OXO CONNECT - OMNICONNECT<\/title>\n<meta name=\"robots\" content=\"index, follow, max-snippet:-1, max-image-preview:large, max-video-preview:-1\" \/>\n<link rel=\"canonical\" href=\"https:\/\/www.omniconnect.com.vn\/?product=alcatel-lucent-oxo-connect\" \/>\n<meta property=\"og:locale\" content=\"en_US\" \/>\n<meta property=\"og:type\" content=\"article\" \/>\n<meta property=\"og:title\" content=\"ALCATEL-LUCENT OXO CONNECT - OMNICONNECT\" \/>\n<meta property=\"og:description\" content=\"Thi\u1ebft k\u1ebf m\u1ea1nh m\u1ebd v\u00e0 c\u00f3 th\u1ec3 m\u1edf r\u1ed9ng t\u1edbi 300 ng\u01b0\u1eddi d\u00f9ng khi doanh nghi\u1ec7p ph\u00e1t tri\u1ec3n, h\u1ec7 th\u1ed1ng OXO Connect c\u00f3 th\u1ec3 \u00e1p d\u1ee5ng cho doanh nghi\u1ec7p v\u00e0 c\u1ea3 h\u1ec7 th\u1ed1ng kh\u00e1ch s\u1ea1n  T\u00cdCH H\u1ee2P V\u1edaI H\u1ec6 TH\u1ed0NG GI\u1ea2I PH\u00c1P D\u00c0NH CHO KH\u00c1CH S\u1ea0N   T\u00ednh n\u0103ng ti\u00eau chu\u1ea9n kh\u00e1ch s\u1ea1n: check-in\/ out, pre-check out, pre-payment, wake up, room status\u2026  Gi\u1edbi h\u1ea1n 300 ph\u00f2ng d\u00e0nh cho kh\u00e1ch v\u00e0 c\u1ea3 h\u1ec7 th\u1ed1ng nh\u00e2n vi\u00ean qu\u1ea3n l\u00fd  OXO Connect Compact   Thi\u1ebft k\u1ebf treo t\u01b0\u1eddng  Kh\u00f4ng qu\u1ea1t  OXO\u00a0Connect Small, Medium, Large\u00a0Khung 19 inch cho kh\u1ea3 n\u0103ng m\u1edf r\u1ed9ng t\u1ed1i \u01b0u  PowerCPU Extended Edition   PowerCPU EE hi\u1ec7u su\u1ea5t cao c\u1ea5p d\u00e0nh cho t\u1ea5t c\u1ea3 c\u00e1c n\u1ec1n t\u1ea3ng  \u0110\u1eb7c tr\u01b0ng v\u1edbi bi\u1ec3u t\u01b0\u1ee3ng m\u00e0u t\u00edm Rainbow  Chu\u1ea9n VOIP v\u00e0 SIP  C\u00f3 th\u1ec3 k\u1ebft n\u1ed1i v\u1edbi h\u1ec7 th\u1ed1ng m\u1ea1ng n\u1ed9i b\u1ed9 \u0111\u1ec3 cung c\u1ea5p c\u00e1c d\u1ecbch v\u1ee5 gi\u00e1 tr\u1ecb gia t\u0103ng trong \u0111\u00e1m m\u00e2y  C\u00e1c t\u00ednh n\u0103ng \u0111\u01b0\u1ee3c t\u00edch h\u1ee3p s\u1eb5n   Rainbow  T\u00ednh n\u0103ng tr\u1ee3 l\u00fd ri\u00eang (Personal assistant)  Nh\u1ea1c ch\u1edd t\u1ef1 ch\u1ecdn 10 ph\u00fat v\u00e0 4 ng\u00f4n ng\u1eef h\u1ec7 th\u1ed1ng  Voicemail v\u00e0 l\u1eddi ch\u00e0o ghi \u00e2m mailbox \u1ee9ng d\u1ee5ng tr\u00ean 2 k\u00eanh v\u00e0 60 ph\u00fat l\u01b0u tr\u1eef.  PIMphony\u2122 c\u01a1 b\u1ea3n cho m\u1ecdi users.  \u0110\u1ed3ng nh\u1ea5t h\u1ec7 th\u1ed1ng tin nh\u1eafn  LDAP h\u1ed7 tr\u1ee3 truy c\u1eadp ph\u1ed5 th\u00f4ng nh\u00fang tr\u00eanOTCV, Premium DeskPhones, My IC Phone\u00ae, My IC Web and PIMphony Touch  Hotdesking  C\u00e1c t\u00ednh n\u0103ng n\u00e2ng c\u1ea5p   \u1ee8ng d\u1ee5ng d\u00e0nh cho di \u0111\u1ed9ng  Automated Attendant (AA), Multiple AA (MLAA), l\u1eddi ch\u00e0o t\u1ef1 \u0111\u1ed9ng v\u00e0 kh\u1ea3 n\u0103ng \u0111a d\u1ea1ng l\u1eddi ch\u00e0o  M\u1edf r\u1ed9ng SIP and CTI  SIP trunking  \u0110\u1ecbnh tuy\u1ebfn th\u00f4ng minh (Smart Call Routing)  Trung t\u00e2m li\u00ean l\u1ea1c, ch\u0103m s\u00f3c kh\u00e1ch h\u00e0ng (Call Center Office)\" \/>\n<meta property=\"og:url\" content=\"https:\/\/www.omniconnect.com.vn\/?product=alcatel-lucent-oxo-connect\" \/>\n<meta property=\"og:site_name\" content=\"OMNICONNECT\" \/>\n<meta property=\"og:image\" content=\"https:\/\/www.omniconnect.com.vn\/wp-content\/uploads\/2024\/05\/Alcatel-Lucent-OmniPCX-Office.jpg\" \/>\n\t<meta property=\"og:image:width\" content=\"494\" \/>\n\t<meta property=\"og:image:height\" content=\"621\" \/>\n\t<meta property=\"og:image:type\" content=\"image\/jpeg\" \/>\n<meta name=\"twitter:card\" content=\"summary_large_image\" \/>\n<meta name=\"twitter:label1\" content=\"Est. reading time\" \/>\n\t<meta name=\"twitter:data1\" content=\"2 minutes\" \/>\n<script type=\"application\/ld+json\" class=\"yoast-schema-graph\">{\"@context\":\"https:\/\/schema.org\",\"@graph\":[{\"@type\":\"WebPage\",\"@id\":\"https:\/\/www.omniconnect.com.vn\/?product=alcatel-lucent-oxo-connect\",\"url\":\"https:\/\/www.omniconnect.com.vn\/?product=alcatel-lucent-oxo-connect\",\"name\":\"ALCATEL-LUCENT OXO CONNECT - OMNICONNECT\",\"isPartOf\":{\"@id\":\"https:\/\/www.omniconnect.com.vn\/#website\"},\"primaryImageOfPage\":{\"@id\":\"https:\/\/www.omniconnect.com.vn\/?product=alcatel-lucent-oxo-connect#primaryimage\"},\"image\":{\"@id\":\"https:\/\/www.omniconnect.com.vn\/?product=alcatel-lucent-oxo-connect#primaryimage\"},\"thumbnailUrl\":\"https:\/\/www.omniconnect.com.vn\/wp-content\/uploads\/2024\/05\/Alcatel-Lucent-OmniPCX-Office.jpg\",\"datePublished\":\"2024-05-27T11:42:34+00:00\",\"breadcrumb\":{\"@id\":\"https:\/\/www.omniconnect.com.vn\/?product=alcatel-lucent-oxo-connect#breadcrumb\"},\"inLanguage\":\"en-US\",\"potentialAction\":[{\"@type\":\"ReadAction\",\"target\":[\"https:\/\/www.omniconnect.com.vn\/?product=alcatel-lucent-oxo-connect\"]}]},{\"@type\":\"ImageObject\",\"inLanguage\":\"en-US\",\"@id\":\"https:\/\/www.omniconnect.com.vn\/?product=alcatel-lucent-oxo-connect#primaryimage\",\"url\":\"https:\/\/www.omniconnect.com.vn\/wp-content\/uploads\/2024\/05\/Alcatel-Lucent-OmniPCX-Office.jpg\",\"contentUrl\":\"https:\/\/www.omniconnect.com.vn\/wp-content\/uploads\/2024\/05\/Alcatel-Lucent-OmniPCX-Office.jpg\",\"width\":494,\"height\":621},{\"@type\":\"BreadcrumbList\",\"@id\":\"https:\/\/www.omniconnect.com.vn\/?product=alcatel-lucent-oxo-connect#breadcrumb\",\"itemListElement\":[{\"@type\":\"ListItem\",\"position\":1,\"name\":\"Home\",\"item\":\"https:\/\/www.omniconnect.com.vn\/\"},{\"@type\":\"ListItem\",\"position\":2,\"name\":\"Sample Page\",\"item\":\"https:\/\/www.omniconnect.com.vn\/?page_id=2\"},{\"@type\":\"ListItem\",\"position\":3,\"name\":\"ALCATEL-LUCENT OXO CONNECT\"}]},{\"@type\":\"WebSite\",\"@id\":\"https:\/\/www.omniconnect.com.vn\/#website\",\"url\":\"https:\/\/www.omniconnect.com.vn\/\",\"name\":\"OMNICONNECT\",\"description\":\"\",\"potentialAction\":[{\"@type\":\"SearchAction\",\"target\":{\"@type\":\"EntryPoint\",\"urlTemplate\":\"https:\/\/www.omniconnect.com.vn\/?s={search_term_string}\"},\"query-input\":{\"@type\":\"PropertyValueSpecification\",\"valueRequired\":true,\"valueName\":\"search_term_string\"}}],\"inLanguage\":\"en-US\"}]}<\/script>\n<!-- \/ Yoast SEO plugin. -->","yoast_head_json":{"title":"ALCATEL-LUCENT OXO CONNECT - OMNICONNECT","robots":{"index":"index","follow":"follow","max-snippet":"max-snippet:-1","max-image-preview":"max-image-preview:large","max-video-preview":"max-video-preview:-1"},"canonical":"https:\/\/www.omniconnect.com.vn\/?product=alcatel-lucent-oxo-connect","og_locale":"en_US","og_type":"article","og_title":"ALCATEL-LUCENT OXO CONNECT - OMNICONNECT","og_description":"Thi\u1ebft k\u1ebf m\u1ea1nh m\u1ebd v\u00e0 c\u00f3 th\u1ec3 m\u1edf r\u1ed9ng t\u1edbi 300 ng\u01b0\u1eddi d\u00f9ng khi doanh nghi\u1ec7p ph\u00e1t tri\u1ec3n, h\u1ec7 th\u1ed1ng OXO Connect c\u00f3 th\u1ec3 \u00e1p d\u1ee5ng cho doanh nghi\u1ec7p v\u00e0 c\u1ea3 h\u1ec7 th\u1ed1ng kh\u00e1ch s\u1ea1n  T\u00cdCH H\u1ee2P V\u1edaI H\u1ec6 TH\u1ed0NG GI\u1ea2I PH\u00c1P D\u00c0NH CHO KH\u00c1CH S\u1ea0N   T\u00ednh n\u0103ng ti\u00eau chu\u1ea9n kh\u00e1ch s\u1ea1n: check-in\/ out, pre-check out, pre-payment, wake up, room status\u2026  Gi\u1edbi h\u1ea1n 300 ph\u00f2ng d\u00e0nh cho kh\u00e1ch v\u00e0 c\u1ea3 h\u1ec7 th\u1ed1ng nh\u00e2n vi\u00ean qu\u1ea3n l\u00fd  OXO Connect Compact   Thi\u1ebft k\u1ebf treo t\u01b0\u1eddng  Kh\u00f4ng qu\u1ea1t  OXO\u00a0Connect Small, Medium, Large\u00a0Khung 19 inch cho kh\u1ea3 n\u0103ng m\u1edf r\u1ed9ng t\u1ed1i \u01b0u  PowerCPU Extended Edition   PowerCPU EE hi\u1ec7u su\u1ea5t cao c\u1ea5p d\u00e0nh cho t\u1ea5t c\u1ea3 c\u00e1c n\u1ec1n t\u1ea3ng  \u0110\u1eb7c tr\u01b0ng v\u1edbi bi\u1ec3u t\u01b0\u1ee3ng m\u00e0u t\u00edm Rainbow  Chu\u1ea9n VOIP v\u00e0 SIP  C\u00f3 th\u1ec3 k\u1ebft n\u1ed1i v\u1edbi h\u1ec7 th\u1ed1ng m\u1ea1ng n\u1ed9i b\u1ed9 \u0111\u1ec3 cung c\u1ea5p c\u00e1c d\u1ecbch v\u1ee5 gi\u00e1 tr\u1ecb gia t\u0103ng trong \u0111\u00e1m m\u00e2y  C\u00e1c t\u00ednh n\u0103ng \u0111\u01b0\u1ee3c t\u00edch h\u1ee3p s\u1eb5n   Rainbow  T\u00ednh n\u0103ng tr\u1ee3 l\u00fd ri\u00eang (Personal assistant)  Nh\u1ea1c ch\u1edd t\u1ef1 ch\u1ecdn 10 ph\u00fat v\u00e0 4 ng\u00f4n ng\u1eef h\u1ec7 th\u1ed1ng  Voicemail v\u00e0 l\u1eddi ch\u00e0o ghi \u00e2m mailbox \u1ee9ng d\u1ee5ng tr\u00ean 2 k\u00eanh v\u00e0 60 ph\u00fat l\u01b0u tr\u1eef.  PIMphony\u2122 c\u01a1 b\u1ea3n cho m\u1ecdi users.  \u0110\u1ed3ng nh\u1ea5t h\u1ec7 th\u1ed1ng tin nh\u1eafn  LDAP h\u1ed7 tr\u1ee3 truy c\u1eadp ph\u1ed5 th\u00f4ng nh\u00fang tr\u00eanOTCV, Premium DeskPhones, My IC Phone\u00ae, My IC Web and PIMphony Touch  Hotdesking  C\u00e1c t\u00ednh n\u0103ng n\u00e2ng c\u1ea5p   \u1ee8ng d\u1ee5ng d\u00e0nh cho di \u0111\u1ed9ng  Automated Attendant (AA), Multiple AA (MLAA), l\u1eddi ch\u00e0o t\u1ef1 \u0111\u1ed9ng v\u00e0 kh\u1ea3 n\u0103ng \u0111a d\u1ea1ng l\u1eddi ch\u00e0o  M\u1edf r\u1ed9ng SIP and CTI  SIP trunking  \u0110\u1ecbnh tuy\u1ebfn th\u00f4ng minh (Smart Call Routing)  Trung t\u00e2m li\u00ean l\u1ea1c, ch\u0103m s\u00f3c kh\u00e1ch h\u00e0ng (Call Center Office)","og_url":"https:\/\/www.omniconnect.com.vn\/?product=alcatel-lucent-oxo-connect","og_site_name":"OMNICONNECT","og_image":[{"width":494,"height":621,"url":"https:\/\/www.omniconnect.com.vn\/wp-content\/uploads\/2024\/05\/Alcatel-Lucent-OmniPCX-Office.jpg","type":"image\/jpeg"}],"twitter_card":"summary_large_image","twitter_misc":{"Est. reading time":"2 minutes"},"schema":{"@context":"https:\/\/schema.org","@graph":[{"@type":"WebPage","@id":"https:\/\/www.omniconnect.com.vn\/?product=alcatel-lucent-oxo-connect","url":"https:\/\/www.omniconnect.com.vn\/?product=alcatel-lucent-oxo-connect","name":"ALCATEL-LUCENT OXO CONNECT - OMNICONNECT","isPartOf":{"@id":"https:\/\/www.omniconnect.com.vn\/#website"},"primaryImageOfPage":{"@id":"https:\/\/www.omniconnect.com.vn\/?product=alcatel-lucent-oxo-connect#primaryimage"},"image":{"@id":"https:\/\/www.omniconnect.com.vn\/?product=alcatel-lucent-oxo-connect#primaryimage"},"thumbnailUrl":"https:\/\/www.omniconnect.com.vn\/wp-content\/uploads\/2024\/05\/Alcatel-Lucent-OmniPCX-Office.jpg","datePublished":"2024-05-27T11:42:34+00:00","breadcrumb":{"@id":"https:\/\/www.omniconnect.com.vn\/?product=alcatel-lucent-oxo-connect#breadcrumb"},"inLanguage":"en-US","potentialAction":[{"@type":"ReadAction","target":["https:\/\/www.omniconnect.com.vn\/?product=alcatel-lucent-oxo-connect"]}]},{"@type":"ImageObject","inLanguage":"en-US","@id":"https:\/\/www.omniconnect.com.vn\/?product=alcatel-lucent-oxo-connect#primaryimage","url":"https:\/\/www.omniconnect.com.vn\/wp-content\/uploads\/2024\/05\/Alcatel-Lucent-OmniPCX-Office.jpg","contentUrl":"https:\/\/www.omniconnect.com.vn\/wp-content\/uploads\/2024\/05\/Alcatel-Lucent-OmniPCX-Office.jpg","width":494,"height":621},{"@type":"BreadcrumbList","@id":"https:\/\/www.omniconnect.com.vn\/?product=alcatel-lucent-oxo-connect#breadcrumb","itemListElement":[{"@type":"ListItem","position":1,"name":"Home","item":"https:\/\/www.omniconnect.com.vn\/"},{"@type":"ListItem","position":2,"name":"Sample Page","item":"https:\/\/www.omniconnect.com.vn\/?page_id=2"},{"@type":"ListItem","position":3,"name":"ALCATEL-LUCENT OXO CONNECT"}]},{"@type":"WebSite","@id":"https:\/\/www.omniconnect.com.vn\/#website","url":"https:\/\/www.omniconnect.com.vn\/","name":"OMNICONNECT","description":"","potentialAction":[{"@type":"SearchAction","target":{"@type":"EntryPoint","urlTemplate":"https:\/\/www.omniconnect.com.vn\/?s={search_term_string}"},"query-input":{"@type":"PropertyValueSpecification","valueRequired":true,"valueName":"search_term_string"}}],"inLanguage":"en-US"}]}},"_links":{"self":[{"href":"https:\/\/www.omniconnect.com.vn\/index.php?rest_route=\/wp\/v2\/product\/2287","targetHints":{"allow":["GET"]}}],"collection":[{"href":"https:\/\/www.omniconnect.com.vn\/index.php?rest_route=\/wp\/v2\/product"}],"about":[{"href":"https:\/\/www.omniconnect.com.vn\/index.php?rest_route=\/wp\/v2\/types\/product"}],"replies":[{"embeddable":true,"href":"https:\/\/www.omniconnect.com.vn\/index.php?rest_route=%2Fwp%2Fv2%2Fcomments&post=2287"}],"wp:featuredmedia":[{"embeddable":true,"href":"https:\/\/www.omniconnect.com.vn\/index.php?rest_route=\/wp\/v2\/media\/2288"}],"wp:attachment":[{"href":"https:\/\/www.omniconnect.com.vn\/index.php?rest_route=%2Fwp%2Fv2%2Fmedia&parent=2287"}],"wp:term":[{"taxonomy":"product_brand","embeddable":true,"href":"https:\/\/www.omniconnect.com.vn\/index.php?rest_route=%2Fwp%2Fv2%2Fproduct_brand&post=2287"},{"taxonomy":"product_cat","embeddable":true,"href":"https:\/\/www.omniconnect.com.vn\/index.php?rest_route=%2Fwp%2Fv2%2Fproduct_cat&post=2287"},{"taxonomy":"product_tag","embeddable":true,"href":"https:\/\/www.omniconnect.com.vn\/index.php?rest_route=%2Fwp%2Fv2%2Fproduct_tag&post=2287"}],"curies":[{"name":"wp","href":"https:\/\/api.w.org\/{rel}","templated":true}]}}