{"id":2981,"date":"2024-08-28T12:39:54","date_gmt":"2024-08-28T12:39:54","guid":{"rendered":"https:\/\/www.omniconnect.com.vn\/?post_type=product&#038;p=2981"},"modified":"2025-12-15T10:55:50","modified_gmt":"2025-12-15T10:55:50","slug":"omniaccess-stellar-ap1451","status":"publish","type":"product","link":"https:\/\/www.omniconnect.com.vn\/?product=omniaccess-stellar-ap1451","title":{"rendered":"OmniAccess Stellar AP1451"},"content":{"rendered":"<div class=\"woocommerce-tabs wc-tabs-wrapper\">\n<div id=\"tab-description\" class=\"woocommerce-Tabs-panel woocommerce-Tabs-panel--description panel entry-content wc-tab\" role=\"tabpanel\" aria-labelledby=\"tab-title-description\">\n<div class=\"col-sm-12 tabdetail\">\n<div class=\"\">\n<div role=\"tabpanel\">\n<div class=\"tab-content\">\n<div id=\"home\" class=\"tab-pane active content_pro wow fadeIn animated\" role=\"tabpanel\">\n<p><strong>Wi-Fi 6E Alcatel-Lucent OmniAccess Stellar AP1451 Indoor Access Point (OAW-AP1451-RW)<\/strong><\/p>\n<table class=\"table table-bordered\" border=\"1\" cellspacing=\"2\" cellpadding=\"2\">\n<tbody>\n<tr>\n<td><strong>Model<\/strong><\/td>\n<td><strong>AP1451 (OAW-AP1451-RW)<\/strong><\/td>\n<\/tr>\n<tr>\n<td><strong>Radio specification<\/strong><\/td>\n<td>\u2022 AP type: Indoor Wi-Fi 6E (802.11ax)<br \/>\n\u2022 Tri Radio, 6 GHz High 4\u00d74:4, 5 GHz 8\u00d78:8, and 2.4 GHz 4\u00d74:4<br \/>\n\u00ac 6 GHz High: 4\u00d74:4 up to 4.8 Gbps wireless data rate to individual 4SS HE160 802.11ax client devices.<br \/>\n\u00ac 5 GHz: 8\u00d78:8 up to 4.8 Gbps wireless data rate to individual 8SS HE80 or 4SS HE160(80+80) 802.11ax client devices.<br \/>\n\u00ac 2.4 GHz: 4\u00d74:4 up to 1147 Mbps wireless data rate to individual 4SS HE40 802.11ax client devices.<br \/>\n\u2022 2.4\/5 GHz 1\u00d71 radio, dedicated for scanning<br \/>\n\u2022 Bluetooth 5\/Zigbee: up to 6 dBm transmit power (class 1) and -93 dBm receive sensitivity<br \/>\n\u2022 2x multi-Gigabit 1\/2.5\/5\/10 Gig autosensing RJ-45 ports, Eth0-Eth1, Power over Ethernet (PoE) 802.3bt compliant<br \/>\n\u2022 1x USB 3.0 Type A (5V, 500mA)<br \/>\n\u2022 Console<br \/>\n\u2022 Reset button: Factory reset<\/td>\n<\/tr>\n<tr>\n<td><strong>Security<\/strong><\/td>\n<td>\u2022 Integrated Trusted Platform Module (TPM 2.0) for secure storage of credentials and keys<br \/>\n\u2022 802.11i, WPA2, WPA3, Enterprise with CNSA Option, Personal (SAE)<br \/>\n\u2022 802.1X<br \/>\n\u2022 WEP, Advanced Encryption Standard (AES), Temporal Key Integrity Protocol (TKIP)<br \/>\n\u2022 Firewall: ACL, wIPS\/wIDS and DPI application policy enforcement with OmniVista<br \/>\n\u2022 Portal page authentication<\/td>\n<\/tr>\n<tr>\n<td><strong>Antenna<\/strong><\/td>\n<td>\u2022 Integrated omni-directional antennas with maximum antenna gain of 3.9 dBi in 2.4 GHz, 3.9 dBi in 5 GHz, 3.9 dBi in 6 GHz and 3.5 dBi in BLE<\/td>\n<\/tr>\n<tr>\n<td><strong>Power<\/strong><\/td>\n<td>\u2022 Supports direct DC power and Power over Ethernet (PoE)<br \/>\n\u2022 When both power sources are available, DC power takes priority over PoE<br \/>\n\u2022 Direct DC source:<br \/>\n\u2022 48V DC nominal, +\/- 5%<br \/>\n\u2022 Power over Ethernet (PoE):<br \/>\n\u2022 IEEE 802.3bt compliant source<br \/>\n\u2022 Maximum (worst case) power consumption:<br \/>\n\u2022 49W (input IEEE 802.3bt POE); Unrestricted functionality<br \/>\n\u2022 45W (input dual IEEE 802.3at POE); The USB port is disabled<br \/>\n\u2022 24W (input IEEE 802.3at POE); The USB port is disabled, Eth1 is disabled, tri radio downgrade to 2 x 2<\/td>\n<\/tr>\n<tr>\n<td><strong>Mounting<\/strong><\/td>\n<td>\u2022 Ceiling\/wall mounting (Mount kit needs to be ordered separately)<\/td>\n<\/tr>\n<tr>\n<td><strong>Environment<\/strong><\/td>\n<td>\u2022 Operating:<br \/>\n\u00ac Temperature: 0\u00b0C to 45\u00b0C<br \/>\n\u00ac Humidity: 10% to 90% non-condensing<br \/>\n\u2022 Storage and transportation:<br \/>\n\u00ac Temperature: -40\u00b0C to +70\u00b0C<br \/>\n\u00ac Humidity: 5% to 95% non-condensing<\/td>\n<\/tr>\n<tr>\n<td><strong>Dimension<\/strong><\/td>\n<td>\u2022 Single AP excluding packing box and accessories:<br \/>\n\u00ac 260mm (W) x 260mm (D) x 60mm (H)<br \/>\n\u00ac 2370 g<br \/>\n\u2022 Single AP including packing box and accessories:<br \/>\n\u00ac 298mm (W) x 317mm (D) x 111mm (H)<br \/>\n\u00ac 2830 g<\/td>\n<\/tr>\n<tr>\n<td><strong>Reliability<\/strong><\/td>\n<td>\u2022 MTBF: 572,332h (65.33 years) at +25\u00ba C operating temperature<\/td>\n<\/tr>\n<tr>\n<td><strong>Capacity<\/strong><\/td>\n<td>\u2022 Up to 8 SSID\/Radio (24 BSSID\/AP), hardware ready for 16 SSID per radio (48 SSID\/AP)<br \/>\n\u2022 Support for up to 1536 associated client devices<\/td>\n<\/tr>\n<tr>\n<td><strong>Software feature<\/strong><\/td>\n<td>\u2022 Up to 4K APs when managed by OmniVista 2500. No limit on number of AP groups<br \/>\n\u2022 Up to 255 APs per web managed (HTTP\/ HTTPS) cluster<br \/>\n\u2022 Auto channel selection<br \/>\n\u2022 Auto transmit power control<br \/>\n\u2022 Bandwidth control per SSID<br \/>\n\u2022 L2 roaming<br \/>\n\u2022 L3 roaming with OmniVista 2500<br \/>\n\u2022 Captive portal (Internal\/External)<br \/>\n\u2022 Guest self-registration optional SMS notification) with OmniVista 2500<br \/>\n\u2022 Internal user database<br \/>\n\u2022 RADIUS client<br \/>\n\u2022 Guest social-login with OmniVista 2500<br \/>\n\u2022 RADIUS proxy authentication with OmniVista 2500<br \/>\n\u2022 LDAP\/AD proxy authentication with OmniVista 2500<br \/>\n\u2022 Wireless QoS<br \/>\n\u2022 Band steering<br \/>\n\u2022 Client smart load balance<br \/>\n\u2022 Client sticky avoidance<br \/>\n\u2022 User behavior tracking<br \/>\n\u2022 White\/Block list<br \/>\n\u2022 Zero-touch provisioning (ZTP)<br \/>\n\u2022 NTP Client<br \/>\n\u2022 ACL<br \/>\n\u2022 DHCP\/DNS\/NAT<br \/>\n\u2022 Wireless MESH P2P\/P2MP<br \/>\n\u2022 Wireless Bridge<br \/>\n\u2022 Rogue AP location and containment<br \/>\n\u2022 Dedicated Scanning AP<br \/>\n\u2022 System log report<br \/>\n\u2022 SSHv2<br \/>\n\u2022 SNMPv2, SNMPv3<br \/>\n\u2022 Wireless attack detection with OmniVista 2500<br \/>\n\u2022 Floor plan and heat map with OmniVista 2500<br \/>\n\u2022 Stanley Healthcare\/Aeroscout RTLS support<\/td>\n<\/tr>\n<tr>\n<td><strong>IEEE standard<\/strong><\/td>\n<td>\u2022 IEEE 802.11a\/b\/g\/n\/ac\/ax<br \/>\n\u2022 IEEE 802.11e WMM, U-APSD<br \/>\n\u2022 IEEE 802.11h, 802.11i, 802.11e QoS<br \/>\n\u2022 IEEE 802.1Q (VLAN Tagging)<br \/>\n\u2022 802.11k Radio Resource Management<br \/>\n\u2022 802.11v BSS Transition Management<br \/>\n\u2022 802.11r Fast roaming<br \/>\n\u2022 802.11w Protected Management Frames<\/td>\n<\/tr>\n<\/tbody>\n<\/table>\n<\/div>\n<\/div>\n<\/div>\n<\/div>\n<\/div>\n<p>&nbsp;<\/p>\n<\/div>\n<\/div>\n<section class=\"related products\">\n<h2><\/h2>\n<\/section>\n","protected":false},"excerpt":{"rendered":"<p>OAW-AP1451-RW \u2013 Alcatel-Lucent AP1451 Wi-Fi 6E Indoor Access Point :<\/p>\n<ul>\n<li>Tri Radio, 6 GHz 4\u00d74:4, 5 GHz 8\u00d78:8, and 2.4 GHz 4\u00d74:4<\/li>\n<li>1 x scanning, BLE\/Zigbee radio<\/li>\n<li>2 x multi-Gigabit 1\/2.5\/5\/10Gig ports, 802.3bt compliant<\/li>\n<li>Integrated omni antenna<\/li>\n<\/ul>\n","protected":false},"featured_media":3708,"comment_status":"open","ping_status":"closed","template":"","meta":[],"product_brand":[],"product_cat":[41],"product_tag":[],"class_list":{"0":"post-2981","1":"product","2":"type-product","3":"status-publish","4":"has-post-thumbnail","6":"product_cat-stellar-802-11ax-wi-fi-6","8":"first","9":"instock","10":"shipping-taxable","11":"product-type-simple"},"yoast_head":"<!-- This site is optimized with the Yoast SEO plugin v26.5 - https:\/\/yoast.com\/wordpress\/plugins\/seo\/ -->\n<title>OmniAccess Stellar AP1451 - OMNICONNECT<\/title>\n<meta name=\"robots\" content=\"index, follow, max-snippet:-1, max-image-preview:large, max-video-preview:-1\" \/>\n<link rel=\"canonical\" href=\"https:\/\/www.omniconnect.com.vn\/?product=omniaccess-stellar-ap1451\" \/>\n<meta property=\"og:locale\" content=\"en_US\" \/>\n<meta property=\"og:type\" content=\"article\" \/>\n<meta property=\"og:title\" content=\"OmniAccess Stellar AP1451 - OMNICONNECT\" \/>\n<meta property=\"og:description\" content=\"OAW-AP1451-RW \u2013 Alcatel-Lucent AP1451 Wi-Fi 6E Indoor Access Point :   Tri Radio, 6 GHz 4\u00d74:4, 5 GHz 8\u00d78:8, and 2.4 GHz 4\u00d74:4  1 x scanning, BLE\/Zigbee radio  2 x multi-Gigabit 1\/2.5\/5\/10Gig ports, 802.3bt compliant  Integrated omni antenna\" \/>\n<meta property=\"og:url\" content=\"https:\/\/www.omniconnect.com.vn\/?product=omniaccess-stellar-ap1451\" \/>\n<meta property=\"og:site_name\" content=\"OMNICONNECT\" \/>\n<meta property=\"article:modified_time\" content=\"2025-12-15T10:55:50+00:00\" \/>\n<meta property=\"og:image\" content=\"https:\/\/www.omniconnect.com.vn\/wp-content\/uploads\/2024\/08\/oaw-ap1451-product-image-480x480-f-l.png\" \/>\n\t<meta property=\"og:image:width\" content=\"480\" \/>\n\t<meta property=\"og:image:height\" content=\"480\" \/>\n\t<meta property=\"og:image:type\" content=\"image\/png\" \/>\n<meta name=\"twitter:card\" content=\"summary_large_image\" \/>\n<meta name=\"twitter:label1\" content=\"Est. reading time\" \/>\n\t<meta name=\"twitter:data1\" content=\"3 minutes\" \/>\n<script type=\"application\/ld+json\" class=\"yoast-schema-graph\">{\"@context\":\"https:\/\/schema.org\",\"@graph\":[{\"@type\":\"WebPage\",\"@id\":\"https:\/\/www.omniconnect.com.vn\/?product=omniaccess-stellar-ap1451\",\"url\":\"https:\/\/www.omniconnect.com.vn\/?product=omniaccess-stellar-ap1451\",\"name\":\"OmniAccess Stellar AP1451 - OMNICONNECT\",\"isPartOf\":{\"@id\":\"https:\/\/www.omniconnect.com.vn\/#website\"},\"primaryImageOfPage\":{\"@id\":\"https:\/\/www.omniconnect.com.vn\/?product=omniaccess-stellar-ap1451#primaryimage\"},\"image\":{\"@id\":\"https:\/\/www.omniconnect.com.vn\/?product=omniaccess-stellar-ap1451#primaryimage\"},\"thumbnailUrl\":\"https:\/\/www.omniconnect.com.vn\/wp-content\/uploads\/2024\/08\/oaw-ap1451-product-image-480x480-f-l.png\",\"datePublished\":\"2024-08-28T12:39:54+00:00\",\"dateModified\":\"2025-12-15T10:55:50+00:00\",\"breadcrumb\":{\"@id\":\"https:\/\/www.omniconnect.com.vn\/?product=omniaccess-stellar-ap1451#breadcrumb\"},\"inLanguage\":\"en-US\",\"potentialAction\":[{\"@type\":\"ReadAction\",\"target\":[\"https:\/\/www.omniconnect.com.vn\/?product=omniaccess-stellar-ap1451\"]}]},{\"@type\":\"ImageObject\",\"inLanguage\":\"en-US\",\"@id\":\"https:\/\/www.omniconnect.com.vn\/?product=omniaccess-stellar-ap1451#primaryimage\",\"url\":\"https:\/\/www.omniconnect.com.vn\/wp-content\/uploads\/2024\/08\/oaw-ap1451-product-image-480x480-f-l.png\",\"contentUrl\":\"https:\/\/www.omniconnect.com.vn\/wp-content\/uploads\/2024\/08\/oaw-ap1451-product-image-480x480-f-l.png\",\"width\":480,\"height\":480},{\"@type\":\"BreadcrumbList\",\"@id\":\"https:\/\/www.omniconnect.com.vn\/?product=omniaccess-stellar-ap1451#breadcrumb\",\"itemListElement\":[{\"@type\":\"ListItem\",\"position\":1,\"name\":\"Home\",\"item\":\"https:\/\/www.omniconnect.com.vn\/\"},{\"@type\":\"ListItem\",\"position\":2,\"name\":\"Sample Page\",\"item\":\"https:\/\/www.omniconnect.com.vn\/?page_id=2\"},{\"@type\":\"ListItem\",\"position\":3,\"name\":\"OmniAccess Stellar AP1451\"}]},{\"@type\":\"WebSite\",\"@id\":\"https:\/\/www.omniconnect.com.vn\/#website\",\"url\":\"https:\/\/www.omniconnect.com.vn\/\",\"name\":\"OMNICONNECT\",\"description\":\"\",\"potentialAction\":[{\"@type\":\"SearchAction\",\"target\":{\"@type\":\"EntryPoint\",\"urlTemplate\":\"https:\/\/www.omniconnect.com.vn\/?s={search_term_string}\"},\"query-input\":{\"@type\":\"PropertyValueSpecification\",\"valueRequired\":true,\"valueName\":\"search_term_string\"}}],\"inLanguage\":\"en-US\"}]}<\/script>\n<!-- \/ Yoast SEO plugin. -->","yoast_head_json":{"title":"OmniAccess Stellar AP1451 - OMNICONNECT","robots":{"index":"index","follow":"follow","max-snippet":"max-snippet:-1","max-image-preview":"max-image-preview:large","max-video-preview":"max-video-preview:-1"},"canonical":"https:\/\/www.omniconnect.com.vn\/?product=omniaccess-stellar-ap1451","og_locale":"en_US","og_type":"article","og_title":"OmniAccess Stellar AP1451 - OMNICONNECT","og_description":"OAW-AP1451-RW \u2013 Alcatel-Lucent AP1451 Wi-Fi 6E Indoor Access Point :   Tri Radio, 6 GHz 4\u00d74:4, 5 GHz 8\u00d78:8, and 2.4 GHz 4\u00d74:4  1 x scanning, BLE\/Zigbee radio  2 x multi-Gigabit 1\/2.5\/5\/10Gig ports, 802.3bt compliant  Integrated omni antenna","og_url":"https:\/\/www.omniconnect.com.vn\/?product=omniaccess-stellar-ap1451","og_site_name":"OMNICONNECT","article_modified_time":"2025-12-15T10:55:50+00:00","og_image":[{"width":480,"height":480,"url":"https:\/\/www.omniconnect.com.vn\/wp-content\/uploads\/2024\/08\/oaw-ap1451-product-image-480x480-f-l.png","type":"image\/png"}],"twitter_card":"summary_large_image","twitter_misc":{"Est. reading time":"3 minutes"},"schema":{"@context":"https:\/\/schema.org","@graph":[{"@type":"WebPage","@id":"https:\/\/www.omniconnect.com.vn\/?product=omniaccess-stellar-ap1451","url":"https:\/\/www.omniconnect.com.vn\/?product=omniaccess-stellar-ap1451","name":"OmniAccess Stellar AP1451 - OMNICONNECT","isPartOf":{"@id":"https:\/\/www.omniconnect.com.vn\/#website"},"primaryImageOfPage":{"@id":"https:\/\/www.omniconnect.com.vn\/?product=omniaccess-stellar-ap1451#primaryimage"},"image":{"@id":"https:\/\/www.omniconnect.com.vn\/?product=omniaccess-stellar-ap1451#primaryimage"},"thumbnailUrl":"https:\/\/www.omniconnect.com.vn\/wp-content\/uploads\/2024\/08\/oaw-ap1451-product-image-480x480-f-l.png","datePublished":"2024-08-28T12:39:54+00:00","dateModified":"2025-12-15T10:55:50+00:00","breadcrumb":{"@id":"https:\/\/www.omniconnect.com.vn\/?product=omniaccess-stellar-ap1451#breadcrumb"},"inLanguage":"en-US","potentialAction":[{"@type":"ReadAction","target":["https:\/\/www.omniconnect.com.vn\/?product=omniaccess-stellar-ap1451"]}]},{"@type":"ImageObject","inLanguage":"en-US","@id":"https:\/\/www.omniconnect.com.vn\/?product=omniaccess-stellar-ap1451#primaryimage","url":"https:\/\/www.omniconnect.com.vn\/wp-content\/uploads\/2024\/08\/oaw-ap1451-product-image-480x480-f-l.png","contentUrl":"https:\/\/www.omniconnect.com.vn\/wp-content\/uploads\/2024\/08\/oaw-ap1451-product-image-480x480-f-l.png","width":480,"height":480},{"@type":"BreadcrumbList","@id":"https:\/\/www.omniconnect.com.vn\/?product=omniaccess-stellar-ap1451#breadcrumb","itemListElement":[{"@type":"ListItem","position":1,"name":"Home","item":"https:\/\/www.omniconnect.com.vn\/"},{"@type":"ListItem","position":2,"name":"Sample Page","item":"https:\/\/www.omniconnect.com.vn\/?page_id=2"},{"@type":"ListItem","position":3,"name":"OmniAccess Stellar AP1451"}]},{"@type":"WebSite","@id":"https:\/\/www.omniconnect.com.vn\/#website","url":"https:\/\/www.omniconnect.com.vn\/","name":"OMNICONNECT","description":"","potentialAction":[{"@type":"SearchAction","target":{"@type":"EntryPoint","urlTemplate":"https:\/\/www.omniconnect.com.vn\/?s={search_term_string}"},"query-input":{"@type":"PropertyValueSpecification","valueRequired":true,"valueName":"search_term_string"}}],"inLanguage":"en-US"}]}},"_links":{"self":[{"href":"https:\/\/www.omniconnect.com.vn\/index.php?rest_route=\/wp\/v2\/product\/2981","targetHints":{"allow":["GET"]}}],"collection":[{"href":"https:\/\/www.omniconnect.com.vn\/index.php?rest_route=\/wp\/v2\/product"}],"about":[{"href":"https:\/\/www.omniconnect.com.vn\/index.php?rest_route=\/wp\/v2\/types\/product"}],"replies":[{"embeddable":true,"href":"https:\/\/www.omniconnect.com.vn\/index.php?rest_route=%2Fwp%2Fv2%2Fcomments&post=2981"}],"wp:featuredmedia":[{"embeddable":true,"href":"https:\/\/www.omniconnect.com.vn\/index.php?rest_route=\/wp\/v2\/media\/3708"}],"wp:attachment":[{"href":"https:\/\/www.omniconnect.com.vn\/index.php?rest_route=%2Fwp%2Fv2%2Fmedia&parent=2981"}],"wp:term":[{"taxonomy":"product_brand","embeddable":true,"href":"https:\/\/www.omniconnect.com.vn\/index.php?rest_route=%2Fwp%2Fv2%2Fproduct_brand&post=2981"},{"taxonomy":"product_cat","embeddable":true,"href":"https:\/\/www.omniconnect.com.vn\/index.php?rest_route=%2Fwp%2Fv2%2Fproduct_cat&post=2981"},{"taxonomy":"product_tag","embeddable":true,"href":"https:\/\/www.omniconnect.com.vn\/index.php?rest_route=%2Fwp%2Fv2%2Fproduct_tag&post=2981"}],"curies":[{"name":"wp","href":"https:\/\/api.w.org\/{rel}","templated":true}]}}