{"id":2982,"date":"2024-08-28T12:42:43","date_gmt":"2024-08-28T12:42:43","guid":{"rendered":"https:\/\/www.omniconnect.com.vn\/?post_type=product&#038;p=2982"},"modified":"2024-08-28T12:49:36","modified_gmt":"2024-08-28T12:49:36","slug":"omniaccess-stellar-ap1431","status":"publish","type":"product","link":"https:\/\/www.omniconnect.com.vn\/?product=omniaccess-stellar-ap1431","title":{"rendered":"OmniAccess Stellar AP1431"},"content":{"rendered":"<div class=\"woocommerce-tabs wc-tabs-wrapper\">\n<div id=\"tab-description\" class=\"woocommerce-Tabs-panel woocommerce-Tabs-panel--description panel entry-content wc-tab\" role=\"tabpanel\" aria-labelledby=\"tab-title-description\">\n<div class=\"col-sm-12 tabdetail\">\n<div class=\"\">\n<div role=\"tabpanel\">\n<div class=\"tab-content\">\n<div id=\"home\" class=\"tab-pane active content_pro wow fadeIn animated\" role=\"tabpanel\">\n<p><strong>Wi-Fi 6E Alcatel-Lucent OmniAccess Stellar AP1431 Indoor Access Point (OAW-AP1431-RW)<\/strong><\/p>\n<table class=\"table table-bordered\" border=\"1\" cellspacing=\"2\" cellpadding=\"2\">\n<tbody>\n<tr>\n<td><strong>Model<\/strong><\/td>\n<td><strong>AP1431 (OAW-AP1431-RW)<\/strong><\/td>\n<\/tr>\n<tr>\n<td><strong>Radio Specification<\/strong><\/td>\n<td>\u2022\u00a0<strong>AP type:<\/strong>\u00a0Indoor Wi-Fi 6E (802.11ax)<br \/>\n\u2022 Tri Radio, 6 GHz High 2\u00d72:2, 5 GHz 2\u00d72:2 and 2.4 GHz 2\u00d72:2<br \/>\n\u2022\u00a0<strong>6 GHz:\u00a0<\/strong>2\u00d72:2 up to 2.4Gbps wireless data rate to individual 2SS HE160 802.11ax client devices.<br \/>\n\u2022\u00a0<strong>5 GHz:<\/strong>\u00a02\u00d72:2 up to 1.2Gbps wireless data rate to individual 2SS HE80 802.11ax client devices.<br \/>\n\u2022\u00a0<strong>2.4 GHz:<\/strong>\u00a02\u00d72:2 up to 574Mbps wireless data rate to individual 2SS HE40 802.11ax client devices.<\/td>\n<\/tr>\n<tr>\n<td><strong>Interfaces<\/strong><\/td>\n<td>\u2022 2 x multi-Gigabit 2.5\/1 GE autosensing (RJ-45) ports, Eth0-Eth1, Power over Ethernet (PoE) 802.3bt compliant<br \/>\n\u2022 1 x USB 3.0 Type A (5V, 1A)<br \/>\n\u2022 Console<br \/>\n\u2022 Reset button: Factory reset<\/td>\n<\/tr>\n<tr>\n<td><strong>Visual Indicators (Tri-colour LED)<\/strong><\/td>\n<td>For system and radio status<br \/>\n\u2022 Red flashing: System abnormal, link down<br \/>\n\u2022 Red light: System startup<br \/>\n\u2022 Red and blue rotate flashing: System running, OS upgrading<br \/>\n\u2022 Blue light: System running, dual bands working<br \/>\n\u2022 Green flashing: System running, no SSID created<br \/>\n\u2022 Green light: System running, single band working<br \/>\n\u2022 Red, blue and green rotate flashing<br \/>\n\u2022 System running, use for location of an AP<\/td>\n<\/tr>\n<tr>\n<td><strong>Security<\/strong><\/td>\n<td>\u2022 Integrated Trusted Platform Module (TPM 2.0) for secure storage of credentials and keys<br \/>\n\u2022 802.11i, WPA2, WPA3, Enterprise with CNSA Option, Personal (SAE)<br \/>\n\u2022 802.1X<br \/>\n\u2022 WEP, Advanced Encryption Standard (AES), Temporal Key Integrity Protocol (TKIP)<br \/>\n\u2022 Firewall: ACL, wIPS\/wIDS and DPI application policy enforcement with OmniVista Portal page authentication<\/td>\n<\/tr>\n<tr>\n<td><strong>Antenna<\/strong><\/td>\n<td>\u2022 Integrated omni-directional antennas with maximum antenna gain of 4.1dBi in 2.4 GHz, 4.5dBi in 5 GHz and 4.7dBi in 6 GHz<\/td>\n<\/tr>\n<tr>\n<td><strong>Power<\/strong><\/td>\n<td>\u2022 Supports direct DC power and Power over Ethernet (PoE)<br \/>\n\u2022 When both power sources are available, DC power takes priority over PoE<br \/>\n\u2022 Direct DC source: 48 V DC nominal, +\/- 5%<br \/>\n\u2022 Power over Ethernet (PoE): IEEE 802.3bt compliant source<br \/>\n\u2022 Maximum (worst case) power consumption:<br \/>\n\u2013 34W (singe input IEEE 802.3bt or dual input IEEE 802.3at POE); Unrestricted functionality<br \/>\n\u2013 25W (single input IEEE 802.3at POE); The USB port is disabled<\/td>\n<\/tr>\n<tr>\n<td><strong>Mounting<\/strong><\/td>\n<td>\u2022 Ceiling\/wall mounting (Mount kit needs to be ordered separately)<\/td>\n<\/tr>\n<tr>\n<td><strong>Environmental<\/strong><\/td>\n<td>\u2022 Operating Temperature: 0\u00b0C to 45\u00b0C<br \/>\n\u2022 Humidity: 5% to 95% non-condensing<br \/>\n\u2022 Storage and transportation: Temperature: -40\u00b0C to +70\u00b0C<\/td>\n<\/tr>\n<tr>\n<td><strong>Dimensions\/Weight<\/strong><\/td>\n<td>\u2022 Single AP excluding packing box and accessories:<br \/>\n\u2013 210mm (W) x 210mm (D) x 40mm (H)<br \/>\n\u2013 1020g<br \/>\n\u2022 Single AP including packing box and accessories:<br \/>\n\u2013 238mm (W) x 237mm (D) x 69mm (H)<br \/>\n\u2013 1270g<\/td>\n<\/tr>\n<tr>\n<td><strong>Reliability<\/strong><\/td>\n<td>\u2022 MTBF: TBA at +25\u00baC operating temperature<\/td>\n<\/tr>\n<tr>\n<td><strong>Capacity<\/strong><\/td>\n<td>\u2022 Up to 16 SSID\/Radio (limited to 4 for 6GHz radio). Support for up to 512 associated client devices per radio<\/td>\n<\/tr>\n<tr>\n<td><strong>Software feature<\/strong><\/td>\n<td>\u2022 Up to 4K APs when managed by OV2500. No limit on number of AP groups<br \/>\n\u2022 Up to 255 APs per web managed (HTTP\/ HTTPS) cluster<br \/>\n\u2022 Auto channel selection<br \/>\n\u2022 Auto transmit power control<br \/>\n\u2022 Bandwidth control per SSID<br \/>\n\u2022 L2 roaming<br \/>\n\u2022 L3 roaming with OmniVista 2500<br \/>\n\u2022 Captive portal (Internal\/External)<br \/>\n\u2022 Guest self-registration optional SMS notification) with OmniVista 2500<br \/>\n\u2022 Internal user database<br \/>\n\u2022 RADIUS client<br \/>\n\u2022 Guest social-login with OmniVista 2500<br \/>\n\u2022 RADIUS proxy authentication with OmniVista 2500<br \/>\n\u2022 LDAP\/AD proxy authentication with OmniVista 2500<br \/>\n\u2022 Wireless QoS<br \/>\n\u2022 Band steering<br \/>\n\u2022 Client smart load balance<br \/>\n\u2022 Client sticky avoidance<br \/>\n\u2022 User behaviour tracking<br \/>\n\u2022 White\/Block list<br \/>\n\u2022 Zero-touch provisioning (ZTP)<br \/>\n\u2022 NTP Client<br \/>\n\u2022 ACL<br \/>\n\u2022 DHCP\/DNS\/NAT<br \/>\n\u2022 Wireless MESH P2P\/P2MP<br \/>\n\u2022 Wireless Bridge<br \/>\n\u2022 Rogue AP location and containment<br \/>\n\u2022 Dedicated Scanning AP<br \/>\n\u2022 System log report<br \/>\n\u2022 SSHv2<br \/>\n\u2022 SNMPv2, SNMPv3<br \/>\n\u2022 Wireless attack detection with OmniVista 2500<br \/>\n\u2022 Floor plan and heat map with OmniVista 2500<br \/>\n\u2022 Stanley Healthcare\/Aeroscout RTLS support<\/td>\n<\/tr>\n<\/tbody>\n<\/table>\n<\/div>\n<\/div>\n<\/div>\n<\/div>\n<\/div>\n<p>&nbsp;<\/p>\n<\/div>\n<\/div>\n<section class=\"related products\">\n<h2><\/h2>\n<\/section>\n","protected":false},"excerpt":{"rendered":"<p>OAW-AP1431-RW \u2013 Alcatel-Lucent AP1431 Indoor Wi-Fi 6E Access Point :<\/p>\n<ul>\n<li>Tri radio 2.4+5+6GHz 2\u00d72 Wi-Fi 6E<\/li>\n<li>2 x 2.5GE (PoE) 802.3bt<\/li>\n<li>Integrated omniantenna<\/li>\n<li>BLE\/Zigbee radio<\/li>\n<\/ul>\n","protected":false},"featured_media":2983,"comment_status":"open","ping_status":"closed","template":"","meta":[],"product_brand":[],"product_cat":[41],"product_tag":[],"class_list":{"0":"post-2982","1":"product","2":"type-product","3":"status-publish","4":"has-post-thumbnail","6":"product_cat-stellar-802-11ax-wi-fi-6","8":"first","9":"instock","10":"shipping-taxable","11":"product-type-simple"},"yoast_head":"<!-- This site is optimized with the Yoast SEO plugin v26.5 - https:\/\/yoast.com\/wordpress\/plugins\/seo\/ -->\n<title>OmniAccess Stellar AP1431 - OMNICONNECT<\/title>\n<meta name=\"robots\" content=\"index, follow, max-snippet:-1, max-image-preview:large, max-video-preview:-1\" \/>\n<link rel=\"canonical\" href=\"https:\/\/www.omniconnect.com.vn\/?product=omniaccess-stellar-ap1431\" \/>\n<meta property=\"og:locale\" content=\"en_US\" \/>\n<meta property=\"og:type\" content=\"article\" \/>\n<meta property=\"og:title\" content=\"OmniAccess Stellar AP1431 - OMNICONNECT\" \/>\n<meta property=\"og:description\" content=\"OAW-AP1431-RW \u2013 Alcatel-Lucent AP1431 Indoor Wi-Fi 6E Access Point :   Tri radio 2.4+5+6GHz 2\u00d72 Wi-Fi 6E  2 x 2.5GE (PoE) 802.3bt  Integrated omniantenna  BLE\/Zigbee radio\" \/>\n<meta property=\"og:url\" content=\"https:\/\/www.omniconnect.com.vn\/?product=omniaccess-stellar-ap1431\" \/>\n<meta property=\"og:site_name\" content=\"OMNICONNECT\" \/>\n<meta property=\"article:modified_time\" content=\"2024-08-28T12:49:36+00:00\" \/>\n<meta property=\"og:image\" content=\"https:\/\/www.omniconnect.com.vn\/wp-content\/uploads\/2024\/08\/oaw-ap1431-fr-480x480-1.png\" \/>\n\t<meta property=\"og:image:width\" content=\"480\" \/>\n\t<meta property=\"og:image:height\" content=\"480\" \/>\n\t<meta property=\"og:image:type\" content=\"image\/png\" \/>\n<meta name=\"twitter:card\" content=\"summary_large_image\" \/>\n<meta name=\"twitter:label1\" content=\"Est. reading time\" \/>\n\t<meta name=\"twitter:data1\" content=\"3 minutes\" \/>\n<script type=\"application\/ld+json\" class=\"yoast-schema-graph\">{\"@context\":\"https:\/\/schema.org\",\"@graph\":[{\"@type\":\"WebPage\",\"@id\":\"https:\/\/www.omniconnect.com.vn\/?product=omniaccess-stellar-ap1431\",\"url\":\"https:\/\/www.omniconnect.com.vn\/?product=omniaccess-stellar-ap1431\",\"name\":\"OmniAccess Stellar AP1431 - OMNICONNECT\",\"isPartOf\":{\"@id\":\"https:\/\/www.omniconnect.com.vn\/#website\"},\"primaryImageOfPage\":{\"@id\":\"https:\/\/www.omniconnect.com.vn\/?product=omniaccess-stellar-ap1431#primaryimage\"},\"image\":{\"@id\":\"https:\/\/www.omniconnect.com.vn\/?product=omniaccess-stellar-ap1431#primaryimage\"},\"thumbnailUrl\":\"https:\/\/www.omniconnect.com.vn\/wp-content\/uploads\/2024\/08\/oaw-ap1431-fr-480x480-1.png\",\"datePublished\":\"2024-08-28T12:42:43+00:00\",\"dateModified\":\"2024-08-28T12:49:36+00:00\",\"breadcrumb\":{\"@id\":\"https:\/\/www.omniconnect.com.vn\/?product=omniaccess-stellar-ap1431#breadcrumb\"},\"inLanguage\":\"en-US\",\"potentialAction\":[{\"@type\":\"ReadAction\",\"target\":[\"https:\/\/www.omniconnect.com.vn\/?product=omniaccess-stellar-ap1431\"]}]},{\"@type\":\"ImageObject\",\"inLanguage\":\"en-US\",\"@id\":\"https:\/\/www.omniconnect.com.vn\/?product=omniaccess-stellar-ap1431#primaryimage\",\"url\":\"https:\/\/www.omniconnect.com.vn\/wp-content\/uploads\/2024\/08\/oaw-ap1431-fr-480x480-1.png\",\"contentUrl\":\"https:\/\/www.omniconnect.com.vn\/wp-content\/uploads\/2024\/08\/oaw-ap1431-fr-480x480-1.png\",\"width\":480,\"height\":480},{\"@type\":\"BreadcrumbList\",\"@id\":\"https:\/\/www.omniconnect.com.vn\/?product=omniaccess-stellar-ap1431#breadcrumb\",\"itemListElement\":[{\"@type\":\"ListItem\",\"position\":1,\"name\":\"Home\",\"item\":\"https:\/\/www.omniconnect.com.vn\/\"},{\"@type\":\"ListItem\",\"position\":2,\"name\":\"Sample Page\",\"item\":\"https:\/\/www.omniconnect.com.vn\/?page_id=2\"},{\"@type\":\"ListItem\",\"position\":3,\"name\":\"OmniAccess Stellar AP1431\"}]},{\"@type\":\"WebSite\",\"@id\":\"https:\/\/www.omniconnect.com.vn\/#website\",\"url\":\"https:\/\/www.omniconnect.com.vn\/\",\"name\":\"OMNICONNECT\",\"description\":\"\",\"potentialAction\":[{\"@type\":\"SearchAction\",\"target\":{\"@type\":\"EntryPoint\",\"urlTemplate\":\"https:\/\/www.omniconnect.com.vn\/?s={search_term_string}\"},\"query-input\":{\"@type\":\"PropertyValueSpecification\",\"valueRequired\":true,\"valueName\":\"search_term_string\"}}],\"inLanguage\":\"en-US\"}]}<\/script>\n<!-- \/ Yoast SEO plugin. -->","yoast_head_json":{"title":"OmniAccess Stellar AP1431 - OMNICONNECT","robots":{"index":"index","follow":"follow","max-snippet":"max-snippet:-1","max-image-preview":"max-image-preview:large","max-video-preview":"max-video-preview:-1"},"canonical":"https:\/\/www.omniconnect.com.vn\/?product=omniaccess-stellar-ap1431","og_locale":"en_US","og_type":"article","og_title":"OmniAccess Stellar AP1431 - OMNICONNECT","og_description":"OAW-AP1431-RW \u2013 Alcatel-Lucent AP1431 Indoor Wi-Fi 6E Access Point :   Tri radio 2.4+5+6GHz 2\u00d72 Wi-Fi 6E  2 x 2.5GE (PoE) 802.3bt  Integrated omniantenna  BLE\/Zigbee radio","og_url":"https:\/\/www.omniconnect.com.vn\/?product=omniaccess-stellar-ap1431","og_site_name":"OMNICONNECT","article_modified_time":"2024-08-28T12:49:36+00:00","og_image":[{"width":480,"height":480,"url":"https:\/\/www.omniconnect.com.vn\/wp-content\/uploads\/2024\/08\/oaw-ap1431-fr-480x480-1.png","type":"image\/png"}],"twitter_card":"summary_large_image","twitter_misc":{"Est. reading time":"3 minutes"},"schema":{"@context":"https:\/\/schema.org","@graph":[{"@type":"WebPage","@id":"https:\/\/www.omniconnect.com.vn\/?product=omniaccess-stellar-ap1431","url":"https:\/\/www.omniconnect.com.vn\/?product=omniaccess-stellar-ap1431","name":"OmniAccess Stellar AP1431 - OMNICONNECT","isPartOf":{"@id":"https:\/\/www.omniconnect.com.vn\/#website"},"primaryImageOfPage":{"@id":"https:\/\/www.omniconnect.com.vn\/?product=omniaccess-stellar-ap1431#primaryimage"},"image":{"@id":"https:\/\/www.omniconnect.com.vn\/?product=omniaccess-stellar-ap1431#primaryimage"},"thumbnailUrl":"https:\/\/www.omniconnect.com.vn\/wp-content\/uploads\/2024\/08\/oaw-ap1431-fr-480x480-1.png","datePublished":"2024-08-28T12:42:43+00:00","dateModified":"2024-08-28T12:49:36+00:00","breadcrumb":{"@id":"https:\/\/www.omniconnect.com.vn\/?product=omniaccess-stellar-ap1431#breadcrumb"},"inLanguage":"en-US","potentialAction":[{"@type":"ReadAction","target":["https:\/\/www.omniconnect.com.vn\/?product=omniaccess-stellar-ap1431"]}]},{"@type":"ImageObject","inLanguage":"en-US","@id":"https:\/\/www.omniconnect.com.vn\/?product=omniaccess-stellar-ap1431#primaryimage","url":"https:\/\/www.omniconnect.com.vn\/wp-content\/uploads\/2024\/08\/oaw-ap1431-fr-480x480-1.png","contentUrl":"https:\/\/www.omniconnect.com.vn\/wp-content\/uploads\/2024\/08\/oaw-ap1431-fr-480x480-1.png","width":480,"height":480},{"@type":"BreadcrumbList","@id":"https:\/\/www.omniconnect.com.vn\/?product=omniaccess-stellar-ap1431#breadcrumb","itemListElement":[{"@type":"ListItem","position":1,"name":"Home","item":"https:\/\/www.omniconnect.com.vn\/"},{"@type":"ListItem","position":2,"name":"Sample Page","item":"https:\/\/www.omniconnect.com.vn\/?page_id=2"},{"@type":"ListItem","position":3,"name":"OmniAccess Stellar AP1431"}]},{"@type":"WebSite","@id":"https:\/\/www.omniconnect.com.vn\/#website","url":"https:\/\/www.omniconnect.com.vn\/","name":"OMNICONNECT","description":"","potentialAction":[{"@type":"SearchAction","target":{"@type":"EntryPoint","urlTemplate":"https:\/\/www.omniconnect.com.vn\/?s={search_term_string}"},"query-input":{"@type":"PropertyValueSpecification","valueRequired":true,"valueName":"search_term_string"}}],"inLanguage":"en-US"}]}},"_links":{"self":[{"href":"https:\/\/www.omniconnect.com.vn\/index.php?rest_route=\/wp\/v2\/product\/2982","targetHints":{"allow":["GET"]}}],"collection":[{"href":"https:\/\/www.omniconnect.com.vn\/index.php?rest_route=\/wp\/v2\/product"}],"about":[{"href":"https:\/\/www.omniconnect.com.vn\/index.php?rest_route=\/wp\/v2\/types\/product"}],"replies":[{"embeddable":true,"href":"https:\/\/www.omniconnect.com.vn\/index.php?rest_route=%2Fwp%2Fv2%2Fcomments&post=2982"}],"wp:featuredmedia":[{"embeddable":true,"href":"https:\/\/www.omniconnect.com.vn\/index.php?rest_route=\/wp\/v2\/media\/2983"}],"wp:attachment":[{"href":"https:\/\/www.omniconnect.com.vn\/index.php?rest_route=%2Fwp%2Fv2%2Fmedia&parent=2982"}],"wp:term":[{"taxonomy":"product_brand","embeddable":true,"href":"https:\/\/www.omniconnect.com.vn\/index.php?rest_route=%2Fwp%2Fv2%2Fproduct_brand&post=2982"},{"taxonomy":"product_cat","embeddable":true,"href":"https:\/\/www.omniconnect.com.vn\/index.php?rest_route=%2Fwp%2Fv2%2Fproduct_cat&post=2982"},{"taxonomy":"product_tag","embeddable":true,"href":"https:\/\/www.omniconnect.com.vn\/index.php?rest_route=%2Fwp%2Fv2%2Fproduct_tag&post=2982"}],"curies":[{"name":"wp","href":"https:\/\/api.w.org\/{rel}","templated":true}]}}